{"id":1135,"date":"2024-10-01T14:54:50","date_gmt":"2024-10-01T14:54:50","guid":{"rendered":"https:\/\/reverbdata.ipl.pt\/?page_id=1135"},"modified":"2025-11-13T00:18:24","modified_gmt":"2025-11-13T00:18:24","slug":"lourinha-mercy-church","status":"publish","type":"page","link":"https:\/\/reverbdata.ipl.pt\/pt\/reverbdata\/lourinha-mercy-church\/","title":{"rendered":"Igreja da Miseric\u00f3rdia da Lourinh\u00e3"},"content":{"rendered":"<div class=\"wp-block-group has-global-padding is-layout-constrained wp-container-core-group-is-layout-1746d7f9 wp-block-group-is-layout-constrained\" style=\"min-height:0px;padding-top:0;padding-right:0;padding-bottom:0;padding-left:0\">\n<div class=\"wp-block-group has-global-padding is-layout-constrained wp-container-core-group-is-layout-67eb8b2f wp-block-group-is-layout-constrained\" style=\"min-height:0px;margin-top:0;margin-bottom:0;padding-right:0;padding-left:0\">\n<div class=\"wp-block-columns is-layout-flex wp-container-core-columns-is-layout-e7da8a79 wp-block-columns-is-layout-flex\" style=\"border-style:none;border-width:0px;padding-right:0;padding-left:0\">\n<div class=\"wp-block-column has-global-padding is-layout-constrained wp-block-column-is-layout-constrained\" style=\"flex-basis:50%\"><h3 class=\"has-link-color wp-elements-d2e51c92208a6a2a5b724660ce272c42 wp-block-post-title has-text-color has-custom-color-1-color\">Igreja da Miseric\u00f3rdia da Lourinh\u00e3<\/h3>\n\n\n<figure class=\"wp-block-image size-full\"><img loading=\"lazy\" decoding=\"async\" width=\"2560\" height=\"1920\" src=\"https:\/\/reverbdata.ipl.pt\/wp-content\/uploads\/2024\/10\/20240918_130931-scaled.jpg\" alt=\"\" class=\"wp-image-1155\" srcset=\"https:\/\/reverbdata.ipl.pt\/wp-content\/uploads\/2024\/10\/20240918_130931-scaled.jpg 2560w, https:\/\/reverbdata.ipl.pt\/wp-content\/uploads\/2024\/10\/20240918_130931-300x225.jpg 300w, https:\/\/reverbdata.ipl.pt\/wp-content\/uploads\/2024\/10\/20240918_130931-1024x768.jpg 1024w, https:\/\/reverbdata.ipl.pt\/wp-content\/uploads\/2024\/10\/20240918_130931-768x576.jpg 768w, https:\/\/reverbdata.ipl.pt\/wp-content\/uploads\/2024\/10\/20240918_130931-1536x1152.jpg 1536w, https:\/\/reverbdata.ipl.pt\/wp-content\/uploads\/2024\/10\/20240918_130931-2048x1536.jpg 2048w, https:\/\/reverbdata.ipl.pt\/wp-content\/uploads\/2024\/10\/20240918_130931-16x12.jpg 16w, https:\/\/reverbdata.ipl.pt\/wp-content\/uploads\/2024\/10\/20240918_130931-200x150.jpg 200w\" sizes=\"auto, (max-width: 2560px) 100vw, 2560px\" \/><\/figure>\n\n\n\n<p class=\"justify-text has-body-text-color has-text-color has-link-color wp-elements-eaf0eb44c24979cc10fb874b16d5e80d\">A Igreja da Miseric\u00f3rdia da Lourinh\u00e3 \u00e9 um templo de caracter\u00edsticas renascentistas, de uma s\u00f3 nave, tipo sal\u00e3o, com tecto de tr\u00eas panos animados por caixot\u00f5es (maceira) com vest\u00edgios de policromia, e paredes estucadas. O coro alto \u00e9 sustentado por duas colunas de pedra, com pias de \u00e1gua benta circulares incorporadas nos fustes. Tem dimens\u00f5es aproximadas de 18m x 7.5m x 7.2m.<\/p>\n\n\n\n<p class=\"justify-text has-body-text-color has-text-color has-link-color wp-elements-08b1b0191b5264209d168f8216e8a95c\">O altar-mor situado num plano superior, possui ao centro um ret\u00e1bulo do s\u00e9culo XVIII com escudo de D. Jo\u00e3o V, ladeado por duas telas que representam Nossa Senhora da Piedade e Nossa Senhora da Miseric\u00f3rdia. Estas telas constitu\u00edram a primeira Bandeira Real da Santa Casa da Miseric\u00f3rdia da Lourinh\u00e3. Na base do altar vemos uma imagem em tamanho natural de Cristo no t\u00famulo, que todos os anos sai na Prociss\u00e3o do Enterro do Senhor. Ao lado da Ep\u00edstola destacam-se a Tribuna dos Mes\u00e1rios com 13 lugares (cadeiral), uma obra do s\u00e9culo XVIII, encimada com as armas de D. Jo\u00e3o V, e a cadeira de espaldar trabalhado do Provedor\/a. Em frente, a capela do Senhor dos Passos, com ret\u00e1bulo em talha dourada.<\/p>\n<\/div>\n\n\n\n<div class=\"wp-block-column has-global-padding is-layout-constrained wp-block-column-is-layout-constrained\" style=\"padding-top:3rem;padding-bottom:0;flex-basis:60%\">\n<h5 class=\"wp-block-heading has-text-align-left has-custom-color-1-color has-text-color has-link-color wp-elements-0af1a90c92a9bc15e815f0249dc07532\" style=\"padding-top:0rem;padding-bottom:0rem\">Pontos de medi\u00e7\u00e3o e localiza\u00e7\u00e3o da fonte ac\u00fastica<\/h5>\n\n\n\n<p class=\"justify-text has-body-text-color has-text-color has-link-color wp-elements-1081cd4aafb38296f88b419605e87dc3\">A fonte sonora foi colocada no p\u00falpito e no meio do coro alto. As aquisi\u00e7\u00f5es e registos ac\u00fasticos foram realizados em cinco locais da Igreja: quatro localizados na \u00e1rea prevista para os fi\u00e9is, na nave, e um localizado na Tribuna dos Eleitores (cadeiral).<\/p>\n\n\n\n<figure class=\"wp-block-image alignwide size-full\"><img loading=\"lazy\" decoding=\"async\" width=\"1771\" height=\"2875\" src=\"https:\/\/reverbdata.ipl.pt\/wp-content\/uploads\/2024\/10\/Lourinha_Church.png\" alt=\"\" class=\"wp-image-1138\" srcset=\"https:\/\/reverbdata.ipl.pt\/wp-content\/uploads\/2024\/10\/Lourinha_Church.png 1771w, https:\/\/reverbdata.ipl.pt\/wp-content\/uploads\/2024\/10\/Lourinha_Church-185x300.png 185w, https:\/\/reverbdata.ipl.pt\/wp-content\/uploads\/2024\/10\/Lourinha_Church-631x1024.png 631w, https:\/\/reverbdata.ipl.pt\/wp-content\/uploads\/2024\/10\/Lourinha_Church-768x1247.png 768w, https:\/\/reverbdata.ipl.pt\/wp-content\/uploads\/2024\/10\/Lourinha_Church-946x1536.png 946w, https:\/\/reverbdata.ipl.pt\/wp-content\/uploads\/2024\/10\/Lourinha_Church-1262x2048.png 1262w, https:\/\/reverbdata.ipl.pt\/wp-content\/uploads\/2024\/10\/Lourinha_Church-7x12.png 7w, https:\/\/reverbdata.ipl.pt\/wp-content\/uploads\/2024\/10\/Lourinha_Church-200x325.png 200w\" sizes=\"auto, (max-width: 1771px) 100vw, 1771px\" \/><\/figure>\n<\/div>\n<\/div>\n<\/div>\n\n\n\n<div class=\"wp-block-group has-global-padding is-layout-constrained wp-block-group-is-layout-constrained\">\n<div style=\"height:10px\" aria-hidden=\"true\" class=\"wp-block-spacer\"><\/div>\n\n\n\n<h3 class=\"wp-block-heading has-custom-color-1-color has-text-color has-link-color wp-elements-01bca5ce57de3daa64864e37b5fec474\">Ficheiros de \u00c1udio de Demonstra\u00e7\u00e3o<\/h3>\n\n\n\n<h6 class=\"wp-block-heading has-custom-color-1-color has-text-color has-link-color wp-elements-5d0b8381b06338b31183daec91eb03ed\">\"Discurso masculino e feminino\" -&gt; Original<\/h6>\n\n\n\n<figure class=\"wp-block-audio\"><audio controls src=\"https:\/\/reverbdata.ipl.pt\/wp-content\/uploads\/2024\/10\/Male_and_Female_speech_40s.wav\"><\/audio><\/figure>\n\n\n\n<h6 class=\"wp-block-heading has-custom-color-1-color has-text-color has-link-color wp-elements-80505ec05fcab08737b30cdef42b6a7e\">\"Discurso masculino e feminino\" -&gt; Processado em Est\u00e9reo<\/h6>\n\n\n\n<figure class=\"wp-block-audio\"><audio controls src=\"https:\/\/reverbdata.ipl.pt\/wp-content\/uploads\/2025\/04\/Male_and_Female_speech_Stereo_40s-8.wav\"><\/audio><figcaption class=\"wp-element-caption\">Fonte Ac\u00fastica no P\u00falpito e Sistema de Aquisi\u00e7\u00e3o na posi\u00e7\u00e3o 3; T<sub>30,wide<\/sub>\u00a0= 1.49 s<\/figcaption><\/figure>\n\n\n\n<h6 class=\"wp-block-heading has-custom-color-1-color has-text-color has-link-color wp-elements-38add5d4e3ba7495cf5b907e61d1b2c2\">\"Discurso masculino e feminino\" -&gt; Processado em Binaural (usar headphones)<\/h6>\n\n\n\n<figure class=\"wp-block-audio\"><audio controls src=\"https:\/\/reverbdata.ipl.pt\/wp-content\/uploads\/2025\/04\/Male_and_Female_speech_Binaural_40s-7.wav\"><\/audio><figcaption class=\"wp-element-caption\">Fonte Ac\u00fastica no P\u00falpito e Sistema de Aquisi\u00e7\u00e3o na posi\u00e7\u00e3o 3; T<sub>30,wide<\/sub>\u00a0= 1.49 s<\/figcaption><\/figure>\n\n\n\n<h6 class=\"wp-block-heading has-custom-color-1-color has-text-color has-link-color wp-elements-8b021da4f6891343264ec4075f892193\">\u201cGuitar_Capriccio_Arabe_Tarrega\u201d -&gt; Original<\/h6>\n\n\n\n<figure class=\"wp-block-audio\"><audio controls src=\"https:\/\/reverbdata.ipl.pt\/wp-content\/uploads\/2024\/10\/Guitar_Capriccio_Arabe_Tarrega_40s.wav\"><\/audio><\/figure>\n\n\n\n<h6 class=\"wp-block-heading has-custom-color-1-color has-text-color has-link-color wp-elements-da811de222d07d25a08b3306dca9165a\">\u201cGuitar_Capriccio_Arabe_Tarrega\u201d -&gt; Processado em Est\u00e9reo<\/h6>\n\n\n\n<figure class=\"wp-block-audio\"><audio controls src=\"https:\/\/reverbdata.ipl.pt\/wp-content\/uploads\/2025\/04\/Guitar_Capriccio_Arabe_Tarrega_Stereo_40s-7.wav\"><\/audio><figcaption class=\"wp-element-caption\">Fonte Ac\u00fastica no P\u00falpito e Sistema de Aquisi\u00e7\u00e3o na posi\u00e7\u00e3o 3; T<sub>30,wide<\/sub>\u00a0= 1.49 s<\/figcaption><\/figure>\n\n\n\n<h6 class=\"wp-block-heading has-custom-color-1-color has-text-color has-link-color wp-elements-3e4b1e9003c333e6a9be23ad9cfcf89e\">\u201cGuitar_Capriccio_Arabe_Tarrega\u201d -&gt; Processado em Binaural (usar headphones)<\/h6>\n\n\n\n<figure class=\"wp-block-audio\"><audio controls src=\"https:\/\/reverbdata.ipl.pt\/wp-content\/uploads\/2025\/04\/Guitar_Capriccio_Arabe_Tarrega_Binaural_40s-7.wav\"><\/audio><figcaption class=\"wp-element-caption\">Fonte Ac\u00fastica no P\u00falpito e Sistema de Aquisi\u00e7\u00e3o na posi\u00e7\u00e3o 3; T<sub>30,wide<\/sub>\u00a0= 1.49 s<\/figcaption><\/figure>\n\n\n\n<h6 class=\"wp-block-heading has-custom-color-1-color has-text-color has-link-color wp-elements-5e3ef03a3904366221432726cf86b293\">\u201cKyrie_Missa_Notre_Dame_Guillame_de_Machaut\u201d -&gt; Original<\/h6>\n\n\n\n<figure class=\"wp-block-audio\"><audio controls src=\"https:\/\/reverbdata.ipl.pt\/wp-content\/uploads\/2024\/10\/Kyrie_Missa_Notre_Dame_Guillame_de_Machaut_40s.wav\"><\/audio><\/figure>\n\n\n\n<h6 class=\"wp-block-heading has-custom-color-1-color has-text-color has-link-color wp-elements-c8ec8eb0b94e1c4a27ce45cb43d2255f\">\u201cKyrie_Missa_Notre_Dame_Guillame_de_Machaut\u201d -&gt; Processado em Est\u00e9reo<\/h6>\n\n\n\n<figure class=\"wp-block-audio\"><audio controls src=\"https:\/\/reverbdata.ipl.pt\/wp-content\/uploads\/2025\/04\/Kyrie_Missa_Notre_Dame_Guillaume_de_Machaut_Stereo_40s-5.wav\"><\/audio><figcaption class=\"wp-element-caption\">Fonte Ac\u00fastica no P\u00falpito e Sistema de Aquisi\u00e7\u00e3o na posi\u00e7\u00e3o 3; T<sub>30,wide<\/sub>\u00a0= 1.49 s<\/figcaption><\/figure>\n\n\n\n<h6 class=\"wp-block-heading has-custom-color-1-color has-text-color has-link-color wp-elements-ee7412d73cf813a98ed7e6f4bd41f78f\">\u201cKyrie_Missa_Notre_Dame_Guillame_de_Machaut\u201d -&gt; Processado em Binaural (usar headphones)<\/h6>\n\n\n\n<figure class=\"wp-block-audio\"><audio controls src=\"https:\/\/reverbdata.ipl.pt\/wp-content\/uploads\/2025\/04\/Kyrie_Missa_Notre_Dame_Guillaume_de_Machaut_Binaural_40s-5.wav\"><\/audio><figcaption class=\"wp-element-caption\">Fonte Ac\u00fastica no P\u00falpito e Sistema de Aquisi\u00e7\u00e3o na posi\u00e7\u00e3o 3; T<sub>30,wide<\/sub>\u00a0= 1.49 s<\/figcaption><\/figure>\n\n\n\n<div style=\"height:30px\" aria-hidden=\"true\" class=\"wp-block-spacer\"><\/div>\n\n\n\n<div class=\"wp-block-group has-custom-color-1-background-color has-background has-global-padding is-layout-constrained wp-container-core-group-is-layout-e8732830 wp-block-group-is-layout-constrained\" style=\"min-height:0px;margin-top:0;margin-bottom:0;padding-right:5rem;padding-left:5rem\">\n<h3 class=\"wp-block-heading has-text-align-center has-base-color has-text-color has-link-color wp-elements-bdebf145cae9fa4460087a537381715d\" style=\"padding-top:0;padding-right:0;padding-bottom:0;padding-left:0\">Ficheiros de Resposta ao Impulso do Espa\u00e7o<\/h3>\n\n\n\n<div class=\"wp-block-buttons alignwide is-horizontal is-content-justification-center is-layout-flex wp-container-core-buttons-is-layout-967d4589 wp-block-buttons-is-layout-flex\" style=\"margin-top:var(--wp--preset--spacing--40);margin-bottom:0\">\n<div class=\"wp-block-button is-style-fill\"><a class=\"wp-block-button__link has-section-bg-color has-heading-background-color has-text-color has-background has-link-color has-text-align-center wp-element-button\" href=\"https:\/\/iplx-my.sharepoint.com\/:f:\/g\/personal\/reverbdata_esml_ipl_pt\/EjEG624d48NLpmmPXrliosoBiVFcg74vFoYHXe2HKkLygw?e=u4ZkBy\" style=\"border-style:none;border-width:0px\"><strong>Download<\/strong><\/a><\/div>\n<\/div>\n<\/div>\n\n\n\n<div class=\"wp-block-buttons is-content-justification-right is-layout-flex wp-container-core-buttons-is-layout-d445cf74 wp-block-buttons-is-layout-flex\">\n<div class=\"wp-block-button is-style-fill\"><a class=\"wp-block-button__link has-heading-color has-white-background-color has-text-color has-background has-link-color wp-element-button\" href=\"https:\/\/reverbdata.ipl.pt\/pt\/\">Voltar \u00e0 Pagina Inicial<\/a><\/div>\n<\/div>\n<\/div>\n<\/div>","protected":false},"excerpt":{"rendered":"<p>The Lourinh\u00e3 Mercy Church is a church of Renaissance features with a single nave, a hall-like structure, with a three-pane ceiling enlivened by coffered ceilings (maceira) with traces of polychromy, and stuccoed walls. The high choir is supported by two stone columns, with circular holy water fonts incorporated into the shafts. It measures approximately 18m [&hellip;]<\/p>\n","protected":false},"author":4,"featured_media":1155,"parent":514,"menu_order":0,"comment_status":"closed","ping_status":"closed","template":"","meta":{"footnotes":""},"class_list":["post-1135","page","type-page","status-publish","has-post-thumbnail","hentry"],"featured_image_src":"https:\/\/reverbdata.ipl.pt\/wp-content\/uploads\/2024\/10\/20240918_130931-scaled.jpg","_links":{"self":[{"href":"https:\/\/reverbdata.ipl.pt\/pt\/wp-json\/wp\/v2\/pages\/1135","targetHints":{"allow":["GET"]}}],"collection":[{"href":"https:\/\/reverbdata.ipl.pt\/pt\/wp-json\/wp\/v2\/pages"}],"about":[{"href":"https:\/\/reverbdata.ipl.pt\/pt\/wp-json\/wp\/v2\/types\/page"}],"author":[{"embeddable":true,"href":"https:\/\/reverbdata.ipl.pt\/pt\/wp-json\/wp\/v2\/users\/4"}],"replies":[{"embeddable":true,"href":"https:\/\/reverbdata.ipl.pt\/pt\/wp-json\/wp\/v2\/comments?post=1135"}],"version-history":[{"count":9,"href":"https:\/\/reverbdata.ipl.pt\/pt\/wp-json\/wp\/v2\/pages\/1135\/revisions"}],"predecessor-version":[{"id":1541,"href":"https:\/\/reverbdata.ipl.pt\/pt\/wp-json\/wp\/v2\/pages\/1135\/revisions\/1541"}],"up":[{"embeddable":true,"href":"https:\/\/reverbdata.ipl.pt\/pt\/wp-json\/wp\/v2\/pages\/514"}],"wp:featuredmedia":[{"embeddable":true,"href":"https:\/\/reverbdata.ipl.pt\/pt\/wp-json\/wp\/v2\/media\/1155"}],"wp:attachment":[{"href":"https:\/\/reverbdata.ipl.pt\/pt\/wp-json\/wp\/v2\/media?parent=1135"}],"curies":[{"name":"wp","href":"https:\/\/api.w.org\/{rel}","templated":true}]}}