{"id":1249,"date":"2025-01-29T10:55:02","date_gmt":"2025-01-29T10:55:02","guid":{"rendered":"https:\/\/reverbdata.ipl.pt\/?page_id=1249"},"modified":"2025-11-27T11:55:45","modified_gmt":"2025-11-27T11:55:45","slug":"main-opera-hall-of-st-carlos-theatre","status":"publish","type":"page","link":"https:\/\/reverbdata.ipl.pt\/pt\/reverbdata\/main-opera-hall-of-st-carlos-theatre\/","title":{"rendered":"Sala de \u00d3pera do Teatro Nacional de S\u00e3o Carlos"},"content":{"rendered":"<div class=\"wp-block-group has-global-padding is-layout-constrained wp-block-group-is-layout-constrained\">\n<div class=\"wp-block-group has-global-padding is-layout-constrained wp-block-group-is-layout-constrained\">\n<div class=\"wp-block-columns is-layout-flex wp-container-core-columns-is-layout-0f3590de wp-block-columns-is-layout-flex\">\n<div class=\"wp-block-column is-layout-flow wp-block-column-is-layout-flow\" style=\"flex-basis:50%\"><h3 class=\"has-link-color wp-elements-d2e51c92208a6a2a5b724660ce272c42 wp-block-post-title has-text-color has-custom-color-1-color\">Sala de \u00d3pera do Teatro Nacional de S\u00e3o Carlos<\/h3>\n\n\n<figure class=\"wp-block-image size-full\"><img loading=\"lazy\" decoding=\"async\" width=\"1772\" height=\"1181\" src=\"https:\/\/reverbdata.ipl.pt\/wp-content\/uploads\/2025\/01\/Pos-6-Tribuna-2_2.jpg\" alt=\"\" class=\"wp-image-1281\" srcset=\"https:\/\/reverbdata.ipl.pt\/wp-content\/uploads\/2025\/01\/Pos-6-Tribuna-2_2.jpg 1772w, https:\/\/reverbdata.ipl.pt\/wp-content\/uploads\/2025\/01\/Pos-6-Tribuna-2_2-300x200.jpg 300w, https:\/\/reverbdata.ipl.pt\/wp-content\/uploads\/2025\/01\/Pos-6-Tribuna-2_2-1024x682.jpg 1024w, https:\/\/reverbdata.ipl.pt\/wp-content\/uploads\/2025\/01\/Pos-6-Tribuna-2_2-768x512.jpg 768w, https:\/\/reverbdata.ipl.pt\/wp-content\/uploads\/2025\/01\/Pos-6-Tribuna-2_2-1536x1024.jpg 1536w, https:\/\/reverbdata.ipl.pt\/wp-content\/uploads\/2025\/01\/Pos-6-Tribuna-2_2-18x12.jpg 18w, https:\/\/reverbdata.ipl.pt\/wp-content\/uploads\/2025\/01\/Pos-6-Tribuna-2_2-200x133.jpg 200w\" sizes=\"auto, (max-width: 1772px) 100vw, 1772px\" \/><\/figure>\n\n\n\n<p class=\"justify-text has-body-text-color has-text-color has-link-color wp-elements-f984031de0556f4f53a97ac16e852597\">A sala principal tem uma capacidade para 725 lugares sentados e possui uma planta el\u00edptica com cinco ordens de camarotes, de tipo italiano. Tem dimens\u00f5es aproximadas de 23 m de comprimento por 22 m de largura com um p\u00e9 direito de ca. 16 m. O palco, de dimens\u00f5es generosas e de formato paralelepip\u00e9dico, tem dimens\u00f5es ca. 22 m de comprimento por 30 m de largura com um p\u00e9 direito de ca. 25 m. O volume total da sala com o palco \u00e9 de ca. 17075 m3.<\/p>\n\n\n\n<p class=\"justify-text has-body-text-color has-text-color has-link-color wp-elements-08bb55985ae9087df6f653d85eae257d\">Principais materiais: alvenaria mista, estuque pintado, talha, pinturas, telas, espelhos, madeiras, etc. Pavimento de madeira e lajedo.<\/p>\n<\/div>\n\n\n\n<div class=\"wp-block-column is-layout-flow wp-block-column-is-layout-flow\" style=\"padding-top:3rem;flex-basis:50%\">\n<h5 class=\"wp-block-heading has-text-align-left has-custom-color-1-color has-text-color has-link-color wp-elements-8a45a6902f43687e0844961954a22124\" id=\"0-measurement-points-and-source-location\">Pontos de medi\u00e7\u00e3o e localiza\u00e7\u00e3o da fonte ac\u00fastica<\/h5>\n\n\n\n<p class=\"justify-text has-body-text-color has-text-color has-link-color wp-elements-81e764ffd567c4a5b75c3e2b4b68fb7a\">A fonte sonora foi colocada na boca do palco a seguir ao fosso de orquestra. As aquisi\u00e7\u00f5es e registos ac\u00fasticos foram realizados em dezasseis locais da Sala, cinco na plateia, um na tribuna real e dez distribu\u00eddos pelas cinco ordens.<\/p>\n\n\n\n<figure class=\"wp-block-image alignwide size-full is-style-default\"><img loading=\"lazy\" decoding=\"async\" width=\"2560\" height=\"2303\" src=\"https:\/\/reverbdata.ipl.pt\/wp-content\/uploads\/2025\/01\/TNSC_measurement_locations_3-scaled.jpg\" alt=\"\" class=\"wp-image-1287\" srcset=\"https:\/\/reverbdata.ipl.pt\/wp-content\/uploads\/2025\/01\/TNSC_measurement_locations_3-scaled.jpg 2560w, https:\/\/reverbdata.ipl.pt\/wp-content\/uploads\/2025\/01\/TNSC_measurement_locations_3-300x270.jpg 300w, https:\/\/reverbdata.ipl.pt\/wp-content\/uploads\/2025\/01\/TNSC_measurement_locations_3-1024x921.jpg 1024w, https:\/\/reverbdata.ipl.pt\/wp-content\/uploads\/2025\/01\/TNSC_measurement_locations_3-768x691.jpg 768w, https:\/\/reverbdata.ipl.pt\/wp-content\/uploads\/2025\/01\/TNSC_measurement_locations_3-1536x1382.jpg 1536w, https:\/\/reverbdata.ipl.pt\/wp-content\/uploads\/2025\/01\/TNSC_measurement_locations_3-2048x1843.jpg 2048w, https:\/\/reverbdata.ipl.pt\/wp-content\/uploads\/2025\/01\/TNSC_measurement_locations_3-13x12.jpg 13w, https:\/\/reverbdata.ipl.pt\/wp-content\/uploads\/2025\/01\/TNSC_measurement_locations_3-200x180.jpg 200w\" sizes=\"auto, (max-width: 2560px) 100vw, 2560px\" \/><\/figure>\n<\/div>\n<\/div>\n<\/div>\n<\/div>\n\n\n\n<div class=\"wp-block-group has-global-padding is-layout-constrained wp-block-group-is-layout-constrained\">\n<div style=\"height:20px\" aria-hidden=\"true\" class=\"wp-block-spacer\"><\/div>\n\n\n\n<h3 class=\"wp-block-heading has-custom-color-1-color has-text-color has-link-color wp-elements-01bca5ce57de3daa64864e37b5fec474\">Ficheiros de \u00c1udio de Demonstra\u00e7\u00e3o<\/h3>\n\n\n\n<h6 class=\"wp-block-heading has-custom-color-1-color has-text-color has-link-color wp-elements-5d0b8381b06338b31183daec91eb03ed\">\"Discurso masculino e feminino\" -&gt; Original<\/h6>\n\n\n\n<figure class=\"wp-block-audio\"><audio controls src=\"https:\/\/reverbdata.ipl.pt\/wp-content\/uploads\/2025\/05\/Male_and_Female_speech_40s.wav\"><\/audio><\/figure>\n\n\n\n<h6 class=\"wp-block-heading has-custom-color-1-color has-text-color has-link-color wp-elements-05d1ab4ec7b116d35a88f5889981f89b\">\"Discurso masculino e feminino\" -&gt; Processado em Est\u00e9reo<\/h6>\n\n\n\n<figure class=\"wp-block-audio\"><audio controls src=\"https:\/\/reverbdata.ipl.pt\/wp-content\/uploads\/2025\/04\/Male_and_Female_speech_Stereo_40s-12.wav\"><\/audio><figcaption class=\"wp-element-caption\">Fonte Ac\u00fastica no palco (S1) e Sistema de Aquisi\u00e7\u00e3o na Posi\u00e7\u00e3o 6 (Tribuna Real); T<sub>30,wide<\/sub>&nbsp;= 1.00 s<\/figcaption><\/figure>\n\n\n\n<h6 class=\"wp-block-heading has-custom-color-1-color has-text-color has-link-color wp-elements-cefd33f3fd0d3ace7f548d7653c7219d\">\"Discurso masculino e feminino\" -&gt; Processado em Binaural (usar headphones)<\/h6>\n\n\n\n<figure class=\"wp-block-audio\"><audio controls src=\"https:\/\/reverbdata.ipl.pt\/wp-content\/uploads\/2025\/04\/Male_and_Female_speech_Binaural_40s-12.wav\"><\/audio><figcaption class=\"wp-element-caption\">Fonte Ac\u00fastica no palco (S1) e Sistema de Aquisi\u00e7\u00e3o na Posi\u00e7\u00e3o 6 (Tribuna Real); T<sub>30,wide<\/sub>&nbsp;= 1.00 s<\/figcaption><\/figure>\n\n\n\n<h6 class=\"wp-block-heading has-custom-color-1-color has-text-color has-link-color wp-elements-8b021da4f6891343264ec4075f892193\">\u201cGuitar_Capriccio_Arabe_Tarrega\u201d -&gt; Original<\/h6>\n\n\n\n<figure class=\"wp-block-audio\"><audio controls src=\"https:\/\/reverbdata.ipl.pt\/wp-content\/uploads\/2025\/05\/Guitar_Capriccio_Arabe_Tarrega_40s.wav\"><\/audio><\/figure>\n\n\n\n<h6 class=\"wp-block-heading has-custom-color-1-color has-text-color has-link-color wp-elements-da811de222d07d25a08b3306dca9165a\">\u201cGuitar_Capriccio_Arabe_Tarrega\u201d -&gt; Processado em Est\u00e9reo<\/h6>\n\n\n\n<figure class=\"wp-block-audio\"><audio controls src=\"https:\/\/reverbdata.ipl.pt\/wp-content\/uploads\/2025\/04\/Guitar_Capriccio_Arabe_Tarrega_Stereo_40s-11.wav\"><\/audio><figcaption class=\"wp-element-caption\">Fonte Ac\u00fastica no palco (S1) e Sistema de Aquisi\u00e7\u00e3o na Posi\u00e7\u00e3o 6 (Tribuna Real); T<sub>30,wide<\/sub>&nbsp;= 1.00 s<\/figcaption><\/figure>\n\n\n\n<h6 class=\"wp-block-heading has-custom-color-1-color has-text-color has-link-color wp-elements-3e4b1e9003c333e6a9be23ad9cfcf89e\">\u201cGuitar_Capriccio_Arabe_Tarrega\u201d -&gt; Processado em Binaural (usar headphones)<\/h6>\n\n\n\n<figure class=\"wp-block-audio\"><audio controls src=\"https:\/\/reverbdata.ipl.pt\/wp-content\/uploads\/2025\/04\/Guitar_Capriccio_Arabe_Tarrega_Binaural_40s-12.wav\"><\/audio><figcaption class=\"wp-element-caption\">Fonte Ac\u00fastica no palco (S1) e Sistema de Aquisi\u00e7\u00e3o na Posi\u00e7\u00e3o 6 (Tribuna Real); T<sub>30,wide<\/sub>&nbsp;= 1.00 s<\/figcaption><\/figure>\n\n\n\n<h6 class=\"wp-block-heading has-custom-color-1-color has-text-color has-link-color wp-elements-7405a5e3bc309897af74397bc80cd2bd\">\u201cHell_of_a_Guy\u201d -&gt; Original<\/h6>\n\n\n\n<figure class=\"wp-block-audio\"><audio controls src=\"https:\/\/reverbdata.ipl.pt\/wp-content\/uploads\/2024\/09\/Hell_of_a_Guy_40s.wav\"><\/audio><\/figure>\n\n\n\n<h6 class=\"wp-block-heading has-custom-color-1-color has-text-color has-link-color wp-elements-62f050fd88eb14d13e2baa73bcd3fbb5\">\u201cHell_of_a_Guy\u201d -&gt; Processado em Est\u00e9reo<\/h6>\n\n\n\n<figure class=\"wp-block-audio\"><audio controls src=\"https:\/\/reverbdata.ipl.pt\/wp-content\/uploads\/2025\/04\/Hell_of_a_Guy_Stereo_40s-3.wav\"><\/audio><figcaption class=\"wp-element-caption\">Fonte Ac\u00fastica no palco (S1) e Sistema de Aquisi\u00e7\u00e3o na Posi\u00e7\u00e3o 6 (Tribuna Real); T<sub>30,wide<\/sub>&nbsp;= 1.00 s<\/figcaption><\/figure>\n\n\n\n<h6 class=\"wp-block-heading has-custom-color-1-color has-text-color has-link-color wp-elements-65b34418b28da383cf39586a23e19532\">\u201cHell_of_a_Guy\u201d -&gt; Processado em Binaural (usar headphones)<\/h6>\n\n\n\n<figure class=\"wp-block-audio\"><audio controls src=\"https:\/\/reverbdata.ipl.pt\/wp-content\/uploads\/2025\/04\/Hell_of_a_Guy_Binaural_40s-4.wav\"><\/audio><figcaption class=\"wp-element-caption\">Fonte Ac\u00fastica no palco (S1) e Sistema de Aquisi\u00e7\u00e3o na Posi\u00e7\u00e3o 6 (Tribuna Real); T<sub>30,wide<\/sub>&nbsp;= 1.00 s<\/figcaption><\/figure>\n\n\n\n<div style=\"height:20px\" aria-hidden=\"true\" class=\"wp-block-spacer\"><\/div>\n\n\n\n<div class=\"wp-block-group has-custom-color-1-background-color has-background has-global-padding is-layout-constrained wp-container-core-group-is-layout-e8732830 wp-block-group-is-layout-constrained\" style=\"min-height:0px;margin-top:0;margin-bottom:0;padding-right:5rem;padding-left:5rem\">\n<h3 class=\"wp-block-heading has-text-align-center has-base-color has-text-color has-link-color wp-elements-208eb43f39c0bbfef20ac2391bb35c4e\" id=\"1-room-impulse-response-files\" style=\"padding-top:0;padding-right:0;padding-bottom:0;padding-left:0\">Ficheiros de Resposta ao Impulso do Espa\u00e7o<\/h3>\n\n\n\n<div class=\"wp-block-buttons alignwide is-horizontal is-content-justification-center is-layout-flex wp-container-core-buttons-is-layout-967d4589 wp-block-buttons-is-layout-flex\" style=\"margin-top:var(--wp--preset--spacing--40);margin-bottom:0\">\n<div class=\"wp-block-button is-style-fill\"><a class=\"wp-block-button__link has-section-bg-color has-heading-background-color has-text-color has-background has-link-color has-text-align-center wp-element-button\" href=\"https:\/\/iplx-my.sharepoint.com\/:f:\/g\/personal\/reverbdata_esml_ipl_pt\/ElmbTKrsULNJoM0KG5_BfQUBwAe-Locixun7fhTRZZBbSw?e=Nl7yxr\" style=\"border-style:none;border-width:0px\"><strong>Download<\/strong><\/a><\/div>\n<\/div>\n<\/div>\n\n\n\n<div class=\"wp-block-buttons is-content-justification-left is-layout-flex wp-container-core-buttons-is-layout-fc4fd283 wp-block-buttons-is-layout-flex\">\n<div class=\"wp-block-button is-style-outline is-style-outline--1\"><a class=\"wp-block-button__link has-custom-color-1-color has-white-background-color has-text-color has-background has-link-color wp-element-button\" href=\"https:\/\/reverbdata.ipl.pt\/pt\/#sao-carlos-national-theatre\">Voltar ao Teatro Nacional de S\u00e3o Carlos<\/a><\/div>\n<\/div>\n\n\n\n<div class=\"wp-block-buttons is-content-justification-right is-layout-flex wp-container-core-buttons-is-layout-d445cf74 wp-block-buttons-is-layout-flex\">\n<div class=\"wp-block-button is-style-fill\"><a class=\"wp-block-button__link has-heading-color has-white-background-color has-text-color has-background has-link-color wp-element-button\" href=\"https:\/\/reverbdata.ipl.pt\/pt\/\">Voltar \u00e0 Pagina Inicial<\/a><\/div>\n<\/div>\n<\/div>","protected":false},"excerpt":{"rendered":"<p>The main hall has a capacity for 725 seats and has an elliptical layout with five rows of Italian-style boxes. It measures approximately 23 m long by 22 m wide with a ceiling height of about 16 m. The stage, which is generously sized and parallelepiped in shape, measures about 22 m long by 30 [&hellip;]<\/p>\n","protected":false},"author":4,"featured_media":1281,"parent":514,"menu_order":0,"comment_status":"closed","ping_status":"closed","template":"","meta":{"footnotes":""},"class_list":["post-1249","page","type-page","status-publish","has-post-thumbnail","hentry"],"featured_image_src":"https:\/\/reverbdata.ipl.pt\/wp-content\/uploads\/2025\/01\/Pos-6-Tribuna-2_2.jpg","_links":{"self":[{"href":"https:\/\/reverbdata.ipl.pt\/pt\/wp-json\/wp\/v2\/pages\/1249","targetHints":{"allow":["GET"]}}],"collection":[{"href":"https:\/\/reverbdata.ipl.pt\/pt\/wp-json\/wp\/v2\/pages"}],"about":[{"href":"https:\/\/reverbdata.ipl.pt\/pt\/wp-json\/wp\/v2\/types\/page"}],"author":[{"embeddable":true,"href":"https:\/\/reverbdata.ipl.pt\/pt\/wp-json\/wp\/v2\/users\/4"}],"replies":[{"embeddable":true,"href":"https:\/\/reverbdata.ipl.pt\/pt\/wp-json\/wp\/v2\/comments?post=1249"}],"version-history":[{"count":11,"href":"https:\/\/reverbdata.ipl.pt\/pt\/wp-json\/wp\/v2\/pages\/1249\/revisions"}],"predecessor-version":[{"id":2225,"href":"https:\/\/reverbdata.ipl.pt\/pt\/wp-json\/wp\/v2\/pages\/1249\/revisions\/2225"}],"up":[{"embeddable":true,"href":"https:\/\/reverbdata.ipl.pt\/pt\/wp-json\/wp\/v2\/pages\/514"}],"wp:featuredmedia":[{"embeddable":true,"href":"https:\/\/reverbdata.ipl.pt\/pt\/wp-json\/wp\/v2\/media\/1281"}],"wp:attachment":[{"href":"https:\/\/reverbdata.ipl.pt\/pt\/wp-json\/wp\/v2\/media?parent=1249"}],"curies":[{"name":"wp","href":"https:\/\/api.w.org\/{rel}","templated":true}]}}