{"id":1280,"date":"2025-01-29T10:34:40","date_gmt":"2025-01-29T10:34:40","guid":{"rendered":"https:\/\/reverbdata.ipl.pt\/?page_id=1280"},"modified":"2025-11-27T11:47:59","modified_gmt":"2025-11-27T11:47:59","slug":"basilica-of-the-national-palace-of-mafra","status":"publish","type":"page","link":"https:\/\/reverbdata.ipl.pt\/pt\/reverbdata\/basilica-of-the-national-palace-of-mafra\/","title":{"rendered":"Bas\u00edlica do Real Edif\u00edcio de Mafra"},"content":{"rendered":"<div class=\"wp-block-group has-global-padding is-layout-constrained wp-block-group-is-layout-constrained\">\n<div class=\"wp-block-group has-global-padding is-layout-constrained wp-block-group-is-layout-constrained\">\n<div class=\"wp-block-columns is-layout-flex wp-container-core-columns-is-layout-0f3590de wp-block-columns-is-layout-flex\">\n<div class=\"wp-block-column is-layout-flow wp-block-column-is-layout-flow\" style=\"flex-basis:50%\"><h3 class=\"has-link-color wp-elements-d2e51c92208a6a2a5b724660ce272c42 wp-block-post-title has-text-color has-custom-color-1-color\">Bas\u00edlica do Real Edif\u00edcio de Mafra<\/h3>\n\n\n<figure class=\"wp-block-image size-full\"><img loading=\"lazy\" decoding=\"async\" width=\"1329\" height=\"1772\" src=\"https:\/\/reverbdata.ipl.pt\/wp-content\/uploads\/2025\/01\/IMG_4653_2-rotated.jpeg\" alt=\"\" class=\"wp-image-1251\" srcset=\"https:\/\/reverbdata.ipl.pt\/wp-content\/uploads\/2025\/01\/IMG_4653_2-rotated.jpeg 1329w, https:\/\/reverbdata.ipl.pt\/wp-content\/uploads\/2025\/01\/IMG_4653_2-225x300.jpeg 225w, https:\/\/reverbdata.ipl.pt\/wp-content\/uploads\/2025\/01\/IMG_4653_2-768x1024.jpeg 768w, https:\/\/reverbdata.ipl.pt\/wp-content\/uploads\/2025\/01\/IMG_4653_2-1152x1536.jpeg 1152w, https:\/\/reverbdata.ipl.pt\/wp-content\/uploads\/2025\/01\/IMG_4653_2-9x12.jpeg 9w, https:\/\/reverbdata.ipl.pt\/wp-content\/uploads\/2025\/01\/IMG_4653_2-200x267.jpeg 200w\" sizes=\"auto, (max-width: 1329px) 100vw, 1329px\" \/><\/figure>\n\n\n\n<p class=\"justify-text has-body-text-color has-text-color has-link-color wp-elements-c45856cf5e5c4816f79c8027d0f5dcaa\">A Bas\u00edlica tem dimens\u00f5es aproximadas de ca. 65 m de comprimento por 45 m de largura (transepto) com um p\u00e9 direito de ca. 23 m do ch\u00e3o \u00e0 ab\u00f3boda da nave e ca. 66 m do ch\u00e3o ao zimb\u00f3rio. <\/p>\n\n\n\n<p class=\"justify-text has-body-text-color has-text-color has-link-color wp-elements-54c2a1a4ce0ef27537a7328b930be95b\">Principais materiais: m\u00e1rmore.<\/p>\n<\/div>\n\n\n\n<div class=\"wp-block-column is-layout-flow wp-block-column-is-layout-flow\" style=\"padding-top:3rem;flex-basis:50%\">\n<h5 class=\"wp-block-heading has-text-align-left has-custom-color-1-color has-text-color has-link-color wp-elements-8a45a6902f43687e0844961954a22124\" id=\"0-measurement-points-and-source-location\">Pontos de medi\u00e7\u00e3o e localiza\u00e7\u00e3o da fonte ac\u00fastica<\/h5>\n\n\n\n<p class=\"justify-text has-body-text-color has-text-color has-link-color wp-elements-7301b7157534b8023f063315e3ff6046\">A fonte sonora foi colocada no p\u00falpito e junto do altar mor. As aquisi\u00e7\u00f5es e registos ac\u00fasticos foram realizados em cinco locais da Bas\u00edlica, na \u00e1rea prevista para os fi\u00e9is, na nave.<\/p>\n\n\n\n<figure class=\"wp-block-image alignwide size-full is-style-default\"><img loading=\"lazy\" decoding=\"async\" width=\"1127\" height=\"2560\" src=\"https:\/\/reverbdata.ipl.pt\/wp-content\/uploads\/2025\/01\/Basilica-measurement-locations_2-scaled.jpg\" alt=\"\" class=\"wp-image-1254\" srcset=\"https:\/\/reverbdata.ipl.pt\/wp-content\/uploads\/2025\/01\/Basilica-measurement-locations_2-scaled.jpg 1127w, https:\/\/reverbdata.ipl.pt\/wp-content\/uploads\/2025\/01\/Basilica-measurement-locations_2-132x300.jpg 132w, https:\/\/reverbdata.ipl.pt\/wp-content\/uploads\/2025\/01\/Basilica-measurement-locations_2-451x1024.jpg 451w, https:\/\/reverbdata.ipl.pt\/wp-content\/uploads\/2025\/01\/Basilica-measurement-locations_2-768x1745.jpg 768w, https:\/\/reverbdata.ipl.pt\/wp-content\/uploads\/2025\/01\/Basilica-measurement-locations_2-676x1536.jpg 676w, https:\/\/reverbdata.ipl.pt\/wp-content\/uploads\/2025\/01\/Basilica-measurement-locations_2-901x2048.jpg 901w, https:\/\/reverbdata.ipl.pt\/wp-content\/uploads\/2025\/01\/Basilica-measurement-locations_2-5x12.jpg 5w, https:\/\/reverbdata.ipl.pt\/wp-content\/uploads\/2025\/01\/Basilica-measurement-locations_2-200x455.jpg 200w\" sizes=\"auto, (max-width: 1127px) 100vw, 1127px\" \/><\/figure>\n<\/div>\n<\/div>\n<\/div>\n<\/div>\n\n\n\n<div class=\"wp-block-group has-global-padding is-layout-constrained wp-block-group-is-layout-constrained\">\n<div style=\"height:20px\" aria-hidden=\"true\" class=\"wp-block-spacer\"><\/div>\n\n\n\n<h3 class=\"wp-block-heading has-custom-color-1-color has-text-color has-link-color wp-elements-01bca5ce57de3daa64864e37b5fec474\">Ficheiros de \u00c1udio de Demonstra\u00e7\u00e3o<\/h3>\n\n\n\n<h6 class=\"wp-block-heading has-custom-color-1-color has-text-color has-link-color wp-elements-5d0b8381b06338b31183daec91eb03ed\">\"Discurso masculino e feminino\" -&gt; Original<\/h6>\n\n\n\n<figure class=\"wp-block-audio\"><audio controls src=\"https:\/\/reverbdata.ipl.pt\/wp-content\/uploads\/2025\/05\/Male_and_Female_speech_40s.wav\"><\/audio><\/figure>\n\n\n\n<h6 class=\"wp-block-heading has-custom-color-1-color has-text-color has-link-color wp-elements-05d1ab4ec7b116d35a88f5889981f89b\">\"Discurso masculino e feminino\" -&gt; Processado em Est\u00e9reo<\/h6>\n\n\n\n<figure class=\"wp-block-audio\"><audio controls src=\"https:\/\/reverbdata.ipl.pt\/wp-content\/uploads\/2025\/04\/Male_and_Female_speech_Stereo_40s-9.wav\"><\/audio><figcaption class=\"wp-element-caption\"><audio src=\"https:\/\/reverbdata.ipl.pt\/wp-content\/uploads\/2025\/01\/Male_and_Female_speech_Binaural_40s.wav\"><\/audio>Fonte Ac\u00fastica no P\u00falpito (S1) e sistema de aquisi\u00e7\u00e3o na Posi\u00e7\u00e3o 5; T<sub>30,wide<\/sub> = 5.80 s<\/figcaption><\/figure>\n\n\n\n<h6 class=\"wp-block-heading has-custom-color-1-color has-text-color has-link-color wp-elements-cefd33f3fd0d3ace7f548d7653c7219d\">\"Discurso masculino e feminino\" -&gt; Processado em Binaural (usar headphones)<\/h6>\n\n\n\n<figure class=\"wp-block-audio\"><audio controls src=\"https:\/\/reverbdata.ipl.pt\/wp-content\/uploads\/2025\/04\/Male_and_Female_speech_Binaural_40s-9.wav\"><\/audio><figcaption class=\"wp-element-caption\"><audio src=\"https:\/\/reverbdata.ipl.pt\/wp-content\/uploads\/2025\/01\/Male_and_Female_speech_Binaural_40s.wav\"><\/audio>Fonte Ac\u00fastica no P\u00falpito (S1) e sistema de aquisi\u00e7\u00e3o na Posi\u00e7\u00e3o 5; T<sub>30,wide<\/sub> = 5.80 s<\/figcaption><\/figure>\n\n\n\n<h6 class=\"wp-block-heading has-custom-color-1-color has-text-color has-link-color wp-elements-8b021da4f6891343264ec4075f892193\">\u201cGuitar_Capriccio_Arabe_Tarrega\u201d -&gt; Original<\/h6>\n\n\n\n<figure class=\"wp-block-audio\"><audio controls src=\"https:\/\/reverbdata.ipl.pt\/wp-content\/uploads\/2025\/05\/Guitar_Capriccio_Arabe_Tarrega_40s.wav\"><\/audio><\/figure>\n\n\n\n<h6 class=\"wp-block-heading has-custom-color-1-color has-text-color has-link-color wp-elements-da811de222d07d25a08b3306dca9165a\">\u201cGuitar_Capriccio_Arabe_Tarrega\u201d -&gt; Processado em Est\u00e9reo<\/h6>\n\n\n\n<figure class=\"wp-block-audio\"><audio controls src=\"https:\/\/reverbdata.ipl.pt\/wp-content\/uploads\/2025\/04\/Guitar_Capriccio_Arabe_Tarrega_Stereo_40s-8.wav\"><\/audio><figcaption class=\"wp-element-caption\"><audio src=\"https:\/\/reverbdata.ipl.pt\/wp-content\/uploads\/2025\/01\/Male_and_Female_speech_Binaural_40s.wav\"><\/audio>Fonte Ac\u00fastica no P\u00falpito (S1) e sistema de aquisi\u00e7\u00e3o na Posi\u00e7\u00e3o 5; T<sub>30,wide<\/sub> = 5.80 s<\/figcaption><\/figure>\n\n\n\n<h6 class=\"wp-block-heading has-custom-color-1-color has-text-color has-link-color wp-elements-3e4b1e9003c333e6a9be23ad9cfcf89e\">\u201cGuitar_Capriccio_Arabe_Tarrega\u201d -&gt; Processado em Binaural (usar headphones)<\/h6>\n\n\n\n<figure class=\"wp-block-audio\"><audio controls src=\"https:\/\/reverbdata.ipl.pt\/wp-content\/uploads\/2025\/04\/Guitar_Capriccio_Arabe_Tarrega_Binaural_40s-9.wav\"><\/audio><figcaption class=\"wp-element-caption\"><audio src=\"https:\/\/reverbdata.ipl.pt\/wp-content\/uploads\/2025\/01\/Male_and_Female_speech_Binaural_40s.wav\"><\/audio>Fonte Ac\u00fastica no P\u00falpito (S1) e sistema de aquisi\u00e7\u00e3o na Posi\u00e7\u00e3o 5; T<sub>30,wide<\/sub> = 5.80 s<\/figcaption><\/figure>\n\n\n\n<h6 class=\"wp-block-heading has-custom-color-1-color has-text-color has-link-color wp-elements-5e3ef03a3904366221432726cf86b293\">\u201cKyrie_Missa_Notre_Dame_Guillame_de_Machaut\u201d -&gt; Original<\/h6>\n\n\n\n<figure class=\"wp-block-audio\"><audio controls src=\"https:\/\/reverbdata.ipl.pt\/wp-content\/uploads\/2025\/05\/Kyrie_Missa_Notre_Dame_Guillame_de_Machaut_40s.wav\"><\/audio><\/figure>\n\n\n\n<h6 class=\"wp-block-heading has-custom-color-1-color has-text-color has-link-color wp-elements-c8ec8eb0b94e1c4a27ce45cb43d2255f\">\u201cKyrie_Missa_Notre_Dame_Guillame_de_Machaut\u201d -&gt; Processado em Est\u00e9reo<\/h6>\n\n\n\n<figure class=\"wp-block-audio\"><audio controls src=\"https:\/\/reverbdata.ipl.pt\/wp-content\/uploads\/2025\/04\/Kyrie_Missa_Notre_Dame_Guillaume_de_Machaut_Stereo_40s-6.wav\"><\/audio><figcaption class=\"wp-element-caption\"><audio src=\"https:\/\/reverbdata.ipl.pt\/wp-content\/uploads\/2025\/01\/Male_and_Female_speech_Binaural_40s.wav\"><\/audio>Fonte Ac\u00fastica no P\u00falpito (S1) e sistema de aquisi\u00e7\u00e3o na Posi\u00e7\u00e3o 5; T<sub>30,wide<\/sub> = 5.80 s<\/figcaption><\/figure>\n\n\n\n<h6 class=\"wp-block-heading has-custom-color-1-color has-text-color has-link-color wp-elements-ee7412d73cf813a98ed7e6f4bd41f78f\">\u201cKyrie_Missa_Notre_Dame_Guillame_de_Machaut\u201d -&gt; Processado em Binaural (usar headphones)<\/h6>\n\n\n\n<figure class=\"wp-block-audio\"><audio controls src=\"https:\/\/reverbdata.ipl.pt\/wp-content\/uploads\/2025\/04\/Kyrie_Missa_Notre_Dame_Guillaume_de_Machaut_Binaural_40s-6.wav\"><\/audio><figcaption class=\"wp-element-caption\"><audio src=\"https:\/\/reverbdata.ipl.pt\/wp-content\/uploads\/2025\/01\/Male_and_Female_speech_Binaural_40s.wav\"><\/audio>Fonte Ac\u00fastica no P\u00falpito (S1) e sistema de aquisi\u00e7\u00e3o na Posi\u00e7\u00e3o 5; T<sub>30,wide<\/sub> = 5.80 s<\/figcaption><\/figure>\n\n\n\n<div style=\"height:20px\" aria-hidden=\"true\" class=\"wp-block-spacer\"><\/div>\n\n\n\n<div class=\"wp-block-group has-custom-color-1-background-color has-background has-global-padding is-layout-constrained wp-container-core-group-is-layout-e8732830 wp-block-group-is-layout-constrained\" style=\"min-height:0px;margin-top:0;margin-bottom:0;padding-right:5rem;padding-left:5rem\">\n<h3 class=\"wp-block-heading has-text-align-center has-base-color has-text-color has-link-color wp-elements-208eb43f39c0bbfef20ac2391bb35c4e\" id=\"1-room-impulse-response-files\" style=\"padding-top:0;padding-right:0;padding-bottom:0;padding-left:0\">Ficheiros de Resposta ao Impulso do Espa\u00e7o<\/h3>\n\n\n\n<div class=\"wp-block-buttons alignwide is-horizontal is-content-justification-center is-layout-flex wp-container-core-buttons-is-layout-967d4589 wp-block-buttons-is-layout-flex\" style=\"margin-top:var(--wp--preset--spacing--40);margin-bottom:0\">\n<div class=\"wp-block-button is-style-fill\"><a class=\"wp-block-button__link has-section-bg-color has-heading-background-color has-text-color has-background has-link-color has-text-align-center wp-element-button\" href=\"https:\/\/iplx-my.sharepoint.com\/:f:\/g\/personal\/reverbdata_esml_ipl_pt\/Ek29SK_RW0BClzhqP8OYqW8BRUV3-InTalMWI8gOfbUjmA?e=zvMUnz\" style=\"border-style:none;border-width:0px\"><strong>Download<\/strong><\/a><\/div>\n<\/div>\n<\/div>\n\n\n\n<div class=\"wp-block-buttons is-content-justification-left is-layout-flex wp-container-core-buttons-is-layout-fc4fd283 wp-block-buttons-is-layout-flex\">\n<div class=\"wp-block-button is-style-outline is-style-outline--1\"><a class=\"wp-block-button__link has-custom-color-1-color has-white-background-color has-text-color has-background has-link-color wp-element-button\" href=\"https:\/\/reverbdata.ipl.pt\/pt\/#national-palace-of-mafra\">Voltar ao Pal\u00e1cio Nacional de Mafra<\/a><\/div>\n<\/div>\n\n\n\n<div class=\"wp-block-buttons is-content-justification-right is-layout-flex wp-container-core-buttons-is-layout-d445cf74 wp-block-buttons-is-layout-flex\">\n<div class=\"wp-block-button is-style-fill\"><a class=\"wp-block-button__link has-heading-color has-white-background-color has-text-color has-background has-link-color wp-element-button\" href=\"https:\/\/reverbdata.ipl.pt\/pt\/\">Voltar \u00e0 Pagina Inicial<\/a><\/div>\n<\/div>\n<\/div>","protected":false},"excerpt":{"rendered":"<p>The Basilica has approximate dimensions of ca. 65 m long by 45 m wide (transept) with a ceiling height of ca. 23 m from the floor to the nave vault and ca. 66 m from the floor to the dome. Main materials: marble. Measurement points and source location The sound source was placed in the [&hellip;]<\/p>\n","protected":false},"author":4,"featured_media":1251,"parent":514,"menu_order":0,"comment_status":"closed","ping_status":"closed","template":"","meta":{"footnotes":""},"class_list":["post-1280","page","type-page","status-publish","has-post-thumbnail","hentry"],"featured_image_src":"https:\/\/reverbdata.ipl.pt\/wp-content\/uploads\/2025\/01\/IMG_4653_2-rotated.jpeg","_links":{"self":[{"href":"https:\/\/reverbdata.ipl.pt\/pt\/wp-json\/wp\/v2\/pages\/1280","targetHints":{"allow":["GET"]}}],"collection":[{"href":"https:\/\/reverbdata.ipl.pt\/pt\/wp-json\/wp\/v2\/pages"}],"about":[{"href":"https:\/\/reverbdata.ipl.pt\/pt\/wp-json\/wp\/v2\/types\/page"}],"author":[{"embeddable":true,"href":"https:\/\/reverbdata.ipl.pt\/pt\/wp-json\/wp\/v2\/users\/4"}],"replies":[{"embeddable":true,"href":"https:\/\/reverbdata.ipl.pt\/pt\/wp-json\/wp\/v2\/comments?post=1280"}],"version-history":[{"count":5,"href":"https:\/\/reverbdata.ipl.pt\/pt\/wp-json\/wp\/v2\/pages\/1280\/revisions"}],"predecessor-version":[{"id":2220,"href":"https:\/\/reverbdata.ipl.pt\/pt\/wp-json\/wp\/v2\/pages\/1280\/revisions\/2220"}],"up":[{"embeddable":true,"href":"https:\/\/reverbdata.ipl.pt\/pt\/wp-json\/wp\/v2\/pages\/514"}],"wp:featuredmedia":[{"embeddable":true,"href":"https:\/\/reverbdata.ipl.pt\/pt\/wp-json\/wp\/v2\/media\/1251"}],"wp:attachment":[{"href":"https:\/\/reverbdata.ipl.pt\/pt\/wp-json\/wp\/v2\/media?parent=1280"}],"curies":[{"name":"wp","href":"https:\/\/api.w.org\/{rel}","templated":true}]}}