{"id":1290,"date":"2025-01-29T10:44:48","date_gmt":"2025-01-29T10:44:48","guid":{"rendered":"https:\/\/reverbdata.ipl.pt\/?page_id=1290"},"modified":"2025-11-27T11:53:23","modified_gmt":"2025-11-27T11:53:23","slug":"library-of-the-national-palace-of-mafra","status":"publish","type":"page","link":"https:\/\/reverbdata.ipl.pt\/pt\/reverbdata\/library-of-the-national-palace-of-mafra\/","title":{"rendered":"Biblioteca do Real Ed\u00edf\u00edcio de Mafra"},"content":{"rendered":"<div class=\"wp-block-group has-global-padding is-layout-constrained wp-block-group-is-layout-constrained\">\n<div class=\"wp-block-group has-global-padding is-layout-constrained wp-block-group-is-layout-constrained\">\n<div class=\"wp-block-columns is-layout-flex wp-container-core-columns-is-layout-0f3590de wp-block-columns-is-layout-flex\">\n<div class=\"wp-block-column is-layout-flow wp-block-column-is-layout-flow\" style=\"flex-basis:50%\"><h3 class=\"has-link-color wp-elements-d2e51c92208a6a2a5b724660ce272c42 wp-block-post-title has-text-color has-custom-color-1-color\">Biblioteca do Real Ed\u00edf\u00edcio de Mafra<\/h3>\n\n\n<figure class=\"wp-block-image size-full\"><img loading=\"lazy\" decoding=\"async\" width=\"1329\" height=\"1772\" src=\"https:\/\/reverbdata.ipl.pt\/wp-content\/uploads\/2025\/01\/IMG_4630_2-rotated.jpeg\" alt=\"\" class=\"wp-image-1258\" srcset=\"https:\/\/reverbdata.ipl.pt\/wp-content\/uploads\/2025\/01\/IMG_4630_2-rotated.jpeg 1329w, https:\/\/reverbdata.ipl.pt\/wp-content\/uploads\/2025\/01\/IMG_4630_2-225x300.jpeg 225w, https:\/\/reverbdata.ipl.pt\/wp-content\/uploads\/2025\/01\/IMG_4630_2-768x1024.jpeg 768w, https:\/\/reverbdata.ipl.pt\/wp-content\/uploads\/2025\/01\/IMG_4630_2-1152x1536.jpeg 1152w, https:\/\/reverbdata.ipl.pt\/wp-content\/uploads\/2025\/01\/IMG_4630_2-9x12.jpeg 9w, https:\/\/reverbdata.ipl.pt\/wp-content\/uploads\/2025\/01\/IMG_4630_2-200x267.jpeg 200w\" sizes=\"auto, (max-width: 1329px) 100vw, 1329px\" \/><\/figure>\n\n\n\n<p class=\"justify-text has-body-text-color has-text-color has-link-color wp-elements-315ca5114671b1e34f1a204d3ba85a17\">A Biblioteca possui ca. de 80 m de comprimento por ca. 13 m de largura, com um p\u00e9 direito de ca. 11 m do ch\u00e3o \u00e0 ab\u00f3boda e ca. 13 m do ch\u00e3o \u00e0 ab\u00f3boda central.<\/p>\n\n\n\n<p class=\"justify-text has-body-text-color has-text-color has-link-color wp-elements-e740d57d5eb9216e5459bdfc2de8f36c\">Principais materiais: m\u00e1rmore, gesso, madeira, livros.<\/p>\n<\/div>\n\n\n\n<div class=\"wp-block-column is-layout-flow wp-block-column-is-layout-flow\" style=\"padding-top:3rem;flex-basis:50%\">\n<h5 class=\"wp-block-heading has-text-align-left has-custom-color-1-color has-text-color has-link-color wp-elements-8a45a6902f43687e0844961954a22124\" id=\"0-measurement-points-and-source-location\">Pontos de medi\u00e7\u00e3o e localiza\u00e7\u00e3o da fonte ac\u00fastica<\/h5>\n\n\n\n<p class=\"justify-text has-body-text-color has-text-color has-link-color wp-elements-fa1d869eedfb5a6106c14b01f40a8bda\">A fonte sonora foi colocada no centro da Biblioteca, por baixo da ab\u00f3boda central. As aquisi\u00e7\u00f5es e registos ac\u00fasticos foram realizados em quatro locais dispostos ao longo do eixo longitudinal do espa\u00e7o.<\/p>\n\n\n\n<figure class=\"wp-block-image alignwide size-full is-style-default\"><img loading=\"lazy\" decoding=\"async\" width=\"1181\" height=\"2362\" src=\"https:\/\/reverbdata.ipl.pt\/wp-content\/uploads\/2025\/01\/Library-measurement-locat_2.jpg\" alt=\"\" class=\"wp-image-1262\" srcset=\"https:\/\/reverbdata.ipl.pt\/wp-content\/uploads\/2025\/01\/Library-measurement-locat_2.jpg 1181w, https:\/\/reverbdata.ipl.pt\/wp-content\/uploads\/2025\/01\/Library-measurement-locat_2-150x300.jpg 150w, https:\/\/reverbdata.ipl.pt\/wp-content\/uploads\/2025\/01\/Library-measurement-locat_2-512x1024.jpg 512w, https:\/\/reverbdata.ipl.pt\/wp-content\/uploads\/2025\/01\/Library-measurement-locat_2-768x1536.jpg 768w, https:\/\/reverbdata.ipl.pt\/wp-content\/uploads\/2025\/01\/Library-measurement-locat_2-1024x2048.jpg 1024w, https:\/\/reverbdata.ipl.pt\/wp-content\/uploads\/2025\/01\/Library-measurement-locat_2-6x12.jpg 6w, https:\/\/reverbdata.ipl.pt\/wp-content\/uploads\/2025\/01\/Library-measurement-locat_2-200x400.jpg 200w\" sizes=\"auto, (max-width: 1181px) 100vw, 1181px\" \/><\/figure>\n<\/div>\n<\/div>\n<\/div>\n<\/div>\n\n\n\n<div class=\"wp-block-group has-global-padding is-layout-constrained wp-block-group-is-layout-constrained\">\n<div style=\"height:20px\" aria-hidden=\"true\" class=\"wp-block-spacer\"><\/div>\n\n\n\n<h3 class=\"wp-block-heading has-custom-color-1-color has-text-color has-link-color wp-elements-01bca5ce57de3daa64864e37b5fec474\">Ficheiros de \u00c1udio de Demonstra\u00e7\u00e3o<\/h3>\n\n\n\n<h6 class=\"wp-block-heading has-custom-color-1-color has-text-color has-link-color wp-elements-5d0b8381b06338b31183daec91eb03ed\">\"Discurso masculino e feminino\" -&gt; Original<\/h6>\n\n\n\n<figure class=\"wp-block-audio\"><audio controls src=\"https:\/\/reverbdata.ipl.pt\/wp-content\/uploads\/2025\/05\/Male_and_Female_speech_40s.wav\"><\/audio><\/figure>\n\n\n\n<h6 class=\"wp-block-heading has-custom-color-1-color has-text-color has-link-color wp-elements-05d1ab4ec7b116d35a88f5889981f89b\">\"Discurso masculino e feminino\" -&gt; Processado em Est\u00e9reo<\/h6>\n\n\n\n<figure class=\"wp-block-audio\"><audio controls src=\"https:\/\/reverbdata.ipl.pt\/wp-content\/uploads\/2025\/04\/Male_and_Female_speech_Stereo_40s-10.wav\"><\/audio><figcaption class=\"wp-element-caption\">Fonte Ac\u00fastica (S1) e sistema de aquisi\u00e7\u00e3o na Posi\u00e7\u00e3o 4; T<sub>30,wide<\/sub> = 1.83 s<\/figcaption><\/figure>\n\n\n\n<h6 class=\"wp-block-heading has-custom-color-1-color has-text-color has-link-color wp-elements-cefd33f3fd0d3ace7f548d7653c7219d\">\"Discurso masculino e feminino\" -&gt; Processado em Binaural (usar headphones)<\/h6>\n\n\n\n<figure class=\"wp-block-audio\"><audio controls src=\"https:\/\/reverbdata.ipl.pt\/wp-content\/uploads\/2025\/04\/Male_and_Female_speech_Binaural_40s-10.wav\"><\/audio><figcaption class=\"wp-element-caption\">Fonte Ac\u00fastica (S1) e sistema de aquisi\u00e7\u00e3o na Posi\u00e7\u00e3o 4; T<sub>30,wide<\/sub> = 1.83 s<\/figcaption><\/figure>\n\n\n\n<h6 class=\"wp-block-heading has-custom-color-1-color has-text-color has-link-color wp-elements-8b021da4f6891343264ec4075f892193\">\u201cGuitar_Capriccio_Arabe_Tarrega\u201d -&gt; Original<\/h6>\n\n\n\n<figure class=\"wp-block-audio\"><audio controls src=\"https:\/\/reverbdata.ipl.pt\/wp-content\/uploads\/2025\/05\/Guitar_Capriccio_Arabe_Tarrega_40s.wav\"><\/audio><\/figure>\n\n\n\n<h6 class=\"wp-block-heading has-custom-color-1-color has-text-color has-link-color wp-elements-da811de222d07d25a08b3306dca9165a\">\u201cGuitar_Capriccio_Arabe_Tarrega\u201d -&gt; Processado em Est\u00e9reo<\/h6>\n\n\n\n<figure class=\"wp-block-audio\"><audio controls src=\"https:\/\/reverbdata.ipl.pt\/wp-content\/uploads\/2025\/04\/Guitar_Capriccio_Arabe_Tarrega_Stereo_40s-9.wav\"><\/audio><figcaption class=\"wp-element-caption\">Fonte Ac\u00fastica (S1) e sistema de aquisi\u00e7\u00e3o na Posi\u00e7\u00e3o 4; T<sub>30,wide<\/sub> = 1.83 s<\/figcaption><\/figure>\n\n\n\n<h6 class=\"wp-block-heading has-custom-color-1-color has-text-color has-link-color wp-elements-3e4b1e9003c333e6a9be23ad9cfcf89e\">\u201cGuitar_Capriccio_Arabe_Tarrega\u201d -&gt; Processado em Binaural (usar headphones)<\/h6>\n\n\n\n<figure class=\"wp-block-audio\"><audio controls src=\"https:\/\/reverbdata.ipl.pt\/wp-content\/uploads\/2025\/04\/Guitar_Capriccio_Arabe_Tarrega_Binaural_40s-10.wav\"><\/audio><figcaption class=\"wp-element-caption\">Fonte Ac\u00fastica (S1) e sistema de aquisi\u00e7\u00e3o na Posi\u00e7\u00e3o 4; T<sub>30,wide<\/sub> = 1.83 s<\/figcaption><\/figure>\n\n\n\n<h6 class=\"wp-block-heading has-custom-color-1-color has-text-color has-link-color wp-elements-7405a5e3bc309897af74397bc80cd2bd\">\u201cHell_of_a_Guy\u201d -&gt; Original<\/h6>\n\n\n\n<figure class=\"wp-block-audio\"><audio controls src=\"https:\/\/reverbdata.ipl.pt\/wp-content\/uploads\/2024\/09\/Hell_of_a_Guy_40s.wav\"><\/audio><\/figure>\n\n\n\n<h6 class=\"wp-block-heading has-custom-color-1-color has-text-color has-link-color wp-elements-62f050fd88eb14d13e2baa73bcd3fbb5\">\u201cHell_of_a_Guy\u201d -&gt; Processado em Est\u00e9reo<\/h6>\n\n\n\n<figure class=\"wp-block-audio\"><audio controls src=\"https:\/\/reverbdata.ipl.pt\/wp-content\/uploads\/2025\/04\/Hell_of_a_Guy_Stereo_40s-1.wav\"><\/audio><figcaption class=\"wp-element-caption\">Fonte Ac\u00fastica (S1) e sistema de aquisi\u00e7\u00e3o na Posi\u00e7\u00e3o 4; T<sub>30,wide<\/sub> = 1.83 s<\/figcaption><\/figure>\n\n\n\n<h6 class=\"wp-block-heading has-custom-color-1-color has-text-color has-link-color wp-elements-65b34418b28da383cf39586a23e19532\">\u201cHell_of_a_Guy\u201d -&gt; Processado em Binaural (usar headphones)<\/h6>\n\n\n\n<figure class=\"wp-block-audio\"><audio controls src=\"https:\/\/reverbdata.ipl.pt\/wp-content\/uploads\/2025\/04\/Hell_of_a_Guy_Binaural_40s-2.wav\"><\/audio><figcaption class=\"wp-element-caption\">Fonte Ac\u00fastica (S1) e sistema de aquisi\u00e7\u00e3o na Posi\u00e7\u00e3o 4; T<sub>30,wide<\/sub> = 1.83 s<\/figcaption><\/figure>\n\n\n\n<div style=\"height:20px\" aria-hidden=\"true\" class=\"wp-block-spacer\"><\/div>\n\n\n\n<div class=\"wp-block-group has-custom-color-1-background-color has-background has-global-padding is-layout-constrained wp-container-core-group-is-layout-e8732830 wp-block-group-is-layout-constrained\" style=\"min-height:0px;margin-top:0;margin-bottom:0;padding-right:5rem;padding-left:5rem\">\n<h3 class=\"wp-block-heading has-text-align-center has-base-color has-text-color has-link-color wp-elements-208eb43f39c0bbfef20ac2391bb35c4e\" id=\"1-room-impulse-response-files\" style=\"padding-top:0;padding-right:0;padding-bottom:0;padding-left:0\">Ficheiros de Resposta ao Impulso do Espa\u00e7o<\/h3>\n\n\n\n<div class=\"wp-block-buttons alignwide is-horizontal is-content-justification-center is-layout-flex wp-container-core-buttons-is-layout-967d4589 wp-block-buttons-is-layout-flex\" style=\"margin-top:var(--wp--preset--spacing--40);margin-bottom:0\">\n<div class=\"wp-block-button is-style-fill\"><a class=\"wp-block-button__link has-section-bg-color has-heading-background-color has-text-color has-background has-link-color has-text-align-center wp-element-button\" href=\"https:\/\/iplx-my.sharepoint.com\/:f:\/g\/personal\/reverbdata_esml_ipl_pt\/EuLBVPOs8XRNia7pHJuqAOoBP2-du96vt8CpLM59WTb90A?e=jSs28N\" style=\"border-style:none;border-width:0px\"><strong>Download<\/strong><\/a><\/div>\n<\/div>\n<\/div>\n\n\n\n<div class=\"wp-block-buttons is-content-justification-left is-layout-flex wp-container-core-buttons-is-layout-fc4fd283 wp-block-buttons-is-layout-flex\">\n<div class=\"wp-block-button is-style-outline is-style-outline--1\"><a class=\"wp-block-button__link has-custom-color-1-color has-white-background-color has-text-color has-background has-link-color wp-element-button\" href=\"https:\/\/reverbdata.ipl.pt\/pt\/#national-palace-of-mafra\">Voltar ao Pal\u00e1cio Nacional de Mafra<\/a><\/div>\n<\/div>\n\n\n\n<div class=\"wp-block-buttons is-content-justification-right is-layout-flex wp-container-core-buttons-is-layout-d445cf74 wp-block-buttons-is-layout-flex\">\n<div class=\"wp-block-button is-style-fill\"><a class=\"wp-block-button__link has-heading-color has-white-background-color has-text-color has-background has-link-color wp-element-button\" href=\"https:\/\/reverbdata.ipl.pt\/pt\/\">Voltar \u00e0 Pagina Inicial<\/a><\/div>\n<\/div>\n<\/div>","protected":false},"excerpt":{"rendered":"<p>The Library is approx. 80 m long by approx. 13 m wide, with a ceiling height of approx. 11 m from the floor to the vault and approx. 13 m from the floor to the central vault. Main materials: marble, plaster, wood, books. Measurement points and source location The sound source was placed in the [&hellip;]<\/p>\n","protected":false},"author":4,"featured_media":1258,"parent":514,"menu_order":0,"comment_status":"closed","ping_status":"closed","template":"","meta":{"footnotes":""},"class_list":["post-1290","page","type-page","status-publish","has-post-thumbnail","hentry"],"featured_image_src":"https:\/\/reverbdata.ipl.pt\/wp-content\/uploads\/2025\/01\/IMG_4630_2-rotated.jpeg","_links":{"self":[{"href":"https:\/\/reverbdata.ipl.pt\/pt\/wp-json\/wp\/v2\/pages\/1290","targetHints":{"allow":["GET"]}}],"collection":[{"href":"https:\/\/reverbdata.ipl.pt\/pt\/wp-json\/wp\/v2\/pages"}],"about":[{"href":"https:\/\/reverbdata.ipl.pt\/pt\/wp-json\/wp\/v2\/types\/page"}],"author":[{"embeddable":true,"href":"https:\/\/reverbdata.ipl.pt\/pt\/wp-json\/wp\/v2\/users\/4"}],"replies":[{"embeddable":true,"href":"https:\/\/reverbdata.ipl.pt\/pt\/wp-json\/wp\/v2\/comments?post=1290"}],"version-history":[{"count":6,"href":"https:\/\/reverbdata.ipl.pt\/pt\/wp-json\/wp\/v2\/pages\/1290\/revisions"}],"predecessor-version":[{"id":2223,"href":"https:\/\/reverbdata.ipl.pt\/pt\/wp-json\/wp\/v2\/pages\/1290\/revisions\/2223"}],"up":[{"embeddable":true,"href":"https:\/\/reverbdata.ipl.pt\/pt\/wp-json\/wp\/v2\/pages\/514"}],"wp:featuredmedia":[{"embeddable":true,"href":"https:\/\/reverbdata.ipl.pt\/pt\/wp-json\/wp\/v2\/media\/1258"}],"wp:attachment":[{"href":"https:\/\/reverbdata.ipl.pt\/pt\/wp-json\/wp\/v2\/media?parent=1290"}],"curies":[{"name":"wp","href":"https:\/\/api.w.org\/{rel}","templated":true}]}}