{"id":1743,"date":"2025-09-20T15:15:13","date_gmt":"2025-09-20T15:15:13","guid":{"rendered":"https:\/\/reverbdata.ipl.pt\/?page_id=1743"},"modified":"2025-11-13T00:23:26","modified_gmt":"2025-11-13T00:23:26","slug":"national-pantheon-church-of-santa-engracia","status":"publish","type":"page","link":"https:\/\/reverbdata.ipl.pt\/pt\/reverbdata\/national-pantheon-church-of-santa-engracia\/","title":{"rendered":"Pante\u00e3o Nacional - Igreja de Santa Engr\u00e1cia"},"content":{"rendered":"<div class=\"wp-block-group has-global-padding is-layout-constrained wp-container-core-group-is-layout-1746d7f9 wp-block-group-is-layout-constrained\" style=\"min-height:0px;padding-top:0;padding-right:0;padding-bottom:0;padding-left:0\">\n<div class=\"wp-block-group has-global-padding is-layout-constrained wp-container-core-group-is-layout-67eb8b2f wp-block-group-is-layout-constrained\" style=\"min-height:0px;margin-top:0;margin-bottom:0;padding-right:0;padding-left:0\">\n<div class=\"wp-block-columns is-layout-flex wp-container-core-columns-is-layout-e7da8a79 wp-block-columns-is-layout-flex\" style=\"border-style:none;border-width:0px;padding-right:0;padding-left:0\">\n<div class=\"wp-block-column has-global-padding is-layout-constrained wp-block-column-is-layout-constrained\" style=\"flex-basis:50%\"><h3 class=\"has-link-color wp-elements-d2e51c92208a6a2a5b724660ce272c42 wp-block-post-title has-text-color has-custom-color-1-color\">Pante\u00e3o Nacional - Igreja de Santa Engr\u00e1cia<\/h3>\n\n\n<figure class=\"wp-block-image size-full\"><img loading=\"lazy\" decoding=\"async\" width=\"1920\" height=\"2560\" src=\"https:\/\/reverbdata.ipl.pt\/wp-content\/uploads\/2025\/09\/IMG_3612-scaled.jpg\" alt=\"\" class=\"wp-image-1757\" srcset=\"https:\/\/reverbdata.ipl.pt\/wp-content\/uploads\/2025\/09\/IMG_3612-scaled.jpg 1920w, https:\/\/reverbdata.ipl.pt\/wp-content\/uploads\/2025\/09\/IMG_3612-225x300.jpg 225w, https:\/\/reverbdata.ipl.pt\/wp-content\/uploads\/2025\/09\/IMG_3612-768x1024.jpg 768w, https:\/\/reverbdata.ipl.pt\/wp-content\/uploads\/2025\/09\/IMG_3612-1152x1536.jpg 1152w, https:\/\/reverbdata.ipl.pt\/wp-content\/uploads\/2025\/09\/IMG_3612-1536x2048.jpg 1536w, https:\/\/reverbdata.ipl.pt\/wp-content\/uploads\/2025\/09\/IMG_3612-9x12.jpg 9w, https:\/\/reverbdata.ipl.pt\/wp-content\/uploads\/2025\/09\/IMG_3612-200x267.jpg 200w\" sizes=\"auto, (max-width: 1920px) 100vw, 1920px\" \/><\/figure>\n\n\n\n<p class=\"justify-text has-body-text-color has-text-color has-link-color wp-elements-e5c3a1ee50ef25db3f9618d1abc82a54\">A Nave Central \u00e9 caracterizada n\u00e3o s\u00f3 pelas suas propor\u00e7\u00f5es pouco habituais, mas, sobretudo, pelo seu desenho inovador e pela originalidade das paredes onduladas, a primeira solu\u00e7\u00e3o do g\u00e9nero ensaiada em Portugal, a Igreja de Santa Engr\u00e1cia-Pante\u00e3o Nacional \u00e9 um monumento \u00fanico na arquitectura do Barroco portugu\u00eas. Trata-se de um edif\u00edcio com planta em cruz grega, ou seja, definindo uma cruz de quatro bra\u00e7os iguais, com al\u00e7ados curvos marcados nos \u00e2ngulos por torre\u00f5es.<\/p>\n\n\n\n<p class=\"justify-text has-body-text-color has-text-color has-link-color wp-elements-b386662839231f0911ac2d2092579369\">No seu interior animado pela magn\u00edfica decora\u00e7\u00e3o de m\u00e1rmores coloridos e encimado pela majestosa c\u00fapula, que se ergue a 50 m de altura, encontram-se os cenot\u00e1fios de Nuno \u00c1lvares Pereira, Infante D. Henrique, Pedro \u00c1lvares Cabral, Afonso de Albuquerque, Vasco da Gama e Lu\u00eds de Cam\u00f5es. O Coro-Alto \u00e9 um espa\u00e7o organizado em anfiteatro, outrora reservado \u00e0 entoa\u00e7\u00e3o de c\u00e2nticos religiosos e permite pela sua localiza\u00e7\u00e3o uma perspetiva da nave central e das suas semic\u00fapulas bem como do magn\u00edfico \u00f3rg\u00e3o hist\u00f3rico do s\u00e9culo XVIII que ocupa o altar-mor da Igreja.<\/p>\n\n\n\n<p class=\"justify-text has-body-text-color has-text-color has-link-color wp-elements-df9788dc2bf6c8cf902339cbdb013462\">A Igreja-Pante\u00e3o tem dimens\u00f5es aproximadas de ca. 40 m de comprimento por 40 m de largura (cruz grega) com um p\u00e9 direito de ca. 70 m do ch\u00e3o ao zimb\u00f3rio.<\/p>\n\n\n\n<p class=\"justify-text has-body-text-color has-text-color has-link-color wp-elements-54c2a1a4ce0ef27537a7328b930be95b\">Principais materiais: m\u00e1rmore.<\/p>\n<\/div>\n\n\n\n<div class=\"wp-block-column has-global-padding is-layout-constrained wp-block-column-is-layout-constrained\" style=\"padding-top:3rem;padding-bottom:0;flex-basis:60%\">\n<h5 class=\"wp-block-heading has-text-align-left has-custom-color-1-color has-text-color has-link-color wp-elements-0af1a90c92a9bc15e815f0249dc07532\" style=\"padding-top:0rem;padding-bottom:0rem\">Pontos de medi\u00e7\u00e3o e localiza\u00e7\u00e3o da fonte ac\u00fastica<\/h5>\n\n\n\n<p class=\"justify-text has-body-text-color has-text-color has-link-color wp-elements-128ad8a743cde83146c75feef9a90ae8\">A fonte sonora foi colocada no p\u00falpito sudeste (S1), junto do altar-mor (S2) e no coro alto (S3). As aquisi\u00e7\u00f5es e registos ac\u00fasticos foram realizados em cinco locais da Igreja, na \u00e1rea prevista para os fi\u00e9is, na nave.<\/p>\n\n\n\n<figure class=\"wp-block-image alignwide size-full\"><img loading=\"lazy\" decoding=\"async\" width=\"869\" height=\"2560\" src=\"https:\/\/reverbdata.ipl.pt\/wp-content\/uploads\/2025\/09\/Measurement_locations_all_2-scaled.jpg\" alt=\"\" class=\"wp-image-1747\" srcset=\"https:\/\/reverbdata.ipl.pt\/wp-content\/uploads\/2025\/09\/Measurement_locations_all_2-scaled.jpg 869w, https:\/\/reverbdata.ipl.pt\/wp-content\/uploads\/2025\/09\/Measurement_locations_all_2-102x300.jpg 102w, https:\/\/reverbdata.ipl.pt\/wp-content\/uploads\/2025\/09\/Measurement_locations_all_2-348x1024.jpg 348w, https:\/\/reverbdata.ipl.pt\/wp-content\/uploads\/2025\/09\/Measurement_locations_all_2-768x2263.jpg 768w, https:\/\/reverbdata.ipl.pt\/wp-content\/uploads\/2025\/09\/Measurement_locations_all_2-521x1536.jpg 521w, https:\/\/reverbdata.ipl.pt\/wp-content\/uploads\/2025\/09\/Measurement_locations_all_2-695x2048.jpg 695w, https:\/\/reverbdata.ipl.pt\/wp-content\/uploads\/2025\/09\/Measurement_locations_all_2-4x12.jpg 4w, https:\/\/reverbdata.ipl.pt\/wp-content\/uploads\/2025\/09\/Measurement_locations_all_2-200x589.jpg 200w\" sizes=\"auto, (max-width: 869px) 100vw, 869px\" \/><\/figure>\n<\/div>\n<\/div>\n<\/div>\n\n\n\n<div class=\"wp-block-group has-global-padding is-layout-constrained wp-block-group-is-layout-constrained\">\n<div style=\"height:10px\" aria-hidden=\"true\" class=\"wp-block-spacer\"><\/div>\n\n\n\n<h3 class=\"wp-block-heading has-custom-color-1-color has-text-color has-link-color wp-elements-01bca5ce57de3daa64864e37b5fec474\">Ficheiros de \u00c1udio de Demonstra\u00e7\u00e3o<\/h3>\n\n\n\n<h6 class=\"wp-block-heading has-custom-color-1-color has-text-color has-link-color wp-elements-5d0b8381b06338b31183daec91eb03ed\">\"Discurso masculino e feminino\" -&gt; Original<\/h6>\n\n\n\n<figure class=\"wp-block-audio\"><audio controls src=\"https:\/\/reverbdata.ipl.pt\/wp-content\/uploads\/2024\/10\/Male_and_Female_speech_40s.wav\"><\/audio><\/figure>\n\n\n\n<h6 class=\"wp-block-heading has-custom-color-1-color has-text-color has-link-color wp-elements-80505ec05fcab08737b30cdef42b6a7e\">\"Discurso masculino e feminino\" -&gt; Processado em Est\u00e9reo<\/h6>\n\n\n\n<figure class=\"wp-block-audio\"><audio controls src=\"https:\/\/reverbdata.ipl.pt\/wp-content\/uploads\/2025\/09\/Male_and_Female_speech_Stereo_40s.wav\"><\/audio><figcaption class=\"wp-element-caption\">Fonte Ac\u00fastica no P\u00falpito (S1) e sistema de aquisi\u00e7\u00e3o na Posi\u00e7\u00e3o 2; T<sub>30,wide<\/sub>&nbsp;= 14.70 s<\/figcaption><\/figure>\n\n\n\n<h6 class=\"wp-block-heading has-custom-color-1-color has-text-color has-link-color wp-elements-38add5d4e3ba7495cf5b907e61d1b2c2\">\"Discurso masculino e feminino\" -&gt; Processado em Binaural (usar headphones)<\/h6>\n\n\n\n<figure class=\"wp-block-audio\"><audio controls src=\"https:\/\/reverbdata.ipl.pt\/wp-content\/uploads\/2025\/09\/Male_and_Female_speech_Binaural_40s.wav\"><\/audio><figcaption class=\"wp-element-caption\">Fonte Ac\u00fastica no P\u00falpito (S1) e sistema de aquisi\u00e7\u00e3o na Posi\u00e7\u00e3o 2; T<sub>30,wide<\/sub>&nbsp;= 14.70 s<\/figcaption><\/figure>\n\n\n\n<h6 class=\"wp-block-heading has-custom-color-1-color has-text-color has-link-color wp-elements-8b021da4f6891343264ec4075f892193\">\u201cGuitar_Capriccio_Arabe_Tarrega\u201d -&gt; Original<\/h6>\n\n\n\n<figure class=\"wp-block-audio\"><audio controls src=\"https:\/\/reverbdata.ipl.pt\/wp-content\/uploads\/2024\/10\/Guitar_Capriccio_Arabe_Tarrega_40s.wav\"><\/audio><\/figure>\n\n\n\n<h6 class=\"wp-block-heading has-custom-color-1-color has-text-color has-link-color wp-elements-da811de222d07d25a08b3306dca9165a\">\u201cGuitar_Capriccio_Arabe_Tarrega\u201d -&gt; Processado em Est\u00e9reo<\/h6>\n\n\n\n<figure class=\"wp-block-audio\"><audio controls src=\"https:\/\/reverbdata.ipl.pt\/wp-content\/uploads\/2025\/09\/Guitar_Capriccio_Arabe_Tarrega_Stereo_40s.wav\"><\/audio><figcaption class=\"wp-element-caption\">Fonte Ac\u00fastica no P\u00falpito (S1) e sistema de aquisi\u00e7\u00e3o na Posi\u00e7\u00e3o 2; T<sub>30,wide<\/sub>&nbsp;= 14.70 s<\/figcaption><\/figure>\n\n\n\n<h6 class=\"wp-block-heading has-custom-color-1-color has-text-color has-link-color wp-elements-3e4b1e9003c333e6a9be23ad9cfcf89e\">\u201cGuitar_Capriccio_Arabe_Tarrega\u201d -&gt; Processado em Binaural (usar headphones)<\/h6>\n\n\n\n<figure class=\"wp-block-audio\"><audio controls src=\"https:\/\/reverbdata.ipl.pt\/wp-content\/uploads\/2025\/09\/Guitar_Capriccio_Arabe_Tarrega_Binaural_40s.wav\"><\/audio><figcaption class=\"wp-element-caption\">Fonte Ac\u00fastica no P\u00falpito (S1) e sistema de aquisi\u00e7\u00e3o na Posi\u00e7\u00e3o 2; T<sub>30,wide<\/sub>&nbsp;= 14.70 s<\/figcaption><\/figure>\n\n\n\n<h6 class=\"wp-block-heading has-custom-color-1-color has-text-color has-link-color wp-elements-5e3ef03a3904366221432726cf86b293\">\u201cKyrie_Missa_Notre_Dame_Guillame_de_Machaut\u201d -&gt; Original<\/h6>\n\n\n\n<figure class=\"wp-block-audio\"><audio controls src=\"https:\/\/reverbdata.ipl.pt\/wp-content\/uploads\/2024\/10\/Kyrie_Missa_Notre_Dame_Guillame_de_Machaut_40s.wav\"><\/audio><\/figure>\n\n\n\n<h6 class=\"wp-block-heading has-custom-color-1-color has-text-color has-link-color wp-elements-c8ec8eb0b94e1c4a27ce45cb43d2255f\">\u201cKyrie_Missa_Notre_Dame_Guillame_de_Machaut\u201d -&gt; Processado em Est\u00e9reo<\/h6>\n\n\n\n<figure class=\"wp-block-audio\"><audio controls src=\"https:\/\/reverbdata.ipl.pt\/wp-content\/uploads\/2025\/09\/Kyrie_Missa_Notre_Dame_Guillaume_de_Machaut_Stereo_40s.wav\"><\/audio><figcaption class=\"wp-element-caption\">Fonte Ac\u00fastica no P\u00falpito (S1) e sistema de aquisi\u00e7\u00e3o na Posi\u00e7\u00e3o 2; T<sub>30,wide<\/sub>&nbsp;= 14.70 s<\/figcaption><\/figure>\n\n\n\n<h6 class=\"wp-block-heading has-custom-color-1-color has-text-color has-link-color wp-elements-ee7412d73cf813a98ed7e6f4bd41f78f\">\u201cKyrie_Missa_Notre_Dame_Guillame_de_Machaut\u201d -&gt; Processado em Binaural (usar headphones)<\/h6>\n\n\n\n<figure class=\"wp-block-audio\"><audio controls src=\"https:\/\/reverbdata.ipl.pt\/wp-content\/uploads\/2025\/09\/Kyrie_Missa_Notre_Dame_Guillaume_de_Machaut_Binaural_40s.wav\"><\/audio><figcaption class=\"wp-element-caption\">Fonte Ac\u00fastica no P\u00falpito (S1) e sistema de aquisi\u00e7\u00e3o na Posi\u00e7\u00e3o 2; T<sub>30,wide<\/sub>&nbsp;= 14.70 s<\/figcaption><\/figure>\n\n\n\n<div style=\"height:30px\" aria-hidden=\"true\" class=\"wp-block-spacer\"><\/div>\n\n\n\n<div class=\"wp-block-group has-custom-color-1-background-color has-background has-global-padding is-layout-constrained wp-container-core-group-is-layout-e8732830 wp-block-group-is-layout-constrained\" style=\"min-height:0px;margin-top:0;margin-bottom:0;padding-right:5rem;padding-left:5rem\">\n<h3 class=\"wp-block-heading has-text-align-center has-base-color has-text-color has-link-color wp-elements-bdebf145cae9fa4460087a537381715d\" style=\"padding-top:0;padding-right:0;padding-bottom:0;padding-left:0\">Ficheiros de Resposta ao Impulso do Espa\u00e7o<\/h3>\n\n\n\n<div class=\"wp-block-buttons alignwide is-horizontal is-content-justification-center is-layout-flex wp-container-core-buttons-is-layout-967d4589 wp-block-buttons-is-layout-flex\" style=\"margin-top:var(--wp--preset--spacing--40);margin-bottom:0\">\n<div class=\"wp-block-button is-style-fill\"><a class=\"wp-block-button__link has-section-bg-color has-heading-background-color has-text-color has-background has-link-color has-text-align-center wp-element-button\" href=\"https:\/\/iplx-my.sharepoint.com\/:f:\/g\/personal\/reverbdata_esml_ipl_pt\/Ev8nox0QWV1KvrZDWeb8jIsBPubiXCWH6pbMsjrzbLNSFQ?e=vGLHmQ\" style=\"border-style:none;border-width:0px\"><strong>Download<\/strong><\/a><\/div>\n<\/div>\n<\/div>\n\n\n\n<div class=\"wp-block-buttons is-content-justification-right is-layout-flex wp-container-core-buttons-is-layout-d445cf74 wp-block-buttons-is-layout-flex\">\n<div class=\"wp-block-button is-style-fill\"><a class=\"wp-block-button__link has-heading-color has-white-background-color has-text-color has-background has-link-color wp-element-button\" href=\"https:\/\/reverbdata.ipl.pt\/pt\/\">Voltar \u00e0 Pagina Inicial<\/a><\/div>\n<\/div>\n<\/div>\n<\/div>","protected":false},"excerpt":{"rendered":"<p>The Central Nave is characterized not only by its unusual proportions, but above all by its innovative design and the originality of its undulating walls \u2014 the first with such design tried in Portugal. The Church of Santa Engr\u00e1cia &#8211; National Pantheon is a unique monument in Portuguese Baroque architecture. It is a building with [&hellip;]<\/p>\n","protected":false},"author":4,"featured_media":1757,"parent":514,"menu_order":0,"comment_status":"closed","ping_status":"closed","template":"","meta":{"footnotes":""},"class_list":["post-1743","page","type-page","status-publish","has-post-thumbnail","hentry"],"featured_image_src":"https:\/\/reverbdata.ipl.pt\/wp-content\/uploads\/2025\/09\/IMG_3612-scaled.jpg","_links":{"self":[{"href":"https:\/\/reverbdata.ipl.pt\/pt\/wp-json\/wp\/v2\/pages\/1743","targetHints":{"allow":["GET"]}}],"collection":[{"href":"https:\/\/reverbdata.ipl.pt\/pt\/wp-json\/wp\/v2\/pages"}],"about":[{"href":"https:\/\/reverbdata.ipl.pt\/pt\/wp-json\/wp\/v2\/types\/page"}],"author":[{"embeddable":true,"href":"https:\/\/reverbdata.ipl.pt\/pt\/wp-json\/wp\/v2\/users\/4"}],"replies":[{"embeddable":true,"href":"https:\/\/reverbdata.ipl.pt\/pt\/wp-json\/wp\/v2\/comments?post=1743"}],"version-history":[{"count":6,"href":"https:\/\/reverbdata.ipl.pt\/pt\/wp-json\/wp\/v2\/pages\/1743\/revisions"}],"predecessor-version":[{"id":1772,"href":"https:\/\/reverbdata.ipl.pt\/pt\/wp-json\/wp\/v2\/pages\/1743\/revisions\/1772"}],"up":[{"embeddable":true,"href":"https:\/\/reverbdata.ipl.pt\/pt\/wp-json\/wp\/v2\/pages\/514"}],"wp:featuredmedia":[{"embeddable":true,"href":"https:\/\/reverbdata.ipl.pt\/pt\/wp-json\/wp\/v2\/media\/1757"}],"wp:attachment":[{"href":"https:\/\/reverbdata.ipl.pt\/pt\/wp-json\/wp\/v2\/media?parent=1743"}],"curies":[{"name":"wp","href":"https:\/\/api.w.org\/{rel}","templated":true}]}}