{"id":1803,"date":"2025-10-14T10:30:37","date_gmt":"2025-10-14T10:30:37","guid":{"rendered":"https:\/\/reverbdata.ipl.pt\/?page_id=1803"},"modified":"2025-11-27T11:23:04","modified_gmt":"2025-11-27T11:23:04","slug":"church-of-monastery-of-alcobaca","status":"publish","type":"page","link":"https:\/\/reverbdata.ipl.pt\/pt\/reverbdata\/church-of-monastery-of-alcobaca\/","title":{"rendered":"Igreja do Mosteiro de Alcoba\u00e7a"},"content":{"rendered":"<div class=\"wp-block-group has-global-padding is-layout-constrained wp-block-group-is-layout-constrained\">\n<div class=\"wp-block-group has-global-padding is-layout-constrained wp-block-group-is-layout-constrained\">\n<div class=\"wp-block-columns is-layout-flex wp-container-core-columns-is-layout-0f3590de wp-block-columns-is-layout-flex\">\n<div class=\"wp-block-column is-layout-flow wp-block-column-is-layout-flow\" style=\"flex-basis:50%\"><h3 class=\"has-link-color wp-elements-d2e51c92208a6a2a5b724660ce272c42 wp-block-post-title has-text-color has-custom-color-1-color\">Igreja do Mosteiro de Alcoba\u00e7a<\/h3>\n\n\n<figure class=\"wp-block-image size-full\"><img loading=\"lazy\" decoding=\"async\" width=\"1919\" height=\"2560\" src=\"https:\/\/reverbdata.ipl.pt\/wp-content\/uploads\/2025\/10\/IMG_3742-scaled.jpg\" alt=\"\" class=\"wp-image-1807\" srcset=\"https:\/\/reverbdata.ipl.pt\/wp-content\/uploads\/2025\/10\/IMG_3742-scaled.jpg 1919w, https:\/\/reverbdata.ipl.pt\/wp-content\/uploads\/2025\/10\/IMG_3742-225x300.jpg 225w, https:\/\/reverbdata.ipl.pt\/wp-content\/uploads\/2025\/10\/IMG_3742-768x1024.jpg 768w, https:\/\/reverbdata.ipl.pt\/wp-content\/uploads\/2025\/10\/IMG_3742-1152x1536.jpg 1152w, https:\/\/reverbdata.ipl.pt\/wp-content\/uploads\/2025\/10\/IMG_3742-1536x2048.jpg 1536w, https:\/\/reverbdata.ipl.pt\/wp-content\/uploads\/2025\/10\/IMG_3742-9x12.jpg 9w, https:\/\/reverbdata.ipl.pt\/wp-content\/uploads\/2025\/10\/IMG_3742-200x267.jpg 200w\" sizes=\"auto, (max-width: 1919px) 100vw, 1919px\" \/><\/figure>\n\n\n\n<p class=\"justify-text has-body-text-color has-text-color has-link-color wp-elements-6f481ee880c7c0a0dff3ab0d1f72ef24\">A Igreja tem dimens\u00f5es aproximadas de 100 m de comprimento por 20 m de largura, e 52 m de largura no transepto, com um p\u00e9 direito de ca. 22 m do ch\u00e3o \u00e0 ab\u00f3boda da nave. A sua \u00e1rea \u00e9, portanto, de ca. 2752 m2, o seu volume de ca. 55000 m3.<\/p>\n\n\n\n<p class=\"justify-text has-body-text-color has-text-color has-link-color wp-elements-b5b842dbd9b8a9eb9fc9b0ae656d28c6\">Principais materiais: alvenaria mista, cantaria de calc\u00e1rio, madeira.<\/p>\n<\/div>\n\n\n\n<div class=\"wp-block-column is-layout-flow wp-block-column-is-layout-flow\" style=\"padding-top:3rem;flex-basis:50%\">\n<h5 class=\"wp-block-heading has-text-align-left has-custom-color-1-color has-text-color has-link-color wp-elements-8a45a6902f43687e0844961954a22124\" id=\"0-measurement-points-and-source-location\">Pontos de medi\u00e7\u00e3o e localiza\u00e7\u00e3o da fonte ac\u00fastica<\/h5>\n\n\n\n<p class=\"justify-text has-body-text-color has-text-color has-link-color wp-elements-8f520968839a61d1693f1f1dea7dce0e\">A fonte sonora foi colocada junto do altar-mor, numa posi\u00e7\u00e3o centrada com a nave (S1). Foram realizadas aquisi\u00e7\u00f5es e registos ac\u00fasticos em 6 locais da Igreja: 3 na nave central na \u00e1rea prevista para os fi\u00e9is (Pos1, Pos2, Pos3), 2 na nave lateral sul (Pos4, Pos5) e 1 no transepto sul (Pos6).<\/p>\n\n\n\n<figure class=\"wp-block-image alignwide size-full is-style-default\"><img loading=\"lazy\" decoding=\"async\" width=\"1313\" height=\"2560\" src=\"https:\/\/reverbdata.ipl.pt\/wp-content\/uploads\/2025\/10\/Church_Measure-scaled.jpg\" alt=\"\" class=\"wp-image-1808\" srcset=\"https:\/\/reverbdata.ipl.pt\/wp-content\/uploads\/2025\/10\/Church_Measure-scaled.jpg 1313w, https:\/\/reverbdata.ipl.pt\/wp-content\/uploads\/2025\/10\/Church_Measure-154x300.jpg 154w, https:\/\/reverbdata.ipl.pt\/wp-content\/uploads\/2025\/10\/Church_Measure-525x1024.jpg 525w, https:\/\/reverbdata.ipl.pt\/wp-content\/uploads\/2025\/10\/Church_Measure-768x1498.jpg 768w, https:\/\/reverbdata.ipl.pt\/wp-content\/uploads\/2025\/10\/Church_Measure-788x1536.jpg 788w, https:\/\/reverbdata.ipl.pt\/wp-content\/uploads\/2025\/10\/Church_Measure-1050x2048.jpg 1050w, https:\/\/reverbdata.ipl.pt\/wp-content\/uploads\/2025\/10\/Church_Measure-6x12.jpg 6w, https:\/\/reverbdata.ipl.pt\/wp-content\/uploads\/2025\/10\/Church_Measure-200x390.jpg 200w\" sizes=\"auto, (max-width: 1313px) 100vw, 1313px\" \/><\/figure>\n<\/div>\n<\/div>\n<\/div>\n<\/div>\n\n\n\n<div class=\"wp-block-group has-global-padding is-layout-constrained wp-block-group-is-layout-constrained\">\n<div style=\"height:20px\" aria-hidden=\"true\" class=\"wp-block-spacer\"><\/div>\n\n\n\n<h3 class=\"wp-block-heading has-custom-color-1-color has-text-color has-link-color wp-elements-01bca5ce57de3daa64864e37b5fec474\">Ficheiros de \u00c1udio de Demonstra\u00e7\u00e3o<\/h3>\n\n\n\n<h6 class=\"wp-block-heading has-custom-color-1-color has-text-color has-link-color wp-elements-5d0b8381b06338b31183daec91eb03ed\">\"Discurso masculino e feminino\" -&gt; Original<\/h6>\n\n\n\n<figure class=\"wp-block-audio\"><audio controls src=\"https:\/\/reverbdata.ipl.pt\/wp-content\/uploads\/2025\/03\/Male_and_Female_speech_40s-1.wav\"><\/audio><\/figure>\n\n\n\n<h6 class=\"wp-block-heading has-custom-color-1-color has-text-color has-link-color wp-elements-05d1ab4ec7b116d35a88f5889981f89b\">\"Discurso masculino e feminino\" -&gt; Processado em Est\u00e9reo<\/h6>\n\n\n\n<figure class=\"wp-block-audio\"><audio controls src=\"https:\/\/reverbdata.ipl.pt\/wp-content\/uploads\/2025\/10\/Male_and_Female_speech_Stereo_40s.wav\"><\/audio><figcaption class=\"wp-element-caption\">Fonte Ac\u00fastica junto ao altar (S1) e sistema de aquisi\u00e7\u00e3o na Posi\u00e7\u00e3o 2; T<sub>30,wide<\/sub>&nbsp;= 12.38 s<\/figcaption><\/figure>\n\n\n\n<h6 class=\"wp-block-heading has-custom-color-1-color has-text-color has-link-color wp-elements-cefd33f3fd0d3ace7f548d7653c7219d\">\"Discurso masculino e feminino\" -&gt; Processado em Binaural (usar headphones)<\/h6>\n\n\n\n<figure class=\"wp-block-audio\"><audio controls src=\"https:\/\/reverbdata.ipl.pt\/wp-content\/uploads\/2025\/10\/Male_and_Female_speech_Binaural_40s.wav\"><\/audio><figcaption class=\"wp-element-caption\">Fonte Ac\u00fastica junto ao altar (S1) e sistema de aquisi\u00e7\u00e3o na Posi\u00e7\u00e3o 2; T<sub>30,wide<\/sub>&nbsp;= 12.38 s<\/figcaption><\/figure>\n\n\n\n<h6 class=\"wp-block-heading has-custom-color-1-color has-text-color has-link-color wp-elements-8b021da4f6891343264ec4075f892193\">\u201cGuitar_Capriccio_Arabe_Tarrega\u201d -&gt; Original<\/h6>\n\n\n\n<figure class=\"wp-block-audio\"><audio controls src=\"https:\/\/reverbdata.ipl.pt\/wp-content\/uploads\/2025\/03\/Guitar_Capriccio_Arabe_Tarrega_40s-1.wav\"><\/audio><\/figure>\n\n\n\n<h6 class=\"wp-block-heading has-custom-color-1-color has-text-color has-link-color wp-elements-da811de222d07d25a08b3306dca9165a\">\u201cGuitar_Capriccio_Arabe_Tarrega\u201d -&gt; Processado em Est\u00e9reo<\/h6>\n\n\n\n<figure class=\"wp-block-audio\"><audio controls src=\"https:\/\/reverbdata.ipl.pt\/wp-content\/uploads\/2025\/10\/Guitar_Capriccio_Arabe_Tarrega_Stereo_40s.wav\"><\/audio><figcaption class=\"wp-element-caption\">Fonte Ac\u00fastica junto ao altar (S1) e sistema de aquisi\u00e7\u00e3o na Posi\u00e7\u00e3o 2; T<sub>30,wide<\/sub>&nbsp;= 12.38 s<\/figcaption><\/figure>\n\n\n\n<h6 class=\"wp-block-heading has-custom-color-1-color has-text-color has-link-color wp-elements-3e4b1e9003c333e6a9be23ad9cfcf89e\">\u201cGuitar_Capriccio_Arabe_Tarrega\u201d -&gt; Processado em Binaural (usar headphones)<\/h6>\n\n\n\n<figure class=\"wp-block-audio\"><audio controls src=\"https:\/\/reverbdata.ipl.pt\/wp-content\/uploads\/2025\/10\/Guitar_Capriccio_Arabe_Tarrega_Binaural_40s.wav\"><\/audio><figcaption class=\"wp-element-caption\">Fonte Ac\u00fastica junto ao altar (S1) e sistema de aquisi\u00e7\u00e3o na Posi\u00e7\u00e3o 2; T<sub>30,wide<\/sub>&nbsp;= 12.38 s<\/figcaption><\/figure>\n\n\n\n<h6 class=\"wp-block-heading has-custom-color-1-color has-text-color has-link-color wp-elements-5e3ef03a3904366221432726cf86b293\">\u201cKyrie_Missa_Notre_Dame_Guillame_de_Machaut\u201d -&gt; Original<\/h6>\n\n\n\n<figure class=\"wp-block-audio\"><audio controls src=\"https:\/\/reverbdata.ipl.pt\/wp-content\/uploads\/2025\/03\/Kyrie_Missa_Notre_Dame_Guillaume_de_Machaut_40s-1.wav\"><\/audio><\/figure>\n\n\n\n<h6 class=\"wp-block-heading has-custom-color-1-color has-text-color has-link-color wp-elements-c8ec8eb0b94e1c4a27ce45cb43d2255f\">\u201cKyrie_Missa_Notre_Dame_Guillame_de_Machaut\u201d -&gt; Processado em Est\u00e9reo<\/h6>\n\n\n\n<figure class=\"wp-block-audio\"><audio controls src=\"https:\/\/reverbdata.ipl.pt\/wp-content\/uploads\/2025\/10\/Kyrie_Missa_Notre_Dame_Guillaume_de_Machaut_Stereo_40s.wav\"><\/audio><figcaption class=\"wp-element-caption\">Fonte Ac\u00fastica junto ao altar (S1) e sistema de aquisi\u00e7\u00e3o na Posi\u00e7\u00e3o 2; T<sub>30,wide<\/sub>&nbsp;= 12.38 s<\/figcaption><\/figure>\n\n\n\n<h6 class=\"wp-block-heading has-custom-color-1-color has-text-color has-link-color wp-elements-ee7412d73cf813a98ed7e6f4bd41f78f\">\u201cKyrie_Missa_Notre_Dame_Guillame_de_Machaut\u201d -&gt; Processado em Binaural (usar headphones)<\/h6>\n\n\n\n<figure class=\"wp-block-audio\"><audio controls src=\"https:\/\/reverbdata.ipl.pt\/wp-content\/uploads\/2025\/10\/Kyrie_Missa_Notre_Dame_Guillaume_de_Machaut_Binaural_40s.wav\"><\/audio><figcaption class=\"wp-element-caption\">Fonte Ac\u00fastica junto ao altar (S1) e sistema de aquisi\u00e7\u00e3o na Posi\u00e7\u00e3o 2; T<sub>30,wide<\/sub>&nbsp;= 12.38 s<\/figcaption><\/figure>\n\n\n\n<div style=\"height:20px\" aria-hidden=\"true\" class=\"wp-block-spacer\"><\/div>\n\n\n\n<div class=\"wp-block-group has-custom-color-1-background-color has-background has-global-padding is-layout-constrained wp-container-core-group-is-layout-e8732830 wp-block-group-is-layout-constrained\" style=\"min-height:0px;margin-top:0;margin-bottom:0;padding-right:5rem;padding-left:5rem\">\n<h3 class=\"wp-block-heading has-text-align-center has-base-color has-text-color has-link-color wp-elements-208eb43f39c0bbfef20ac2391bb35c4e\" id=\"1-room-impulse-response-files\" style=\"padding-top:0;padding-right:0;padding-bottom:0;padding-left:0\">Ficheiros de Resposta ao Impulso do Espa\u00e7o<\/h3>\n\n\n\n<div class=\"wp-block-buttons alignwide is-horizontal is-content-justification-center is-layout-flex wp-container-core-buttons-is-layout-967d4589 wp-block-buttons-is-layout-flex\" style=\"margin-top:var(--wp--preset--spacing--40);margin-bottom:0\">\n<div class=\"wp-block-button is-style-fill\"><a class=\"wp-block-button__link has-section-bg-color has-heading-background-color has-text-color has-background has-link-color has-text-align-center wp-element-button\" href=\"https:\/\/iplx-my.sharepoint.com\/:f:\/g\/personal\/reverbdata_esml_ipl_pt\/EkKrC01kzARDs75eoRbNUBoBxzGZiVZ3SRiIDd-9lHo2AA?e=8f3XWN\" style=\"border-style:none;border-width:0px\"><strong>Download<\/strong><\/a><\/div>\n<\/div>\n<\/div>\n\n\n\n<div class=\"wp-block-buttons is-content-justification-left is-layout-flex wp-container-core-buttons-is-layout-fc4fd283 wp-block-buttons-is-layout-flex\">\n<div class=\"wp-block-button is-style-outline is-style-outline--1\"><a class=\"wp-block-button__link has-custom-color-1-color has-white-background-color has-text-color has-background has-link-color wp-element-button\" href=\"https:\/\/reverbdata.ipl.pt\/pt\/#monastery-of-alcobaca\">Voltar ao Mosteiro de Alcoba\u00e7a<\/a><\/div>\n<\/div>\n\n\n\n<div class=\"wp-block-buttons is-content-justification-right is-layout-flex wp-container-core-buttons-is-layout-d445cf74 wp-block-buttons-is-layout-flex\">\n<div class=\"wp-block-button is-style-fill\"><a class=\"wp-block-button__link has-heading-color has-white-background-color has-text-color has-background has-link-color wp-element-button\" href=\"https:\/\/reverbdata.ipl.pt\/pt\/\">Voltar \u00e0 Pagina Inicial<\/a><\/div>\n<\/div>\n<\/div>","protected":false},"excerpt":{"rendered":"<p>The church measures approximately 100 m long by 20 m wide, and the transept is 52 m wide, with a ceiling height of approximately 22 m from the floor to the nave vault. Its area is therefore approximately 2,752 m2 and its volume approximately 55,000 m3. Main materials: mixed masonry, limestone stonework, wood. Measurement points [&hellip;]<\/p>\n","protected":false},"author":4,"featured_media":1807,"parent":514,"menu_order":0,"comment_status":"closed","ping_status":"closed","template":"","meta":{"footnotes":""},"class_list":["post-1803","page","type-page","status-publish","has-post-thumbnail","hentry"],"featured_image_src":"https:\/\/reverbdata.ipl.pt\/wp-content\/uploads\/2025\/10\/IMG_3742-scaled.jpg","_links":{"self":[{"href":"https:\/\/reverbdata.ipl.pt\/pt\/wp-json\/wp\/v2\/pages\/1803","targetHints":{"allow":["GET"]}}],"collection":[{"href":"https:\/\/reverbdata.ipl.pt\/pt\/wp-json\/wp\/v2\/pages"}],"about":[{"href":"https:\/\/reverbdata.ipl.pt\/pt\/wp-json\/wp\/v2\/types\/page"}],"author":[{"embeddable":true,"href":"https:\/\/reverbdata.ipl.pt\/pt\/wp-json\/wp\/v2\/users\/4"}],"replies":[{"embeddable":true,"href":"https:\/\/reverbdata.ipl.pt\/pt\/wp-json\/wp\/v2\/comments?post=1803"}],"version-history":[{"count":3,"href":"https:\/\/reverbdata.ipl.pt\/pt\/wp-json\/wp\/v2\/pages\/1803\/revisions"}],"predecessor-version":[{"id":2204,"href":"https:\/\/reverbdata.ipl.pt\/pt\/wp-json\/wp\/v2\/pages\/1803\/revisions\/2204"}],"up":[{"embeddable":true,"href":"https:\/\/reverbdata.ipl.pt\/pt\/wp-json\/wp\/v2\/pages\/514"}],"wp:featuredmedia":[{"embeddable":true,"href":"https:\/\/reverbdata.ipl.pt\/pt\/wp-json\/wp\/v2\/media\/1807"}],"wp:attachment":[{"href":"https:\/\/reverbdata.ipl.pt\/pt\/wp-json\/wp\/v2\/media?parent=1803"}],"curies":[{"name":"wp","href":"https:\/\/api.w.org\/{rel}","templated":true}]}}