{"id":1837,"date":"2025-10-14T11:17:15","date_gmt":"2025-10-14T11:17:15","guid":{"rendered":"https:\/\/reverbdata.ipl.pt\/?page_id=1837"},"modified":"2025-11-27T11:30:28","modified_gmt":"2025-11-27T11:30:28","slug":"dormitory-of-monastery-of-alcobaca","status":"publish","type":"page","link":"https:\/\/reverbdata.ipl.pt\/pt\/reverbdata\/dormitory-of-monastery-of-alcobaca\/","title":{"rendered":"Dormit\u00f3rio do Mosteiro de Alcoba\u00e7a"},"content":{"rendered":"<div class=\"wp-block-group has-global-padding is-layout-constrained wp-block-group-is-layout-constrained\">\n<div class=\"wp-block-group has-global-padding is-layout-constrained wp-block-group-is-layout-constrained\">\n<div class=\"wp-block-columns is-layout-flex wp-container-core-columns-is-layout-0f3590de wp-block-columns-is-layout-flex\">\n<div class=\"wp-block-column is-layout-flow wp-block-column-is-layout-flow\" style=\"flex-basis:50%\"><h3 class=\"has-link-color wp-elements-d2e51c92208a6a2a5b724660ce272c42 wp-block-post-title has-text-color has-custom-color-1-color\">Dormit\u00f3rio do Mosteiro de Alcoba\u00e7a<\/h3>\n\n\n<figure class=\"wp-block-image size-full\"><img loading=\"lazy\" decoding=\"async\" width=\"1920\" height=\"2560\" src=\"https:\/\/reverbdata.ipl.pt\/wp-content\/uploads\/2025\/10\/IMG_3754-scaled.jpg\" alt=\"\" class=\"wp-image-1838\" srcset=\"https:\/\/reverbdata.ipl.pt\/wp-content\/uploads\/2025\/10\/IMG_3754-scaled.jpg 1920w, https:\/\/reverbdata.ipl.pt\/wp-content\/uploads\/2025\/10\/IMG_3754-225x300.jpg 225w, https:\/\/reverbdata.ipl.pt\/wp-content\/uploads\/2025\/10\/IMG_3754-768x1024.jpg 768w, https:\/\/reverbdata.ipl.pt\/wp-content\/uploads\/2025\/10\/IMG_3754-1152x1536.jpg 1152w, https:\/\/reverbdata.ipl.pt\/wp-content\/uploads\/2025\/10\/IMG_3754-1536x2048.jpg 1536w, https:\/\/reverbdata.ipl.pt\/wp-content\/uploads\/2025\/10\/IMG_3754-9x12.jpg 9w, https:\/\/reverbdata.ipl.pt\/wp-content\/uploads\/2025\/10\/IMG_3754-200x267.jpg 200w\" sizes=\"auto, (max-width: 1920px) 100vw, 1920px\" \/><\/figure>\n\n\n\n<p class=\"justify-text has-body-text-color has-text-color has-link-color wp-elements-12de72d9338d585e5ed4ef4f833122be\">O Dormit\u00f3rio, tem uma planta rectangular com ca. 66.5 m x 17.5 m (ca. 1300 m2), e um p\u00e9 direito de ca. 6 m de altura.<\/p>\n\n\n\n<p class=\"justify-text has-body-text-color has-text-color has-link-color wp-elements-8424692bf1bfda0d68b80967e85b3ee5\">Principais materiais: alvenaria mista, cantaria de calc\u00e1rio, reboco e estuque pintado, tijoleira.<\/p>\n<\/div>\n\n\n\n<div class=\"wp-block-column is-layout-flow wp-block-column-is-layout-flow\" style=\"padding-top:3rem;flex-basis:50%\">\n<h5 class=\"wp-block-heading has-text-align-left has-custom-color-1-color has-text-color has-link-color wp-elements-74cf0948a3128ab9f4ecf1f8834f4295\">Pontos de medi\u00e7\u00e3o e localiza\u00e7\u00e3o da fonte ac\u00fastica<\/h5>\n\n\n\n<p class=\"justify-text has-body-text-color has-text-color has-link-color wp-elements-3d902aa4cd57da919715b04c64205459\">A fonte sonora foi colocada no extremo sul do Dormit\u00f3rio, centrada (S1). As aquisi\u00e7\u00f5es e registos ac\u00fasticos foram realizados em 3 locais, longitudinalmente, e centrados, a v\u00e1rias dist\u00e2ncias da fonte (Pos1, Pos2, Pos3).<\/p>\n\n\n\n<figure class=\"wp-block-image alignwide size-full is-style-default\"><img loading=\"lazy\" decoding=\"async\" width=\"1014\" height=\"2560\" src=\"https:\/\/reverbdata.ipl.pt\/wp-content\/uploads\/2025\/10\/Floor_Dormitory_Measure_2-scaled.jpg\" alt=\"\" class=\"wp-image-1840\" srcset=\"https:\/\/reverbdata.ipl.pt\/wp-content\/uploads\/2025\/10\/Floor_Dormitory_Measure_2-scaled.jpg 1014w, https:\/\/reverbdata.ipl.pt\/wp-content\/uploads\/2025\/10\/Floor_Dormitory_Measure_2-119x300.jpg 119w, https:\/\/reverbdata.ipl.pt\/wp-content\/uploads\/2025\/10\/Floor_Dormitory_Measure_2-406x1024.jpg 406w, https:\/\/reverbdata.ipl.pt\/wp-content\/uploads\/2025\/10\/Floor_Dormitory_Measure_2-768x1939.jpg 768w, https:\/\/reverbdata.ipl.pt\/wp-content\/uploads\/2025\/10\/Floor_Dormitory_Measure_2-608x1536.jpg 608w, https:\/\/reverbdata.ipl.pt\/wp-content\/uploads\/2025\/10\/Floor_Dormitory_Measure_2-811x2048.jpg 811w, https:\/\/reverbdata.ipl.pt\/wp-content\/uploads\/2025\/10\/Floor_Dormitory_Measure_2-5x12.jpg 5w, https:\/\/reverbdata.ipl.pt\/wp-content\/uploads\/2025\/10\/Floor_Dormitory_Measure_2-200x505.jpg 200w\" sizes=\"auto, (max-width: 1014px) 100vw, 1014px\" \/><\/figure>\n<\/div>\n<\/div>\n<\/div>\n\n\n\n<h3 class=\"wp-block-heading has-custom-color-1-color has-text-color has-link-color wp-elements-01bca5ce57de3daa64864e37b5fec474\">Ficheiros de \u00c1udio de Demonstra\u00e7\u00e3o<\/h3>\n\n\n\n<h6 class=\"wp-block-heading has-custom-color-1-color has-text-color has-link-color wp-elements-5d0b8381b06338b31183daec91eb03ed\">\"Discurso masculino e feminino\" -&gt; Original<\/h6>\n\n\n\n<figure class=\"wp-block-audio\"><audio controls src=\"https:\/\/reverbdata.ipl.pt\/wp-content\/uploads\/2025\/05\/Male_and_Female_speech_40s.wav\"><\/audio><\/figure>\n\n\n\n<h6 class=\"wp-block-heading has-custom-color-1-color has-text-color has-link-color wp-elements-05d1ab4ec7b116d35a88f5889981f89b\">\"Discurso masculino e feminino\" -&gt; Processado em Est\u00e9reo<\/h6>\n\n\n\n<figure class=\"wp-block-audio\"><audio controls src=\"https:\/\/reverbdata.ipl.pt\/wp-content\/uploads\/2025\/10\/Male_and_Female_speech_Stereo_40s-3.wav\"><\/audio><figcaption class=\"wp-element-caption\">Fonte Ac\u00fastica no extremo sul do Dormit\u00f3rio, centrada, (S1) e Sistema de Aquisi\u00e7\u00e3o na Posi\u00e7\u00e3o 2; T<sub>30,wide<\/sub>&nbsp;= 9.30 s<\/figcaption><\/figure>\n\n\n\n<h6 class=\"wp-block-heading has-custom-color-1-color has-text-color has-link-color wp-elements-cefd33f3fd0d3ace7f548d7653c7219d\">\"Discurso masculino e feminino\" -&gt; Processado em Binaural (usar headphones)<\/h6>\n\n\n\n<figure class=\"wp-block-audio\"><audio controls src=\"https:\/\/reverbdata.ipl.pt\/wp-content\/uploads\/2025\/10\/Male_and_Female_speech_Binaural_40s-3.wav\"><\/audio><figcaption class=\"wp-element-caption\">Fonte Ac\u00fastica no extremo sul do Dormit\u00f3rio, centrada, (S1) e Sistema de Aquisi\u00e7\u00e3o na Posi\u00e7\u00e3o 2; T<sub>30,wide<\/sub>&nbsp;= 9.30 s<\/figcaption><\/figure>\n\n\n\n<h6 class=\"wp-block-heading has-custom-color-1-color has-text-color has-link-color wp-elements-8b021da4f6891343264ec4075f892193\">\u201cGuitar_Capriccio_Arabe_Tarrega\u201d -&gt; Original<\/h6>\n\n\n\n<figure class=\"wp-block-audio\"><audio controls src=\"https:\/\/reverbdata.ipl.pt\/wp-content\/uploads\/2025\/05\/Guitar_Capriccio_Arabe_Tarrega_40s.wav\"><\/audio><\/figure>\n\n\n\n<h6 class=\"wp-block-heading has-custom-color-1-color has-text-color has-link-color wp-elements-da811de222d07d25a08b3306dca9165a\">\u201cGuitar_Capriccio_Arabe_Tarrega\u201d -&gt; Processado em Est\u00e9reo<\/h6>\n\n\n\n<figure class=\"wp-block-audio\"><audio controls src=\"https:\/\/reverbdata.ipl.pt\/wp-content\/uploads\/2025\/10\/Guitar_Capriccio_Arabe_Tarrega_Stereo_40s-3.wav\"><\/audio><figcaption class=\"wp-element-caption\">Fonte Ac\u00fastica no extremo sul do Dormit\u00f3rio, centrada, (S1) e Sistema de Aquisi\u00e7\u00e3o na Posi\u00e7\u00e3o 2; T<sub>30,wide<\/sub>&nbsp;= 9.30 s<\/figcaption><\/figure>\n\n\n\n<h6 class=\"wp-block-heading has-custom-color-1-color has-text-color has-link-color wp-elements-3e4b1e9003c333e6a9be23ad9cfcf89e\">\u201cGuitar_Capriccio_Arabe_Tarrega\u201d -&gt; Processado em Binaural (usar headphones)<\/h6>\n\n\n\n<figure class=\"wp-block-audio\"><audio controls src=\"https:\/\/reverbdata.ipl.pt\/wp-content\/uploads\/2025\/10\/Guitar_Capriccio_Arabe_Tarrega_Binaural_40s-3.wav\"><\/audio><figcaption class=\"wp-element-caption\">Fonte Ac\u00fastica no extremo sul do Dormit\u00f3rio, centrada, (S1) e Sistema de Aquisi\u00e7\u00e3o na Posi\u00e7\u00e3o 2; T<sub>30,wide<\/sub>&nbsp;= 9.30 s<\/figcaption><\/figure>\n\n\n\n<h6 class=\"wp-block-heading has-custom-color-1-color has-text-color has-link-color wp-elements-5e3ef03a3904366221432726cf86b293\">\u201cKyrie_Missa_Notre_Dame_Guillame_de_Machaut\u201d -&gt; Original<\/h6>\n\n\n\n<figure class=\"wp-block-audio\"><audio controls src=\"https:\/\/reverbdata.ipl.pt\/wp-content\/uploads\/2025\/05\/Kyrie_Missa_Notre_Dame_Guillame_de_Machaut_40s.wav\"><\/audio><\/figure>\n\n\n\n<h6 class=\"wp-block-heading has-custom-color-1-color has-text-color has-link-color wp-elements-c8ec8eb0b94e1c4a27ce45cb43d2255f\">\u201cKyrie_Missa_Notre_Dame_Guillame_de_Machaut\u201d -&gt; Processado em Est\u00e9reo<\/h6>\n\n\n\n<figure class=\"wp-block-audio\"><audio controls src=\"https:\/\/reverbdata.ipl.pt\/wp-content\/uploads\/2025\/10\/Kyrie_Missa_Notre_Dame_Guillaume_de_Machaut_Stereo_40s-3.wav\"><\/audio><figcaption class=\"wp-element-caption\">Fonte Ac\u00fastica no extremo sul do Dormit\u00f3rio, centrada, (S1) e Sistema de Aquisi\u00e7\u00e3o na Posi\u00e7\u00e3o 2; T<sub>30,wide<\/sub>&nbsp;= 9.30 s<\/figcaption><\/figure>\n\n\n\n<h6 class=\"wp-block-heading has-custom-color-1-color has-text-color has-link-color wp-elements-ee7412d73cf813a98ed7e6f4bd41f78f\">\u201cKyrie_Missa_Notre_Dame_Guillame_de_Machaut\u201d -&gt; Processado em Binaural (usar headphones)<\/h6>\n\n\n\n<figure class=\"wp-block-audio\"><audio controls src=\"https:\/\/reverbdata.ipl.pt\/wp-content\/uploads\/2025\/10\/Kyrie_Missa_Notre_Dame_Guillaume_de_Machaut_Binaural_40s-3.wav\"><\/audio><figcaption class=\"wp-element-caption\">Fonte Ac\u00fastica no extremo sul do Dormit\u00f3rio, centrada, (S1) e Sistema de Aquisi\u00e7\u00e3o na Posi\u00e7\u00e3o 2; T<sub>30,wide<\/sub>&nbsp;= 9.30 s<\/figcaption><\/figure>\n<\/div>\n\n\n\n<div class=\"wp-block-group has-global-padding is-layout-constrained wp-block-group-is-layout-constrained\">\n<div style=\"height:40px\" aria-hidden=\"true\" class=\"wp-block-spacer\"><\/div>\n\n\n\n<div class=\"wp-block-group has-custom-color-1-background-color has-background has-global-padding is-layout-constrained wp-container-core-group-is-layout-e8732830 wp-block-group-is-layout-constrained\" style=\"min-height:0px;margin-top:0;margin-bottom:0;padding-right:5rem;padding-left:5rem\">\n<h3 class=\"wp-block-heading has-text-align-center has-base-color has-text-color has-link-color wp-elements-bdebf145cae9fa4460087a537381715d\" style=\"padding-top:0;padding-right:0;padding-bottom:0;padding-left:0\">Ficheiros de Resposta ao Impulso do Espa\u00e7o<\/h3>\n\n\n\n<div class=\"wp-block-buttons alignwide is-horizontal is-content-justification-center is-layout-flex wp-container-core-buttons-is-layout-967d4589 wp-block-buttons-is-layout-flex\" style=\"margin-top:var(--wp--preset--spacing--40);margin-bottom:0\">\n<div class=\"wp-block-button is-style-fill\"><a class=\"wp-block-button__link has-section-bg-color has-heading-background-color has-text-color has-background has-link-color has-text-align-center wp-element-button\" href=\"https:\/\/iplx-my.sharepoint.com\/:f:\/g\/personal\/reverbdata_esml_ipl_pt\/EngonQupu7pEk-cAchx-1VQBPw1-arOmLfL3SkGdF7U2EA?e=Ov4xSF\" style=\"border-style:none;border-width:0px\"><strong>Download<\/strong><\/a><\/div>\n<\/div>\n<\/div>\n\n\n\n<div class=\"wp-block-buttons is-content-justification-left is-layout-flex wp-container-core-buttons-is-layout-fc4fd283 wp-block-buttons-is-layout-flex\">\n<div class=\"wp-block-button is-style-outline is-style-outline--1\"><a class=\"wp-block-button__link has-custom-color-1-color has-white-background-color has-text-color has-background has-link-color wp-element-button\" href=\"https:\/\/reverbdata.ipl.pt\/pt\/#monastery-of-alcobaca\">Voltar ao Mosteiro de Alcoba\u00e7a<\/a><\/div>\n<\/div>\n\n\n\n<div class=\"wp-block-buttons is-content-justification-right is-layout-flex wp-container-core-buttons-is-layout-d445cf74 wp-block-buttons-is-layout-flex\">\n<div class=\"wp-block-button is-style-fill\"><a class=\"wp-block-button__link has-heading-color has-white-background-color has-text-color has-background has-link-color wp-element-button\" href=\"https:\/\/reverbdata.ipl.pt\/pt\/\">Voltar \u00e0 Pagina Inicial<\/a><\/div>\n<\/div>\n<\/div>","protected":false},"excerpt":{"rendered":"<p>The Dormitory has a rectangular floor plan measuring approximately 66.5 m x 17.5 m (approximately 1,300 m2) and a ceiling height of approximately 6 m. Main materials: mixed masonry, limestone, painted plaster and stucco, and tiles. Measurement points and source location The sound source was placed at the south end of the Dormitory, centred (S1). [&hellip;]<\/p>\n","protected":false},"author":4,"featured_media":1838,"parent":514,"menu_order":0,"comment_status":"closed","ping_status":"closed","template":"","meta":{"footnotes":""},"class_list":["post-1837","page","type-page","status-publish","has-post-thumbnail","hentry"],"featured_image_src":"https:\/\/reverbdata.ipl.pt\/wp-content\/uploads\/2025\/10\/IMG_3754-scaled.jpg","_links":{"self":[{"href":"https:\/\/reverbdata.ipl.pt\/pt\/wp-json\/wp\/v2\/pages\/1837","targetHints":{"allow":["GET"]}}],"collection":[{"href":"https:\/\/reverbdata.ipl.pt\/pt\/wp-json\/wp\/v2\/pages"}],"about":[{"href":"https:\/\/reverbdata.ipl.pt\/pt\/wp-json\/wp\/v2\/types\/page"}],"author":[{"embeddable":true,"href":"https:\/\/reverbdata.ipl.pt\/pt\/wp-json\/wp\/v2\/users\/4"}],"replies":[{"embeddable":true,"href":"https:\/\/reverbdata.ipl.pt\/pt\/wp-json\/wp\/v2\/comments?post=1837"}],"version-history":[{"count":2,"href":"https:\/\/reverbdata.ipl.pt\/pt\/wp-json\/wp\/v2\/pages\/1837\/revisions"}],"predecessor-version":[{"id":2210,"href":"https:\/\/reverbdata.ipl.pt\/pt\/wp-json\/wp\/v2\/pages\/1837\/revisions\/2210"}],"up":[{"embeddable":true,"href":"https:\/\/reverbdata.ipl.pt\/pt\/wp-json\/wp\/v2\/pages\/514"}],"wp:featuredmedia":[{"embeddable":true,"href":"https:\/\/reverbdata.ipl.pt\/pt\/wp-json\/wp\/v2\/media\/1838"}],"wp:attachment":[{"href":"https:\/\/reverbdata.ipl.pt\/pt\/wp-json\/wp\/v2\/media?parent=1837"}],"curies":[{"name":"wp","href":"https:\/\/api.w.org\/{rel}","templated":true}]}}