{"id":2013,"date":"2025-11-04T12:19:26","date_gmt":"2025-11-04T12:19:26","guid":{"rendered":"https:\/\/reverbdata.ipl.pt\/?page_id=2013"},"modified":"2025-11-27T11:38:27","modified_gmt":"2025-11-27T11:38:27","slug":"unfinished-chapels-of-monastery-of-batalha","status":"publish","type":"page","link":"https:\/\/reverbdata.ipl.pt\/pt\/reverbdata\/unfinished-chapels-of-monastery-of-batalha\/","title":{"rendered":"Capelas Imperfeitas do Mosteiro da Batalha"},"content":{"rendered":"<div class=\"wp-block-group has-global-padding is-layout-constrained wp-block-group-is-layout-constrained\">\n<div class=\"wp-block-group has-global-padding is-layout-constrained wp-block-group-is-layout-constrained\">\n<div class=\"wp-block-columns is-layout-flex wp-container-core-columns-is-layout-0f3590de wp-block-columns-is-layout-flex\">\n<div class=\"wp-block-column is-layout-flow wp-block-column-is-layout-flow\" style=\"flex-basis:50%\"><h3 class=\"has-link-color wp-elements-d2e51c92208a6a2a5b724660ce272c42 wp-block-post-title has-text-color has-custom-color-1-color\">Capelas Imperfeitas do Mosteiro da Batalha<\/h3>\n\n\n<figure class=\"wp-block-image size-full\"><img loading=\"lazy\" decoding=\"async\" width=\"1920\" height=\"2560\" src=\"https:\/\/reverbdata.ipl.pt\/wp-content\/uploads\/2025\/11\/IMG_4180-scaled.jpg\" alt=\"\" class=\"wp-image-2014\" srcset=\"https:\/\/reverbdata.ipl.pt\/wp-content\/uploads\/2025\/11\/IMG_4180-scaled.jpg 1920w, https:\/\/reverbdata.ipl.pt\/wp-content\/uploads\/2025\/11\/IMG_4180-225x300.jpg 225w, https:\/\/reverbdata.ipl.pt\/wp-content\/uploads\/2025\/11\/IMG_4180-768x1024.jpg 768w, https:\/\/reverbdata.ipl.pt\/wp-content\/uploads\/2025\/11\/IMG_4180-1152x1536.jpg 1152w, https:\/\/reverbdata.ipl.pt\/wp-content\/uploads\/2025\/11\/IMG_4180-1536x2048.jpg 1536w, https:\/\/reverbdata.ipl.pt\/wp-content\/uploads\/2025\/11\/IMG_4180-9x12.jpg 9w, https:\/\/reverbdata.ipl.pt\/wp-content\/uploads\/2025\/11\/IMG_4180-200x267.jpg 200w\" sizes=\"auto, (max-width: 1920px) 100vw, 1920px\" \/><\/figure>\n\n\n\n<p class=\"justify-text has-body-text-color has-text-color has-link-color wp-elements-621c75f34f2e2f0764816f628347ebf7\">As Capelas Imperfeitas t\u00eam uma planta ros\u00e1cea com uma \u00e1rea de ca. 850 m2.<\/p>\n\n\n\n<p class=\"justify-text has-body-text-color has-text-color has-link-color wp-elements-614a290829d9c1f7bc384f0761226c4c\">Principais materiais: alvenaria mista, cantaria de calc\u00e1rio, vidro.<\/p>\n<\/div>\n\n\n\n<div class=\"wp-block-column is-layout-flow wp-block-column-is-layout-flow\" style=\"padding-top:3rem;flex-basis:50%\">\n<h5 class=\"wp-block-heading has-text-align-left has-custom-color-1-color has-text-color has-link-color wp-elements-8a45a6902f43687e0844961954a22124\" id=\"0-measurement-points-and-source-location\">Pontos de medi\u00e7\u00e3o e localiza\u00e7\u00e3o da fonte ac\u00fastica<\/h5>\n\n\n\n<p class=\"justify-text has-body-text-color has-text-color has-link-color wp-elements-6555aab7dcc34a501349650148e8a909\">A fonte sonora foi colocada no centro (S1), bem como dentro da capela norte (S2). As aquisi\u00e7\u00f5es e registos ac\u00fasticos foram realizados em 2 locais, um junto da entrada (Pos1) e o outro dentro da capela sul (Pos2).<\/p>\n\n\n\n<figure class=\"wp-block-image alignwide size-full is-style-default\"><img loading=\"lazy\" decoding=\"async\" width=\"1772\" height=\"2560\" src=\"https:\/\/reverbdata.ipl.pt\/wp-content\/uploads\/2025\/11\/Measurement-Locations-Unfinished-Chapels_2-scaled.jpg\" alt=\"\" class=\"wp-image-2015\" srcset=\"https:\/\/reverbdata.ipl.pt\/wp-content\/uploads\/2025\/11\/Measurement-Locations-Unfinished-Chapels_2-scaled.jpg 1772w, https:\/\/reverbdata.ipl.pt\/wp-content\/uploads\/2025\/11\/Measurement-Locations-Unfinished-Chapels_2-208x300.jpg 208w, https:\/\/reverbdata.ipl.pt\/wp-content\/uploads\/2025\/11\/Measurement-Locations-Unfinished-Chapels_2-709x1024.jpg 709w, https:\/\/reverbdata.ipl.pt\/wp-content\/uploads\/2025\/11\/Measurement-Locations-Unfinished-Chapels_2-768x1110.jpg 768w, https:\/\/reverbdata.ipl.pt\/wp-content\/uploads\/2025\/11\/Measurement-Locations-Unfinished-Chapels_2-1063x1536.jpg 1063w, https:\/\/reverbdata.ipl.pt\/wp-content\/uploads\/2025\/11\/Measurement-Locations-Unfinished-Chapels_2-1418x2048.jpg 1418w, https:\/\/reverbdata.ipl.pt\/wp-content\/uploads\/2025\/11\/Measurement-Locations-Unfinished-Chapels_2-8x12.jpg 8w, https:\/\/reverbdata.ipl.pt\/wp-content\/uploads\/2025\/11\/Measurement-Locations-Unfinished-Chapels_2-200x289.jpg 200w\" sizes=\"auto, (max-width: 1772px) 100vw, 1772px\" \/><\/figure>\n<\/div>\n<\/div>\n<\/div>\n<\/div>\n\n\n\n<div class=\"wp-block-group has-global-padding is-layout-constrained wp-block-group-is-layout-constrained\">\n<div style=\"height:20px\" aria-hidden=\"true\" class=\"wp-block-spacer\"><\/div>\n\n\n\n<h3 class=\"wp-block-heading has-custom-color-1-color has-text-color has-link-color wp-elements-01bca5ce57de3daa64864e37b5fec474\">Ficheiros de \u00c1udio de Demonstra\u00e7\u00e3o<\/h3>\n\n\n\n<h6 class=\"wp-block-heading has-custom-color-1-color has-text-color has-link-color wp-elements-5d0b8381b06338b31183daec91eb03ed\">\"Discurso masculino e feminino\" -&gt; Original<\/h6>\n\n\n\n<figure class=\"wp-block-audio\"><audio controls src=\"https:\/\/reverbdata.ipl.pt\/wp-content\/uploads\/2025\/03\/Male_and_Female_speech_40s-1.wav\"><\/audio><\/figure>\n\n\n\n<h6 class=\"wp-block-heading has-custom-color-1-color has-text-color has-link-color wp-elements-05d1ab4ec7b116d35a88f5889981f89b\">\"Discurso masculino e feminino\" -&gt; Processado em Est\u00e9reo<\/h6>\n\n\n\n<figure class=\"wp-block-audio\"><audio controls src=\"https:\/\/reverbdata.ipl.pt\/wp-content\/uploads\/2025\/11\/Male_and_Female_speech_Stereo_40s-3.wav\"><\/audio><figcaption class=\"wp-element-caption\">Fonte Ac\u00fastica no centro (S1) e Sistema de Aquisi\u00e7\u00e3o na Posi\u00e7\u00e3o 2; T<sub>30,wide<\/sub>&nbsp;= 3.45 s<\/figcaption><\/figure>\n\n\n\n<h6 class=\"wp-block-heading has-custom-color-1-color has-text-color has-link-color wp-elements-cefd33f3fd0d3ace7f548d7653c7219d\">\"Discurso masculino e feminino\" -&gt; Processado em Binaural (usar headphones)<\/h6>\n\n\n\n<figure class=\"wp-block-audio\"><audio controls src=\"https:\/\/reverbdata.ipl.pt\/wp-content\/uploads\/2025\/11\/Male_and_Female_speech_Binaural_40s-3.wav\"><\/audio><figcaption class=\"wp-element-caption\">Fonte Ac\u00fastica no centro (S1) e Sistema de Aquisi\u00e7\u00e3o na Posi\u00e7\u00e3o 2; T<sub>30,wide<\/sub>&nbsp;= 3.45 s<\/figcaption><\/figure>\n\n\n\n<h6 class=\"wp-block-heading has-custom-color-1-color has-text-color has-link-color wp-elements-8b021da4f6891343264ec4075f892193\">\u201cGuitar_Capriccio_Arabe_Tarrega\u201d -&gt; Original<\/h6>\n\n\n\n<figure class=\"wp-block-audio\"><audio controls src=\"https:\/\/reverbdata.ipl.pt\/wp-content\/uploads\/2025\/03\/Guitar_Capriccio_Arabe_Tarrega_40s-1.wav\"><\/audio><\/figure>\n\n\n\n<h6 class=\"wp-block-heading has-custom-color-1-color has-text-color has-link-color wp-elements-da811de222d07d25a08b3306dca9165a\">\u201cGuitar_Capriccio_Arabe_Tarrega\u201d -&gt; Processado em Est\u00e9reo<\/h6>\n\n\n\n<figure class=\"wp-block-audio\"><audio controls src=\"https:\/\/reverbdata.ipl.pt\/wp-content\/uploads\/2025\/11\/Guitar_Capriccio_Arabe_Tarrega_Stereo_40s-3.wav\"><\/audio><figcaption class=\"wp-element-caption\">Fonte Ac\u00fastica no centro (S1) e Sistema de Aquisi\u00e7\u00e3o na Posi\u00e7\u00e3o 2; T<sub>30,wide<\/sub>&nbsp;= 3.45 s<\/figcaption><\/figure>\n\n\n\n<h6 class=\"wp-block-heading has-custom-color-1-color has-text-color has-link-color wp-elements-3e4b1e9003c333e6a9be23ad9cfcf89e\">\u201cGuitar_Capriccio_Arabe_Tarrega\u201d -&gt; Processado em Binaural (usar headphones)<\/h6>\n\n\n\n<figure class=\"wp-block-audio\"><audio controls src=\"https:\/\/reverbdata.ipl.pt\/wp-content\/uploads\/2025\/11\/Guitar_Capriccio_Arabe_Tarrega_Binaural_40s-3.wav\"><\/audio><figcaption class=\"wp-element-caption\">Fonte Ac\u00fastica no centro (S1) e Sistema de Aquisi\u00e7\u00e3o na Posi\u00e7\u00e3o 2; T<sub>30,wide<\/sub>&nbsp;= 3.45 s<\/figcaption><\/figure>\n\n\n\n<h6 class=\"wp-block-heading has-custom-color-1-color has-text-color has-link-color wp-elements-5e3ef03a3904366221432726cf86b293\">\u201cKyrie_Missa_Notre_Dame_Guillame_de_Machaut\u201d -&gt; Original<\/h6>\n\n\n\n<figure class=\"wp-block-audio\"><audio controls src=\"https:\/\/reverbdata.ipl.pt\/wp-content\/uploads\/2025\/03\/Kyrie_Missa_Notre_Dame_Guillaume_de_Machaut_40s-1.wav\"><\/audio><\/figure>\n\n\n\n<h6 class=\"wp-block-heading has-custom-color-1-color has-text-color has-link-color wp-elements-c8ec8eb0b94e1c4a27ce45cb43d2255f\">\u201cKyrie_Missa_Notre_Dame_Guillame_de_Machaut\u201d -&gt; Processado em Est\u00e9reo<\/h6>\n\n\n\n<figure class=\"wp-block-audio\"><audio controls src=\"https:\/\/reverbdata.ipl.pt\/wp-content\/uploads\/2025\/11\/Kyrie_Missa_Notre_Dame_Guillaume_de_Machaut_Stereo_40s-3.wav\"><\/audio><figcaption class=\"wp-element-caption\">Fonte Ac\u00fastica no centro (S1) e Sistema de Aquisi\u00e7\u00e3o na Posi\u00e7\u00e3o 2; T<sub>30,wide<\/sub>&nbsp;= 3.45 s<\/figcaption><\/figure>\n\n\n\n<h6 class=\"wp-block-heading has-custom-color-1-color has-text-color has-link-color wp-elements-ee7412d73cf813a98ed7e6f4bd41f78f\">\u201cKyrie_Missa_Notre_Dame_Guillame_de_Machaut\u201d -&gt; Processado em Binaural (usar headphones)<\/h6>\n\n\n\n<figure class=\"wp-block-audio\"><audio controls src=\"https:\/\/reverbdata.ipl.pt\/wp-content\/uploads\/2025\/11\/Kyrie_Missa_Notre_Dame_Guillaume_de_Machaut_Binaural_40s-3.wav\"><\/audio><figcaption class=\"wp-element-caption\">Fonte Ac\u00fastica no centro (S1) e Sistema de Aquisi\u00e7\u00e3o na Posi\u00e7\u00e3o 2; T<sub>30,wide<\/sub>&nbsp;= 3.45 s<\/figcaption><\/figure>\n\n\n\n<div style=\"height:20px\" aria-hidden=\"true\" class=\"wp-block-spacer\"><\/div>\n\n\n\n<div class=\"wp-block-group has-custom-color-1-background-color has-background has-global-padding is-layout-constrained wp-container-core-group-is-layout-e8732830 wp-block-group-is-layout-constrained\" style=\"min-height:0px;margin-top:0;margin-bottom:0;padding-right:5rem;padding-left:5rem\">\n<h3 class=\"wp-block-heading has-text-align-center has-base-color has-text-color has-link-color wp-elements-208eb43f39c0bbfef20ac2391bb35c4e\" id=\"1-room-impulse-response-files\" style=\"padding-top:0;padding-right:0;padding-bottom:0;padding-left:0\">Ficheiros de Resposta ao Impulso do Espa\u00e7o<\/h3>\n\n\n\n<div class=\"wp-block-buttons alignwide is-horizontal is-content-justification-center is-layout-flex wp-container-core-buttons-is-layout-967d4589 wp-block-buttons-is-layout-flex\" style=\"margin-top:var(--wp--preset--spacing--40);margin-bottom:0\">\n<div class=\"wp-block-button is-style-fill\"><a class=\"wp-block-button__link has-section-bg-color has-heading-background-color has-text-color has-background has-link-color has-text-align-center wp-element-button\" href=\"https:\/\/iplx-my.sharepoint.com\/:f:\/g\/personal\/reverbdata_esml_ipl_pt\/EjwhMG504OdEsx0tgiJjnOkBVRfk9PPlFzAHb4mkhJ9NwA?e=SAw83U\" style=\"border-style:none;border-width:0px\"><strong>Download<\/strong><\/a><\/div>\n<\/div>\n<\/div>\n\n\n\n<div class=\"wp-block-buttons is-content-justification-left is-layout-flex wp-container-core-buttons-is-layout-fc4fd283 wp-block-buttons-is-layout-flex\">\n<div class=\"wp-block-button is-style-outline is-style-outline--1\"><a class=\"wp-block-button__link has-custom-color-1-color has-white-background-color has-text-color has-background has-link-color wp-element-button\" href=\"https:\/\/reverbdata.ipl.pt\/pt\/#monastery-of-batalha\">Voltar ao Mosteiro da Batalha<\/a><\/div>\n<\/div>\n\n\n\n<div class=\"wp-block-buttons is-content-justification-right is-layout-flex wp-container-core-buttons-is-layout-d445cf74 wp-block-buttons-is-layout-flex\">\n<div class=\"wp-block-button is-style-fill\"><a class=\"wp-block-button__link has-heading-color has-white-background-color has-text-color has-background has-link-color wp-element-button\" href=\"https:\/\/reverbdata.ipl.pt\/pt\/\">Voltar \u00e0 Pagina Inicial<\/a><\/div>\n<\/div>\n<\/div>","protected":false},"excerpt":{"rendered":"<p>The Unfinished Chapels have a rose-shaped floor plan with an area of \u200b\u200bapproximately 850 m2. Main materials: mixed masonry, limestone stonework, glass. Measurement points and source location The sound source was placed in the centre (S1), as well as inside the north chapel (S2). Acoustic acquisitions and recordings were performed in 2 locations, one near [&hellip;]<\/p>\n","protected":false},"author":4,"featured_media":2014,"parent":514,"menu_order":0,"comment_status":"closed","ping_status":"closed","template":"","meta":{"footnotes":""},"class_list":["post-2013","page","type-page","status-publish","has-post-thumbnail","hentry"],"featured_image_src":"https:\/\/reverbdata.ipl.pt\/wp-content\/uploads\/2025\/11\/IMG_4180-scaled.jpg","_links":{"self":[{"href":"https:\/\/reverbdata.ipl.pt\/pt\/wp-json\/wp\/v2\/pages\/2013","targetHints":{"allow":["GET"]}}],"collection":[{"href":"https:\/\/reverbdata.ipl.pt\/pt\/wp-json\/wp\/v2\/pages"}],"about":[{"href":"https:\/\/reverbdata.ipl.pt\/pt\/wp-json\/wp\/v2\/types\/page"}],"author":[{"embeddable":true,"href":"https:\/\/reverbdata.ipl.pt\/pt\/wp-json\/wp\/v2\/users\/4"}],"replies":[{"embeddable":true,"href":"https:\/\/reverbdata.ipl.pt\/pt\/wp-json\/wp\/v2\/comments?post=2013"}],"version-history":[{"count":3,"href":"https:\/\/reverbdata.ipl.pt\/pt\/wp-json\/wp\/v2\/pages\/2013\/revisions"}],"predecessor-version":[{"id":2217,"href":"https:\/\/reverbdata.ipl.pt\/pt\/wp-json\/wp\/v2\/pages\/2013\/revisions\/2217"}],"up":[{"embeddable":true,"href":"https:\/\/reverbdata.ipl.pt\/pt\/wp-json\/wp\/v2\/pages\/514"}],"wp:featuredmedia":[{"embeddable":true,"href":"https:\/\/reverbdata.ipl.pt\/pt\/wp-json\/wp\/v2\/media\/2014"}],"wp:attachment":[{"href":"https:\/\/reverbdata.ipl.pt\/pt\/wp-json\/wp\/v2\/media?parent=2013"}],"curies":[{"name":"wp","href":"https:\/\/api.w.org\/{rel}","templated":true}]}}