{"id":2150,"date":"2025-11-26T17:22:28","date_gmt":"2025-11-26T17:22:28","guid":{"rendered":"https:\/\/reverbdata.ipl.pt\/?page_id=2150"},"modified":"2025-11-27T11:39:24","modified_gmt":"2025-11-27T11:39:24","slug":"chapterhouse-of-monastery-of-jeronimos","status":"publish","type":"page","link":"https:\/\/reverbdata.ipl.pt\/pt\/reverbdata\/chapterhouse-of-monastery-of-jeronimos\/","title":{"rendered":"Sala do Cap\u00edtulo do Mosteiro dos Jer\u00f3nimos"},"content":{"rendered":"<div class=\"wp-block-group has-global-padding is-layout-constrained wp-block-group-is-layout-constrained\">\n<div class=\"wp-block-group has-global-padding is-layout-constrained wp-block-group-is-layout-constrained\">\n<div class=\"wp-block-columns is-layout-flex wp-container-core-columns-is-layout-0f3590de wp-block-columns-is-layout-flex\">\n<div class=\"wp-block-column is-layout-flow wp-block-column-is-layout-flow\" style=\"flex-basis:50%\"><h3 class=\"has-link-color wp-elements-d2e51c92208a6a2a5b724660ce272c42 wp-block-post-title has-text-color has-custom-color-1-color\">Sala do Cap\u00edtulo do Mosteiro dos Jer\u00f3nimos<\/h3>\n\n\n<figure class=\"wp-block-image size-full\"><img loading=\"lazy\" decoding=\"async\" width=\"8160\" height=\"6120\" src=\"https:\/\/reverbdata.ipl.pt\/wp-content\/uploads\/2025\/11\/20251020_210716.jpg\" alt=\"\" class=\"wp-image-2174\" srcset=\"https:\/\/reverbdata.ipl.pt\/wp-content\/uploads\/2025\/11\/20251020_210716.jpg 8160w, https:\/\/reverbdata.ipl.pt\/wp-content\/uploads\/2025\/11\/20251020_210716-300x225.jpg 300w, https:\/\/reverbdata.ipl.pt\/wp-content\/uploads\/2025\/11\/20251020_210716-1024x768.jpg 1024w, https:\/\/reverbdata.ipl.pt\/wp-content\/uploads\/2025\/11\/20251020_210716-768x576.jpg 768w, https:\/\/reverbdata.ipl.pt\/wp-content\/uploads\/2025\/11\/20251020_210716-16x12.jpg 16w, https:\/\/reverbdata.ipl.pt\/wp-content\/uploads\/2025\/11\/20251020_210716-200x150.jpg 200w\" sizes=\"auto, (max-width: 8160px) 100vw, 8160px\" \/><\/figure>\n\n\n\n<p class=\"justify-text has-body-text-color has-text-color has-link-color wp-elements-f48fe95afd1beb8ea2540d42634126cf\">A Sala do Cap\u00edtulo tem planta rectangular com uma capela-mor elevada trapezoidal, medindo ca. 24 m de comprimento por 14 m de largura, e um p\u00e9 direito m\u00e1ximo de ca. 14 m. A sua \u00e1rea \u00e9 aproximadamente 328 m2 e o seu volume \u00e9 ca. 3770 m3.<\/p>\n\n\n\n<p class=\"justify-text has-body-text-color has-text-color has-link-color wp-elements-34640c215364162598cf79131ebbcb8a\">Principais materiais: alvenaria mista, cantaria de calc\u00e1rio (lioz), vidro.<\/p>\n<\/div>\n\n\n\n<div class=\"wp-block-column is-layout-flow wp-block-column-is-layout-flow\" style=\"padding-top:3rem;flex-basis:50%\">\n<h5 class=\"wp-block-heading has-text-align-left has-custom-color-1-color has-text-color has-link-color wp-elements-8a45a6902f43687e0844961954a22124\" id=\"0-measurement-points-and-source-location\">Pontos de medi\u00e7\u00e3o e localiza\u00e7\u00e3o da fonte ac\u00fastica<\/h5>\n\n\n\n<p class=\"justify-text has-body-text-color has-text-color has-link-color wp-elements-1a90c300248022eb6f4ebfb9e1167785\">A fonte sonora foi colocada centrada na capela-mor elevada (S1). As aquisi\u00e7\u00f5es e registos ac\u00fasticos foram realizados em 3 locais, o primeiro situado no centro da Sala do Cap\u00edtulo (Pos1), o segundo e terceiro (Pos2, Pos3) em posi\u00e7\u00f5es mais recuadas, a 1\/3 e 2\/3 de largura, sim\u00e9tricas.<\/p>\n\n\n\n<figure class=\"wp-block-image alignwide size-full is-style-default\"><img loading=\"lazy\" decoding=\"async\" width=\"1576\" height=\"2560\" src=\"https:\/\/reverbdata.ipl.pt\/wp-content\/uploads\/2025\/11\/Measurement-locations-Chapterhouse_F-scaled.jpg\" alt=\"\" class=\"wp-image-2151\" srcset=\"https:\/\/reverbdata.ipl.pt\/wp-content\/uploads\/2025\/11\/Measurement-locations-Chapterhouse_F-scaled.jpg 1576w, https:\/\/reverbdata.ipl.pt\/wp-content\/uploads\/2025\/11\/Measurement-locations-Chapterhouse_F-185x300.jpg 185w, https:\/\/reverbdata.ipl.pt\/wp-content\/uploads\/2025\/11\/Measurement-locations-Chapterhouse_F-630x1024.jpg 630w, https:\/\/reverbdata.ipl.pt\/wp-content\/uploads\/2025\/11\/Measurement-locations-Chapterhouse_F-768x1247.jpg 768w, https:\/\/reverbdata.ipl.pt\/wp-content\/uploads\/2025\/11\/Measurement-locations-Chapterhouse_F-946x1536.jpg 946w, https:\/\/reverbdata.ipl.pt\/wp-content\/uploads\/2025\/11\/Measurement-locations-Chapterhouse_F-1261x2048.jpg 1261w, https:\/\/reverbdata.ipl.pt\/wp-content\/uploads\/2025\/11\/Measurement-locations-Chapterhouse_F-7x12.jpg 7w, https:\/\/reverbdata.ipl.pt\/wp-content\/uploads\/2025\/11\/Measurement-locations-Chapterhouse_F-200x325.jpg 200w\" sizes=\"auto, (max-width: 1576px) 100vw, 1576px\" \/><\/figure>\n<\/div>\n<\/div>\n<\/div>\n<\/div>\n\n\n\n<div class=\"wp-block-group has-global-padding is-layout-constrained wp-block-group-is-layout-constrained\">\n<div style=\"height:20px\" aria-hidden=\"true\" class=\"wp-block-spacer\"><\/div>\n\n\n\n<h3 class=\"wp-block-heading has-custom-color-1-color has-text-color has-link-color wp-elements-01bca5ce57de3daa64864e37b5fec474\">Ficheiros de \u00c1udio de Demonstra\u00e7\u00e3o<\/h3>\n\n\n\n<h6 class=\"wp-block-heading has-custom-color-1-color has-text-color has-link-color wp-elements-5d0b8381b06338b31183daec91eb03ed\">\"Discurso masculino e feminino\" -&gt; Original<\/h6>\n\n\n\n<figure class=\"wp-block-audio\"><audio controls src=\"https:\/\/reverbdata.ipl.pt\/wp-content\/uploads\/2025\/03\/Male_and_Female_speech_40s-1.wav\"><\/audio><\/figure>\n\n\n\n<h6 class=\"wp-block-heading has-custom-color-1-color has-text-color has-link-color wp-elements-05d1ab4ec7b116d35a88f5889981f89b\">\"Discurso masculino e feminino\" -&gt; Processado em Est\u00e9reo<\/h6>\n\n\n\n<figure class=\"wp-block-audio\"><audio controls src=\"https:\/\/reverbdata.ipl.pt\/wp-content\/uploads\/2025\/11\/Male_and_Female_speech_Stereo_40s-6.wav\"><\/audio><figcaption class=\"wp-element-caption\">Fonte Ac\u00fastica colocada centrada na capela-mor elevada (S1) e Sistema de Aquisi\u00e7\u00e3o na Posi\u00e7\u00e3o 3; T<sub>30,wide<\/sub>&nbsp;= 11.63 s<\/figcaption><\/figure>\n\n\n\n<h6 class=\"wp-block-heading has-custom-color-1-color has-text-color has-link-color wp-elements-cefd33f3fd0d3ace7f548d7653c7219d\">\"Discurso masculino e feminino\" -&gt; Processado em Binaural (usar headphones)<\/h6>\n\n\n\n<figure class=\"wp-block-audio\"><audio controls src=\"https:\/\/reverbdata.ipl.pt\/wp-content\/uploads\/2025\/11\/Male_and_Female_speech_Binaural_40s-6.wav\"><\/audio><figcaption class=\"wp-element-caption\">Fonte Ac\u00fastica colocada centrada na capela-mor elevada (S1) e Sistema de Aquisi\u00e7\u00e3o na Posi\u00e7\u00e3o 3; T<sub>30,wide<\/sub>&nbsp;= 11.63 s<\/figcaption><\/figure>\n\n\n\n<h6 class=\"wp-block-heading has-custom-color-1-color has-text-color has-link-color wp-elements-8b021da4f6891343264ec4075f892193\">\u201cGuitar_Capriccio_Arabe_Tarrega\u201d -&gt; Original<\/h6>\n\n\n\n<figure class=\"wp-block-audio\"><audio controls src=\"https:\/\/reverbdata.ipl.pt\/wp-content\/uploads\/2025\/03\/Guitar_Capriccio_Arabe_Tarrega_40s-1.wav\"><\/audio><\/figure>\n\n\n\n<h6 class=\"wp-block-heading has-custom-color-1-color has-text-color has-link-color wp-elements-da811de222d07d25a08b3306dca9165a\">\u201cGuitar_Capriccio_Arabe_Tarrega\u201d -&gt; Processado em Est\u00e9reo<\/h6>\n\n\n\n<figure class=\"wp-block-audio\"><audio controls src=\"https:\/\/reverbdata.ipl.pt\/wp-content\/uploads\/2025\/11\/Guitar_Capriccio_Arabe_Tarrega_Stereo_40s-6.wav\"><\/audio><figcaption class=\"wp-element-caption\">Fonte Ac\u00fastica colocada centrada na capela-mor elevada (S1) e Sistema de Aquisi\u00e7\u00e3o na Posi\u00e7\u00e3o 3; T<sub>30,wide<\/sub>&nbsp;= 11.63 s<\/figcaption><\/figure>\n\n\n\n<h6 class=\"wp-block-heading has-custom-color-1-color has-text-color has-link-color wp-elements-3e4b1e9003c333e6a9be23ad9cfcf89e\">\u201cGuitar_Capriccio_Arabe_Tarrega\u201d -&gt; Processado em Binaural (usar headphones)<\/h6>\n\n\n\n<figure class=\"wp-block-audio\"><audio controls src=\"https:\/\/reverbdata.ipl.pt\/wp-content\/uploads\/2025\/11\/Guitar_Capriccio_Arabe_Tarrega_Binaural_40s-6.wav\"><\/audio><figcaption class=\"wp-element-caption\">Fonte Ac\u00fastica colocada centrada na capela-mor elevada (S1) e Sistema de Aquisi\u00e7\u00e3o na Posi\u00e7\u00e3o 3; T<sub>30,wide<\/sub>&nbsp;= 11.63 s<\/figcaption><\/figure>\n\n\n\n<h6 class=\"wp-block-heading has-custom-color-1-color has-text-color has-link-color wp-elements-5e3ef03a3904366221432726cf86b293\">\u201cKyrie_Missa_Notre_Dame_Guillame_de_Machaut\u201d -&gt; Original<\/h6>\n\n\n\n<figure class=\"wp-block-audio\"><audio controls src=\"https:\/\/reverbdata.ipl.pt\/wp-content\/uploads\/2025\/03\/Kyrie_Missa_Notre_Dame_Guillaume_de_Machaut_40s-1.wav\"><\/audio><\/figure>\n\n\n\n<h6 class=\"wp-block-heading has-custom-color-1-color has-text-color has-link-color wp-elements-c8ec8eb0b94e1c4a27ce45cb43d2255f\">\u201cKyrie_Missa_Notre_Dame_Guillame_de_Machaut\u201d -&gt; Processado em Est\u00e9reo<\/h6>\n\n\n\n<figure class=\"wp-block-audio\"><audio controls src=\"https:\/\/reverbdata.ipl.pt\/wp-content\/uploads\/2025\/11\/Kyrie_Missa_Notre_Dame_Guillaume_de_Machaut_Stereo_40s-6.wav\"><\/audio><figcaption class=\"wp-element-caption\">Fonte Ac\u00fastica colocada centrada na capela-mor elevada (S1) e Sistema de Aquisi\u00e7\u00e3o na Posi\u00e7\u00e3o 3; T<sub>30,wide<\/sub>&nbsp;= 11.63 s<\/figcaption><\/figure>\n\n\n\n<h6 class=\"wp-block-heading has-custom-color-1-color has-text-color has-link-color wp-elements-ee7412d73cf813a98ed7e6f4bd41f78f\">\u201cKyrie_Missa_Notre_Dame_Guillame_de_Machaut\u201d -&gt; Processado em Binaural (usar headphones)<\/h6>\n\n\n\n<figure class=\"wp-block-audio\"><audio controls src=\"https:\/\/reverbdata.ipl.pt\/wp-content\/uploads\/2025\/11\/Kyrie_Missa_Notre_Dame_Guillaume_de_Machaut_Binaural_40s-6.wav\"><\/audio><figcaption class=\"wp-element-caption\">Fonte Ac\u00fastica colocada centrada na capela-mor elevada (S1) e Sistema de Aquisi\u00e7\u00e3o na Posi\u00e7\u00e3o 3; T<sub>30,wide<\/sub>&nbsp;= 11.63 s<\/figcaption><\/figure>\n\n\n\n<div style=\"height:20px\" aria-hidden=\"true\" class=\"wp-block-spacer\"><\/div>\n\n\n\n<div class=\"wp-block-group has-custom-color-1-background-color has-background has-global-padding is-layout-constrained wp-container-core-group-is-layout-e8732830 wp-block-group-is-layout-constrained\" style=\"min-height:0px;margin-top:0;margin-bottom:0;padding-right:5rem;padding-left:5rem\">\n<h3 class=\"wp-block-heading has-text-align-center has-base-color has-text-color has-link-color wp-elements-208eb43f39c0bbfef20ac2391bb35c4e\" id=\"1-room-impulse-response-files\" style=\"padding-top:0;padding-right:0;padding-bottom:0;padding-left:0\">Ficheiros de Resposta ao Impulso do Espa\u00e7o<\/h3>\n\n\n\n<div class=\"wp-block-buttons alignwide is-horizontal is-content-justification-center is-layout-flex wp-container-core-buttons-is-layout-967d4589 wp-block-buttons-is-layout-flex\" style=\"margin-top:var(--wp--preset--spacing--40);margin-bottom:0\">\n<div class=\"wp-block-button is-style-fill\"><a class=\"wp-block-button__link has-section-bg-color has-heading-background-color has-text-color has-background has-link-color has-text-align-center wp-element-button\" href=\"https:\/\/iplx-my.sharepoint.com\/:f:\/g\/personal\/reverbdata_esml_ipl_pt\/Etcu66-ZU-9AoXig4B5Sr-sB-MCOi9fFzS9PYGa5DNWzjg?e=xU5Wtr\" style=\"border-style:none;border-width:0px\"><strong>Download<\/strong><\/a><\/div>\n<\/div>\n<\/div>\n\n\n\n<div class=\"wp-block-buttons is-horizontal is-content-justification-left is-layout-flex wp-container-core-buttons-is-layout-20be11b6 wp-block-buttons-is-layout-flex\">\n<div class=\"wp-block-button is-style-outline is-style-outline--1\"><a class=\"wp-block-button__link has-custom-color-1-color has-section-bg-background-color has-text-color has-background has-link-color wp-element-button\" href=\"https:\/\/reverbdata.ipl.pt\/pt\/#monastery-of-jeronimos\">Voltar ao Mosteiro dos Jer\u00f3nimos<\/a><\/div>\n<\/div>\n\n\n\n<div class=\"wp-block-buttons is-horizontal is-content-justification-right is-layout-flex wp-container-core-buttons-is-layout-30af2ff6 wp-block-buttons-is-layout-flex\">\n<div class=\"wp-block-button is-style-fill\"><a class=\"wp-block-button__link has-heading-color has-white-background-color has-text-color has-background has-link-color wp-element-button\" href=\"https:\/\/reverbdata.ipl.pt\/pt\/\">Voltar \u00e0 Pagina Inicial<\/a><\/div>\n<\/div>\n<\/div>","protected":false},"excerpt":{"rendered":"<p>The Chapter Room has a rectangular plan with a trapezoidal elevated chancel, measuring approximately 24 m in length by 14 m in width, and a maximum ceiling height of approximately 14 m. Its area is approximately 328 m2 and its volume is approximately 3770 m3. Main materials: mixed masonry, limestone (lioz) stonework, glass. Measurement points [&hellip;]<\/p>\n","protected":false},"author":4,"featured_media":2001,"parent":514,"menu_order":0,"comment_status":"closed","ping_status":"closed","template":"","meta":{"footnotes":""},"class_list":["post-2150","page","type-page","status-publish","has-post-thumbnail","hentry"],"featured_image_src":"https:\/\/reverbdata.ipl.pt\/wp-content\/uploads\/2025\/11\/IMG_4237-scaled.jpg","_links":{"self":[{"href":"https:\/\/reverbdata.ipl.pt\/pt\/wp-json\/wp\/v2\/pages\/2150","targetHints":{"allow":["GET"]}}],"collection":[{"href":"https:\/\/reverbdata.ipl.pt\/pt\/wp-json\/wp\/v2\/pages"}],"about":[{"href":"https:\/\/reverbdata.ipl.pt\/pt\/wp-json\/wp\/v2\/types\/page"}],"author":[{"embeddable":true,"href":"https:\/\/reverbdata.ipl.pt\/pt\/wp-json\/wp\/v2\/users\/4"}],"replies":[{"embeddable":true,"href":"https:\/\/reverbdata.ipl.pt\/pt\/wp-json\/wp\/v2\/comments?post=2150"}],"version-history":[{"count":6,"href":"https:\/\/reverbdata.ipl.pt\/pt\/wp-json\/wp\/v2\/pages\/2150\/revisions"}],"predecessor-version":[{"id":2218,"href":"https:\/\/reverbdata.ipl.pt\/pt\/wp-json\/wp\/v2\/pages\/2150\/revisions\/2218"}],"up":[{"embeddable":true,"href":"https:\/\/reverbdata.ipl.pt\/pt\/wp-json\/wp\/v2\/pages\/514"}],"wp:featuredmedia":[{"embeddable":true,"href":"https:\/\/reverbdata.ipl.pt\/pt\/wp-json\/wp\/v2\/media\/2001"}],"wp:attachment":[{"href":"https:\/\/reverbdata.ipl.pt\/pt\/wp-json\/wp\/v2\/media?parent=2150"}],"curies":[{"name":"wp","href":"https:\/\/api.w.org\/{rel}","templated":true}]}}