{"id":2288,"date":"2026-01-19T14:12:53","date_gmt":"2026-01-19T14:12:53","guid":{"rendered":"https:\/\/reverbdata.ipl.pt\/?page_id=2288"},"modified":"2026-01-19T14:12:53","modified_gmt":"2026-01-19T14:12:53","slug":"basilica-of-the-most-holy-trinity","status":"publish","type":"page","link":"https:\/\/reverbdata.ipl.pt\/pt\/reverbdata\/basilica-of-the-most-holy-trinity\/","title":{"rendered":"Bas\u00edlica da Sant\u00edssima Trindade"},"content":{"rendered":"<div class=\"wp-block-group has-global-padding is-layout-constrained wp-block-group-is-layout-constrained\">\n<div class=\"wp-block-group has-global-padding is-layout-constrained wp-block-group-is-layout-constrained\">\n<div class=\"wp-block-columns is-layout-flex wp-container-core-columns-is-layout-0f3590de wp-block-columns-is-layout-flex\">\n<div class=\"wp-block-column is-layout-flow wp-block-column-is-layout-flow\" style=\"flex-basis:50%\"><h3 class=\"has-link-color wp-elements-d2e51c92208a6a2a5b724660ce272c42 wp-block-post-title has-text-color has-custom-color-1-color\">Bas\u00edlica da Sant\u00edssima Trindade<\/h3>\n\n\n<figure class=\"wp-block-image size-full\"><img loading=\"lazy\" decoding=\"async\" width=\"2560\" height=\"1920\" src=\"https:\/\/reverbdata.ipl.pt\/wp-content\/uploads\/2026\/01\/IMG_5687-scaled.jpg\" alt=\"\" class=\"wp-image-2289\" srcset=\"https:\/\/reverbdata.ipl.pt\/wp-content\/uploads\/2026\/01\/IMG_5687-scaled.jpg 2560w, https:\/\/reverbdata.ipl.pt\/wp-content\/uploads\/2026\/01\/IMG_5687-300x225.jpg 300w, https:\/\/reverbdata.ipl.pt\/wp-content\/uploads\/2026\/01\/IMG_5687-1024x768.jpg 1024w, https:\/\/reverbdata.ipl.pt\/wp-content\/uploads\/2026\/01\/IMG_5687-768x576.jpg 768w, https:\/\/reverbdata.ipl.pt\/wp-content\/uploads\/2026\/01\/IMG_5687-1536x1152.jpg 1536w, https:\/\/reverbdata.ipl.pt\/wp-content\/uploads\/2026\/01\/IMG_5687-2048x1536.jpg 2048w, https:\/\/reverbdata.ipl.pt\/wp-content\/uploads\/2026\/01\/IMG_5687-16x12.jpg 16w, https:\/\/reverbdata.ipl.pt\/wp-content\/uploads\/2026\/01\/IMG_5687-200x150.jpg 200w\" sizes=\"auto, (max-width: 2560px) 100vw, 2560px\" \/><\/figure>\n\n\n\n<p class=\"justify-text has-body-text-color has-text-color has-link-color wp-elements-ae24cf10712cb034184c538e82f2c55b\">A Bas\u00edlica da Sant\u00edssima Trindade possui dimens\u00f5es gigantescas: tem forma circular com 125 metros de di\u00e2metro sem apoios interm\u00e9dios; \u00e9 suportada por duas vigas de 182,5 metros, com um v\u00e3o livre de 80 metros e uma altura m\u00e1xima de 21,15 metros. A altura do edif\u00edcio \u00e9 de 18 metros. \u00c9, na sua totalidade, de cor branca e tem um total de 8633 lugares. O interior \u00e9 divis\u00edvel em dois sectores, atrav\u00e9s de uma parede m\u00f3vel de 2 metros de altura. O presbit\u00e9rio tem capacidade para cerca de 100 concelebrantes.<\/p>\n\n\n\n<p class=\"justify-text has-body-text-color has-text-color has-link-color wp-elements-500cb022926db0cef284c331b6f4a4a7\">A \u00e1rea \u00fatil interior da Bas\u00edlica \u00e9 de ca. 8450 m2, com um p\u00e9 direito m\u00e9dio de ca. 15.2 m e o seu enorme volume \u00e9 ca. 128018 m3.<\/p>\n\n\n\n<p class=\"justify-text has-body-text-color has-text-color has-link-color wp-elements-7addf722e22d28e3252bcd966158a7d3\">Principais materiais: alvenaria mista, cantaria de calc\u00e1rio (branco de mar), pedra ata\u00edja, madeira, cadeiras forradas, Akustaplan, membrana ac\u00fastica transl\u00facida (tecto), ressoadores de Helmholtz, difusores.<\/p>\n<\/div>\n\n\n\n<div class=\"wp-block-column is-layout-flow wp-block-column-is-layout-flow\" style=\"padding-top:3rem;flex-basis:50%\">\n<h5 class=\"wp-block-heading has-text-align-left has-custom-color-1-color has-text-color has-link-color wp-elements-8a45a6902f43687e0844961954a22124\" id=\"0-measurement-points-and-source-location\">Pontos de medi\u00e7\u00e3o e localiza\u00e7\u00e3o da fonte ac\u00fastica<\/h5>\n\n\n\n<p class=\"justify-text has-body-text-color has-text-color has-link-color wp-elements-d6a982015fdf446739b316c149d9d85b\">A fonte sonora foi colocada no presbit\u00e9rio junto ao altar (S1). As aquisi\u00e7\u00f5es e registos ac\u00fasticos foram realizados em 7 locais distribu\u00eddos (Pos1 \u2013 Pos7) ao longo da \u00e1rea prevista para os fi\u00e9is.<\/p>\n\n\n\n<figure class=\"wp-block-image alignwide size-full is-style-default\"><img loading=\"lazy\" decoding=\"async\" width=\"2194\" height=\"2560\" src=\"https:\/\/reverbdata.ipl.pt\/wp-content\/uploads\/2026\/01\/BST_measurement_locations_2-scaled.jpg\" alt=\"\" class=\"wp-image-2290\" srcset=\"https:\/\/reverbdata.ipl.pt\/wp-content\/uploads\/2026\/01\/BST_measurement_locations_2-scaled.jpg 2194w, https:\/\/reverbdata.ipl.pt\/wp-content\/uploads\/2026\/01\/BST_measurement_locations_2-257x300.jpg 257w, https:\/\/reverbdata.ipl.pt\/wp-content\/uploads\/2026\/01\/BST_measurement_locations_2-878x1024.jpg 878w, https:\/\/reverbdata.ipl.pt\/wp-content\/uploads\/2026\/01\/BST_measurement_locations_2-768x896.jpg 768w, https:\/\/reverbdata.ipl.pt\/wp-content\/uploads\/2026\/01\/BST_measurement_locations_2-1316x1536.jpg 1316w, https:\/\/reverbdata.ipl.pt\/wp-content\/uploads\/2026\/01\/BST_measurement_locations_2-1755x2048.jpg 1755w, https:\/\/reverbdata.ipl.pt\/wp-content\/uploads\/2026\/01\/BST_measurement_locations_2-10x12.jpg 10w, https:\/\/reverbdata.ipl.pt\/wp-content\/uploads\/2026\/01\/BST_measurement_locations_2-200x233.jpg 200w\" sizes=\"auto, (max-width: 2194px) 100vw, 2194px\" \/><\/figure>\n<\/div>\n<\/div>\n<\/div>\n<\/div>\n\n\n\n<div class=\"wp-block-group has-global-padding is-layout-constrained wp-block-group-is-layout-constrained\">\n<div style=\"height:20px\" aria-hidden=\"true\" class=\"wp-block-spacer\"><\/div>\n\n\n\n<h3 class=\"wp-block-heading has-custom-color-1-color has-text-color has-link-color wp-elements-01bca5ce57de3daa64864e37b5fec474\">Ficheiros de \u00c1udio de Demonstra\u00e7\u00e3o<\/h3>\n\n\n\n<h6 class=\"wp-block-heading has-custom-color-1-color has-text-color has-link-color wp-elements-5d0b8381b06338b31183daec91eb03ed\">\"Discurso masculino e feminino\" -&gt; Original<\/h6>\n\n\n\n<figure class=\"wp-block-audio\"><audio controls src=\"https:\/\/reverbdata.ipl.pt\/wp-content\/uploads\/2025\/05\/Male_and_Female_speech_40s.wav\"><\/audio><\/figure>\n\n\n\n<h6 class=\"wp-block-heading has-custom-color-1-color has-text-color has-link-color wp-elements-05d1ab4ec7b116d35a88f5889981f89b\">\"Discurso masculino e feminino\" -&gt; Processado em Est\u00e9reo<\/h6>\n\n\n\n<figure class=\"wp-block-audio\"><audio controls src=\"https:\/\/reverbdata.ipl.pt\/wp-content\/uploads\/2026\/01\/Male_and_Female_speech_Stereo_40s-1.wav\"><\/audio><figcaption class=\"wp-element-caption\">Fonte Ac\u00fastica no presbit\u00e9rio junto ao altar (S1) e Sistema de Aquisi\u00e7\u00e3o na Posi\u00e7\u00e3o 2; T<sub>30,wide<\/sub>\u00a0= 2.22 s<\/figcaption><\/figure>\n\n\n\n<h6 class=\"wp-block-heading has-custom-color-1-color has-text-color has-link-color wp-elements-cefd33f3fd0d3ace7f548d7653c7219d\">\"Discurso masculino e feminino\" -&gt; Processado em Binaural (usar headphones)<\/h6>\n\n\n\n<figure class=\"wp-block-audio\"><audio controls src=\"https:\/\/reverbdata.ipl.pt\/wp-content\/uploads\/2026\/01\/Male_and_Female_speech_Binaural_40s-1.wav\"><\/audio><figcaption class=\"wp-element-caption\">Fonte Ac\u00fastica no presbit\u00e9rio junto ao altar (S1) e Sistema de Aquisi\u00e7\u00e3o na Posi\u00e7\u00e3o 2; T<sub>30,wide<\/sub>\u00a0= 2.22 s<\/figcaption><\/figure>\n\n\n\n<h6 class=\"wp-block-heading has-custom-color-1-color has-text-color has-link-color wp-elements-8b021da4f6891343264ec4075f892193\">\u201cGuitar_Capriccio_Arabe_Tarrega\u201d -&gt; Original<\/h6>\n\n\n\n<figure class=\"wp-block-audio\"><audio controls src=\"https:\/\/reverbdata.ipl.pt\/wp-content\/uploads\/2025\/05\/Guitar_Capriccio_Arabe_Tarrega_40s.wav\"><\/audio><\/figure>\n\n\n\n<h6 class=\"wp-block-heading has-custom-color-1-color has-text-color has-link-color wp-elements-da811de222d07d25a08b3306dca9165a\">\u201cGuitar_Capriccio_Arabe_Tarrega\u201d -&gt; Processado em Est\u00e9reo<\/h6>\n\n\n\n<figure class=\"wp-block-audio\"><audio controls src=\"https:\/\/reverbdata.ipl.pt\/wp-content\/uploads\/2026\/01\/Guitar_Capriccio_Arabe_Tarrega_Stereo_40s-1.wav\"><\/audio><figcaption class=\"wp-element-caption\">Fonte Ac\u00fastica no presbit\u00e9rio junto ao altar (S1) e Sistema de Aquisi\u00e7\u00e3o na Posi\u00e7\u00e3o 2; T<sub>30,wide<\/sub>\u00a0= 2.22 s<\/figcaption><\/figure>\n\n\n\n<h6 class=\"wp-block-heading has-custom-color-1-color has-text-color has-link-color wp-elements-3e4b1e9003c333e6a9be23ad9cfcf89e\">\u201cGuitar_Capriccio_Arabe_Tarrega\u201d -&gt; Processado em Binaural (usar headphones)<\/h6>\n\n\n\n<figure class=\"wp-block-audio\"><audio controls src=\"https:\/\/reverbdata.ipl.pt\/wp-content\/uploads\/2026\/01\/Guitar_Capriccio_Arabe_Tarrega_Binaural_40s-1.wav\"><\/audio><figcaption class=\"wp-element-caption\">Fonte Ac\u00fastica no presbit\u00e9rio junto ao altar (S1) e Sistema de Aquisi\u00e7\u00e3o na Posi\u00e7\u00e3o 2; T<sub>30,wide<\/sub>\u00a0= 2.22 s<\/figcaption><\/figure>\n\n\n\n<h6 class=\"wp-block-heading has-custom-color-1-color has-text-color has-link-color wp-elements-5e3ef03a3904366221432726cf86b293\">\u201cKyrie_Missa_Notre_Dame_Guillame_de_Machaut\u201d -&gt; Original<\/h6>\n\n\n\n<figure class=\"wp-block-audio\"><audio controls src=\"https:\/\/reverbdata.ipl.pt\/wp-content\/uploads\/2025\/05\/Kyrie_Missa_Notre_Dame_Guillame_de_Machaut_40s.wav\"><\/audio><\/figure>\n\n\n\n<h6 class=\"wp-block-heading has-custom-color-1-color has-text-color has-link-color wp-elements-c8ec8eb0b94e1c4a27ce45cb43d2255f\">\u201cKyrie_Missa_Notre_Dame_Guillame_de_Machaut\u201d -&gt; Processado em Est\u00e9reo<\/h6>\n\n\n\n<figure class=\"wp-block-audio\"><audio controls src=\"https:\/\/reverbdata.ipl.pt\/wp-content\/uploads\/2026\/01\/Kyrie_Missa_Notre_Dame_Guillaume_de_Machaut_Stereo_40s-1.wav\"><\/audio><figcaption class=\"wp-element-caption\">Fonte Ac\u00fastica no presbit\u00e9rio junto ao altar (S1) e Sistema de Aquisi\u00e7\u00e3o na Posi\u00e7\u00e3o 2; T<sub>30,wide<\/sub>\u00a0= 2.22 s<\/figcaption><\/figure>\n\n\n\n<h6 class=\"wp-block-heading has-custom-color-1-color has-text-color has-link-color wp-elements-ee7412d73cf813a98ed7e6f4bd41f78f\">\u201cKyrie_Missa_Notre_Dame_Guillame_de_Machaut\u201d -&gt; Processado em Binaural (usar headphones)<\/h6>\n\n\n\n<figure class=\"wp-block-audio\"><audio controls src=\"https:\/\/reverbdata.ipl.pt\/wp-content\/uploads\/2026\/01\/Kyrie_Missa_Notre_Dame_Guillaume_de_Machaut_Binaural_40s-1.wav\"><\/audio><figcaption class=\"wp-element-caption\">Fonte Ac\u00fastica no presbit\u00e9rio junto ao altar (S1) e Sistema de Aquisi\u00e7\u00e3o na Posi\u00e7\u00e3o 2; T<sub>30,wide<\/sub>\u00a0= 2.22 s<\/figcaption><\/figure>\n\n\n\n<div style=\"height:20px\" aria-hidden=\"true\" class=\"wp-block-spacer\"><\/div>\n\n\n\n<div class=\"wp-block-group has-custom-color-1-background-color has-background has-global-padding is-layout-constrained wp-container-core-group-is-layout-e8732830 wp-block-group-is-layout-constrained\" style=\"min-height:0px;margin-top:0;margin-bottom:0;padding-right:5rem;padding-left:5rem\">\n<h3 class=\"wp-block-heading has-text-align-center has-base-color has-text-color has-link-color wp-elements-208eb43f39c0bbfef20ac2391bb35c4e\" id=\"1-room-impulse-response-files\" style=\"padding-top:0;padding-right:0;padding-bottom:0;padding-left:0\">Ficheiros de Resposta ao Impulso do Espa\u00e7o<\/h3>\n\n\n\n<div class=\"wp-block-buttons alignwide is-horizontal is-content-justification-center is-layout-flex wp-container-core-buttons-is-layout-967d4589 wp-block-buttons-is-layout-flex\" style=\"margin-top:var(--wp--preset--spacing--40);margin-bottom:0\">\n<div class=\"wp-block-button is-style-fill\"><a class=\"wp-block-button__link has-section-bg-color has-heading-background-color has-text-color has-background has-link-color has-text-align-center wp-element-button\" href=\"https:\/\/iplx-my.sharepoint.com\/:f:\/g\/personal\/reverbdata_esml_ipl_pt\/IgACWdMK8NdTQ4muZfpiEpycAW-QPrGACKiNDr2N9wloPL4?e=vmIjQI\" style=\"border-style:none;border-width:0px\"><strong>Download<\/strong><\/a><\/div>\n<\/div>\n<\/div>\n\n\n\n<div class=\"wp-block-buttons is-content-justification-left is-layout-flex wp-container-core-buttons-is-layout-fc4fd283 wp-block-buttons-is-layout-flex\">\n<div class=\"wp-block-button is-style-outline is-style-outline--1\"><a class=\"wp-block-button__link has-custom-color-1-color has-white-background-color has-text-color has-background has-link-color wp-element-button\" href=\"https:\/\/reverbdata.ipl.pt\/pt\/#shrine-of-fatima\">Voltar ao Santu\u00e1rio de Nossa Senhora do Ros\u00e1rio de F\u00e1tima<\/a><\/div>\n<\/div>\n\n\n\n<div class=\"wp-block-buttons is-content-justification-right is-layout-flex wp-container-core-buttons-is-layout-d445cf74 wp-block-buttons-is-layout-flex\">\n<div class=\"wp-block-button is-style-fill\"><a class=\"wp-block-button__link has-heading-color has-white-background-color has-text-color has-background has-link-color wp-element-button\" href=\"https:\/\/reverbdata.ipl.pt\/pt\/\">Voltar \u00e0 Pagina Inicial<\/a><\/div>\n<\/div>\n<\/div>","protected":false},"excerpt":{"rendered":"<p>The Basilica of the Most Holy Trinity has gigantic dimensions: it has a circular shape with a diameter of 125 meters without intermediate supports; it is supported by two beams of 182.5 meters, with a free span of 80 meters and a maximum height of 21.15 meters. The height of the building is 18 meters. [&hellip;]<\/p>\n","protected":false},"author":2,"featured_media":1251,"parent":514,"menu_order":0,"comment_status":"closed","ping_status":"closed","template":"","meta":{"footnotes":""},"class_list":["post-2288","page","type-page","status-publish","has-post-thumbnail","hentry"],"featured_image_src":"https:\/\/reverbdata.ipl.pt\/wp-content\/uploads\/2025\/01\/IMG_4653_2-rotated.jpeg","_links":{"self":[{"href":"https:\/\/reverbdata.ipl.pt\/pt\/wp-json\/wp\/v2\/pages\/2288","targetHints":{"allow":["GET"]}}],"collection":[{"href":"https:\/\/reverbdata.ipl.pt\/pt\/wp-json\/wp\/v2\/pages"}],"about":[{"href":"https:\/\/reverbdata.ipl.pt\/pt\/wp-json\/wp\/v2\/types\/page"}],"author":[{"embeddable":true,"href":"https:\/\/reverbdata.ipl.pt\/pt\/wp-json\/wp\/v2\/users\/2"}],"replies":[{"embeddable":true,"href":"https:\/\/reverbdata.ipl.pt\/pt\/wp-json\/wp\/v2\/comments?post=2288"}],"version-history":[{"count":1,"href":"https:\/\/reverbdata.ipl.pt\/pt\/wp-json\/wp\/v2\/pages\/2288\/revisions"}],"predecessor-version":[{"id":2297,"href":"https:\/\/reverbdata.ipl.pt\/pt\/wp-json\/wp\/v2\/pages\/2288\/revisions\/2297"}],"up":[{"embeddable":true,"href":"https:\/\/reverbdata.ipl.pt\/pt\/wp-json\/wp\/v2\/pages\/514"}],"wp:featuredmedia":[{"embeddable":true,"href":"https:\/\/reverbdata.ipl.pt\/pt\/wp-json\/wp\/v2\/media\/1251"}],"wp:attachment":[{"href":"https:\/\/reverbdata.ipl.pt\/pt\/wp-json\/wp\/v2\/media?parent=2288"}],"curies":[{"name":"wp","href":"https:\/\/api.w.org\/{rel}","templated":true}]}}