{"id":243,"date":"2024-07-21T16:37:48","date_gmt":"2024-07-21T16:37:48","guid":{"rendered":"https:\/\/reverbdata.ipl.pt\/?page_id=243"},"modified":"2025-05-29T09:34:44","modified_gmt":"2025-05-29T09:34:44","slug":"garrett","status":"publish","type":"page","link":"https:\/\/reverbdata.ipl.pt\/pt\/reverbdata\/garrett\/","title":{"rendered":"Audit\u00f3rio Almeida Garrett"},"content":{"rendered":"<div class=\"wp-block-group has-global-padding is-layout-constrained wp-block-group-is-layout-constrained\">\n<div class=\"wp-block-group has-global-padding is-layout-constrained wp-block-group-is-layout-constrained\">\n<div class=\"wp-block-columns is-layout-flex wp-container-core-columns-is-layout-0f3590de wp-block-columns-is-layout-flex\">\n<div class=\"wp-block-column is-layout-flow wp-block-column-is-layout-flow\" style=\"flex-basis:50%\"><h3 class=\"has-link-color wp-elements-d2e51c92208a6a2a5b724660ce272c42 wp-block-post-title has-text-color has-custom-color-1-color\">Audit\u00f3rio Almeida Garrett<\/h3>\n\n\n<figure class=\"wp-block-image size-full\"><img loading=\"lazy\" decoding=\"async\" width=\"696\" height=\"464\" src=\"https:\/\/reverbdata.ipl.pt\/wp-content\/uploads\/2024\/07\/Garrett-Hall.png\" alt=\"\" class=\"wp-image-25\" srcset=\"https:\/\/reverbdata.ipl.pt\/wp-content\/uploads\/2024\/07\/Garrett-Hall.png 696w, https:\/\/reverbdata.ipl.pt\/wp-content\/uploads\/2024\/07\/Garrett-Hall-300x200.png 300w\" sizes=\"auto, (max-width: 696px) 100vw, 696px\" \/><\/figure>\n\n\n\n<p class=\"justify-text has-body-text-color has-text-color has-link-color wp-elements-bd7024efacfeb7ebf6a20aa2eabe32f1\">O audit\u00f3rio Almeida Garrett tem um volume de 3.105 m3 para o p\u00fablico e capacidade para 694 pessoas. O palco tem cerca de 18 m de profundidade, 29 m de largura e 17 m de altura. O volume total da sala (audi\u00eancia + torre volante) \u00e9 de 12.000 m3.<\/p>\n<\/div>\n\n\n\n<div class=\"wp-block-column is-layout-flow wp-block-column-is-layout-flow\" style=\"padding-top:3rem;flex-basis:50%\">\n<h5 class=\"wp-block-heading has-text-align-left has-custom-color-1-color has-text-color has-link-color wp-elements-74cf0948a3128ab9f4ecf1f8834f4295\">Pontos de medi\u00e7\u00e3o e localiza\u00e7\u00e3o da fonte ac\u00fastica<\/h5>\n\n\n\n<p class=\"justify-text has-body-text-color has-text-color has-link-color wp-elements-24a2d1b83c0a2d8fed89082d593ea657\">A planta do audit\u00f3rio Almeida Garrett mostra a localiza\u00e7\u00e3o da fonte ac\u00fastica no palco, juntamente com os 10 pontos de medi\u00e7\u00e3o localizados nas bancadas da plateia, nos 1\u00ba e 2\u00ba balc\u00f5es e na tribuna real.<\/p>\n\n\n\n<figure class=\"wp-block-image alignwide size-full\"><img loading=\"lazy\" decoding=\"async\" width=\"5250\" height=\"5250\" src=\"https:\/\/reverbdata.ipl.pt\/wp-content\/uploads\/2024\/09\/Teatro-D.-Maria-II_final2.png\" alt=\"\" class=\"wp-image-1052\" srcset=\"https:\/\/reverbdata.ipl.pt\/wp-content\/uploads\/2024\/09\/Teatro-D.-Maria-II_final2.png 5250w, https:\/\/reverbdata.ipl.pt\/wp-content\/uploads\/2024\/09\/Teatro-D.-Maria-II_final2-300x300.png 300w, https:\/\/reverbdata.ipl.pt\/wp-content\/uploads\/2024\/09\/Teatro-D.-Maria-II_final2-1024x1024.png 1024w, https:\/\/reverbdata.ipl.pt\/wp-content\/uploads\/2024\/09\/Teatro-D.-Maria-II_final2-150x150.png 150w, https:\/\/reverbdata.ipl.pt\/wp-content\/uploads\/2024\/09\/Teatro-D.-Maria-II_final2-768x768.png 768w, https:\/\/reverbdata.ipl.pt\/wp-content\/uploads\/2024\/09\/Teatro-D.-Maria-II_final2-1536x1536.png 1536w, https:\/\/reverbdata.ipl.pt\/wp-content\/uploads\/2024\/09\/Teatro-D.-Maria-II_final2-2048x2048.png 2048w, https:\/\/reverbdata.ipl.pt\/wp-content\/uploads\/2024\/09\/Teatro-D.-Maria-II_final2-12x12.png 12w, https:\/\/reverbdata.ipl.pt\/wp-content\/uploads\/2024\/09\/Teatro-D.-Maria-II_final2-200x200.png 200w\" sizes=\"auto, (max-width: 5250px) 100vw, 5250px\" \/><\/figure>\n<\/div>\n<\/div>\n<\/div>\n\n\n\n<h3 class=\"wp-block-heading has-custom-color-1-color has-text-color has-link-color wp-elements-01bca5ce57de3daa64864e37b5fec474\">Ficheiros de \u00c1udio de Demonstra\u00e7\u00e3o<\/h3>\n\n\n\n<h6 class=\"wp-block-heading has-custom-color-1-color has-text-color has-link-color wp-elements-3dcccc6407b28d21ef5ff8dfadb27658\">\"Discurso masculino e feminino\" -&gt; Original<\/h6>\n\n\n\n<figure class=\"wp-block-audio\"><audio controls src=\"https:\/\/reverbdata.ipl.pt\/wp-content\/uploads\/2025\/05\/Male_and_Female_speech_40s.wav\"><\/audio><\/figure>\n\n\n\n<h6 class=\"wp-block-heading has-custom-color-1-color has-text-color has-link-color wp-elements-526f9bc44a54ace3c0b686654b643940\">\"Discurso masculino e feminino\" -&gt; Processado em Est\u00e9reo<\/h6>\n\n\n\n<figure class=\"wp-block-audio\"><audio controls src=\"https:\/\/reverbdata.ipl.pt\/wp-content\/uploads\/2025\/05\/Male_and_Female_speech_Stereo_40s-5.wav\"><\/audio><figcaption class=\"wp-element-caption\">Sistema de Aquisi\u00e7\u00e3o na Tribuna Real; T<sub>30, wide<\/sub> = 0.89 s<\/figcaption><\/figure>\n\n\n\n<h6 class=\"wp-block-heading has-custom-color-1-color has-text-color has-link-color wp-elements-15d1e3bb90b012f2eafa8912ebde65d5\">\"Discurso masculino e feminino\" -&gt; Processado em Binaural (usar headphones)<\/h6>\n\n\n\n<figure class=\"wp-block-audio\"><audio controls src=\"https:\/\/reverbdata.ipl.pt\/wp-content\/uploads\/2025\/05\/Male_and_Female_speech_Binaural_40s-5.wav\"><\/audio><figcaption class=\"wp-element-caption\">Sistema de Aquisi\u00e7\u00e3o na Tribuna Real; T<sub>30, wide<\/sub> = 0.89 s<\/figcaption><\/figure>\n\n\n\n<h6 class=\"wp-block-heading has-custom-color-1-color has-text-color has-link-color wp-elements-8b021da4f6891343264ec4075f892193\">\u201cGuitar_Capriccio_Arabe_Tarrega\u201d -&gt; Original<\/h6>\n\n\n\n<figure class=\"wp-block-audio\"><audio controls src=\"https:\/\/reverbdata.ipl.pt\/wp-content\/uploads\/2025\/05\/Guitar_Capriccio_Arabe_Tarrega_40s.wav\"><\/audio><\/figure>\n\n\n\n<h6 class=\"wp-block-heading has-custom-color-1-color has-text-color has-link-color wp-elements-da811de222d07d25a08b3306dca9165a\">\u201cGuitar_Capriccio_Arabe_Tarrega\u201d -&gt; Processado em Est\u00e9reo<\/h6>\n\n\n\n<figure class=\"wp-block-audio\"><audio controls src=\"https:\/\/reverbdata.ipl.pt\/wp-content\/uploads\/2025\/05\/Guitar_Capriccio_Arabe_Tarrega_Stereo_40s-5.wav\"><\/audio><figcaption class=\"wp-element-caption\">Sistema de Aquisi\u00e7\u00e3o na Tribuna Real; T<sub>30, wide<\/sub> = 0.89 s<\/figcaption><\/figure>\n\n\n\n<h6 class=\"wp-block-heading has-custom-color-1-color has-text-color has-link-color wp-elements-3e4b1e9003c333e6a9be23ad9cfcf89e\">\u201cGuitar_Capriccio_Arabe_Tarrega\u201d -&gt; Processado em Binaural (usar headphones)<\/h6>\n\n\n\n<figure class=\"wp-block-audio\"><audio controls src=\"https:\/\/reverbdata.ipl.pt\/wp-content\/uploads\/2025\/05\/Guitar_Capriccio_Arabe_Tarrega_Binaural_40s-4.wav\"><\/audio><figcaption class=\"wp-element-caption\">Sistema de Aquisi\u00e7\u00e3o na Tribuna Real; T<sub>30, wide<\/sub> = 0.89 s<\/figcaption><\/figure>\n\n\n\n<h6 class=\"wp-block-heading has-custom-color-1-color has-text-color has-link-color wp-elements-7405a5e3bc309897af74397bc80cd2bd\">\u201cHell_of_a_Guy\u201d -&gt; Original<\/h6>\n\n\n\n<figure class=\"wp-block-audio\"><audio controls src=\"https:\/\/reverbdata.ipl.pt\/wp-content\/uploads\/2024\/09\/Hell_of_a_Guy_40s.wav\"><\/audio><\/figure>\n\n\n\n<h6 class=\"wp-block-heading has-custom-color-1-color has-text-color has-link-color wp-elements-62f050fd88eb14d13e2baa73bcd3fbb5\">\u201cHell_of_a_Guy\u201d -&gt; Processado em Est\u00e9reo<\/h6>\n\n\n\n<figure class=\"wp-block-audio\"><audio controls src=\"https:\/\/reverbdata.ipl.pt\/wp-content\/uploads\/2025\/05\/Hell_of_a_Guy_Stereo_40s-3.wav\"><\/audio><figcaption class=\"wp-element-caption\">Sistema de Aquisi\u00e7\u00e3o na Tribuna Real; T<sub>30, wide<\/sub> = 0.89 s<\/figcaption><\/figure>\n\n\n\n<h6 class=\"wp-block-heading has-custom-color-1-color has-text-color has-link-color wp-elements-65b34418b28da383cf39586a23e19532\">\u201cHell_of_a_Guy\u201d -&gt; Processado em Binaural (usar headphones)<\/h6>\n\n\n\n<figure class=\"wp-block-audio\"><audio controls src=\"https:\/\/reverbdata.ipl.pt\/wp-content\/uploads\/2025\/05\/Hell_of_a_Guy_Binaural_40s-3.wav\"><\/audio><figcaption class=\"wp-element-caption\">Sistema de Aquisi\u00e7\u00e3o na Tribuna Real; T<sub>30, wide<\/sub> = 0.89 s<\/figcaption><\/figure>\n<\/div>\n\n\n\n<div class=\"wp-block-group has-global-padding is-layout-constrained wp-block-group-is-layout-constrained\">\n<div style=\"height:40px\" aria-hidden=\"true\" class=\"wp-block-spacer\"><\/div>\n\n\n\n<div class=\"wp-block-group has-custom-color-1-background-color has-background has-global-padding is-layout-constrained wp-container-core-group-is-layout-e8732830 wp-block-group-is-layout-constrained\" style=\"min-height:0px;margin-top:0;margin-bottom:0;padding-right:5rem;padding-left:5rem\">\n<h3 class=\"wp-block-heading has-text-align-center has-base-color has-text-color has-link-color wp-elements-bdebf145cae9fa4460087a537381715d\" style=\"padding-top:0;padding-right:0;padding-bottom:0;padding-left:0\">Ficheiros de Resposta ao Impulso do Espa\u00e7o<\/h3>\n\n\n\n<div class=\"wp-block-buttons alignwide is-horizontal is-content-justification-center is-layout-flex wp-container-core-buttons-is-layout-967d4589 wp-block-buttons-is-layout-flex\" style=\"margin-top:var(--wp--preset--spacing--40);margin-bottom:0\">\n<div class=\"wp-block-button is-style-fill\"><a class=\"wp-block-button__link has-section-bg-color has-heading-background-color has-text-color has-background has-link-color has-text-align-center wp-element-button\" href=\"https:\/\/iplx-my.sharepoint.com\/:f:\/g\/personal\/reverbdata_esml_ipl_pt\/EuoCDi9PI1VKi-0YH3mUuaEBVd-Kk4JdwxMxU4jPbPPqkA?e=DdJPuI\" style=\"border-style:none;border-width:0px\"><strong>Download<\/strong><\/a><\/div>\n<\/div>\n<\/div>\n\n\n\n<div class=\"wp-block-buttons is-content-justification-right is-layout-flex wp-container-core-buttons-is-layout-d445cf74 wp-block-buttons-is-layout-flex\">\n<div class=\"wp-block-button is-style-fill\"><a class=\"wp-block-button__link has-heading-color has-white-background-color has-text-color has-background has-link-color wp-element-button\" href=\"https:\/\/reverbdata.ipl.pt\/pt\/\">Voltar \u00e0 Pagina Inicial<\/a><\/div>\n<\/div>\n<\/div>","protected":false},"excerpt":{"rendered":"<p>The Garrett Hall possesses a volume of 3105 m3 for the audience and a seating capacity for 694 persons. The stage is around 18 m deep, 29 m wide and 17 m high. The total volume of the hall (audience + \ufb02y tower) is ca. 12000 m3. Measurement points and source location The Garrett Hall\u2019s [&hellip;]<\/p>\n","protected":false},"author":4,"featured_media":25,"parent":514,"menu_order":0,"comment_status":"closed","ping_status":"closed","template":"","meta":{"footnotes":""},"class_list":["post-243","page","type-page","status-publish","has-post-thumbnail","hentry"],"featured_image_src":"https:\/\/reverbdata.ipl.pt\/wp-content\/uploads\/2024\/07\/Garrett-Hall.png","_links":{"self":[{"href":"https:\/\/reverbdata.ipl.pt\/pt\/wp-json\/wp\/v2\/pages\/243","targetHints":{"allow":["GET"]}}],"collection":[{"href":"https:\/\/reverbdata.ipl.pt\/pt\/wp-json\/wp\/v2\/pages"}],"about":[{"href":"https:\/\/reverbdata.ipl.pt\/pt\/wp-json\/wp\/v2\/types\/page"}],"author":[{"embeddable":true,"href":"https:\/\/reverbdata.ipl.pt\/pt\/wp-json\/wp\/v2\/users\/4"}],"replies":[{"embeddable":true,"href":"https:\/\/reverbdata.ipl.pt\/pt\/wp-json\/wp\/v2\/comments?post=243"}],"version-history":[{"count":30,"href":"https:\/\/reverbdata.ipl.pt\/pt\/wp-json\/wp\/v2\/pages\/243\/revisions"}],"predecessor-version":[{"id":1690,"href":"https:\/\/reverbdata.ipl.pt\/pt\/wp-json\/wp\/v2\/pages\/243\/revisions\/1690"}],"up":[{"embeddable":true,"href":"https:\/\/reverbdata.ipl.pt\/pt\/wp-json\/wp\/v2\/pages\/514"}],"wp:featuredmedia":[{"embeddable":true,"href":"https:\/\/reverbdata.ipl.pt\/pt\/wp-json\/wp\/v2\/media\/25"}],"wp:attachment":[{"href":"https:\/\/reverbdata.ipl.pt\/pt\/wp-json\/wp\/v2\/media?parent=243"}],"curies":[{"name":"wp","href":"https:\/\/api.w.org\/{rel}","templated":true}]}}