{"id":2541,"date":"2026-03-24T19:38:18","date_gmt":"2026-03-24T19:38:18","guid":{"rendered":"https:\/\/reverbdata.ipl.pt\/?page_id=2541"},"modified":"2026-03-24T20:11:51","modified_gmt":"2026-03-24T20:11:51","slug":"lisbon-cathedral-cloister","status":"publish","type":"page","link":"https:\/\/reverbdata.ipl.pt\/pt\/reverbdata\/lisbon-cathedral-cloister\/","title":{"rendered":"Claustro da S\u00e9 de Lisboa"},"content":{"rendered":"<div class=\"wp-block-group has-global-padding is-layout-constrained wp-block-group-is-layout-constrained\">\n<div class=\"wp-block-group has-global-padding is-layout-constrained wp-block-group-is-layout-constrained\">\n<div class=\"wp-block-columns is-layout-flex wp-container-core-columns-is-layout-0f3590de wp-block-columns-is-layout-flex\">\n<div class=\"wp-block-column is-layout-flow wp-block-column-is-layout-flow\" style=\"flex-basis:50%\"><h3 class=\"has-link-color wp-elements-d2e51c92208a6a2a5b724660ce272c42 wp-block-post-title has-text-color has-custom-color-1-color\">Claustro da S\u00e9 de Lisboa<\/h3>\n\n\n<figure class=\"wp-block-image size-full\"><img loading=\"lazy\" decoding=\"async\" width=\"2560\" height=\"1707\" src=\"https:\/\/reverbdata.ipl.pt\/wp-content\/uploads\/2026\/03\/IMG_3775-scaled.jpg\" alt=\"\" class=\"wp-image-2542\" srcset=\"https:\/\/reverbdata.ipl.pt\/wp-content\/uploads\/2026\/03\/IMG_3775-scaled.jpg 2560w, https:\/\/reverbdata.ipl.pt\/wp-content\/uploads\/2026\/03\/IMG_3775-300x200.jpg 300w, https:\/\/reverbdata.ipl.pt\/wp-content\/uploads\/2026\/03\/IMG_3775-1024x683.jpg 1024w, https:\/\/reverbdata.ipl.pt\/wp-content\/uploads\/2026\/03\/IMG_3775-768x512.jpg 768w, https:\/\/reverbdata.ipl.pt\/wp-content\/uploads\/2026\/03\/IMG_3775-1536x1024.jpg 1536w, https:\/\/reverbdata.ipl.pt\/wp-content\/uploads\/2026\/03\/IMG_3775-2048x1365.jpg 2048w, https:\/\/reverbdata.ipl.pt\/wp-content\/uploads\/2026\/03\/IMG_3775-18x12.jpg 18w, https:\/\/reverbdata.ipl.pt\/wp-content\/uploads\/2026\/03\/IMG_3775-200x133.jpg 200w\" sizes=\"auto, (max-width: 2560px) 100vw, 2560px\" \/><\/figure>\n\n\n\n<p class=\"justify-text has-body-text-color has-text-color has-link-color wp-elements-74db68e90a2f0116ace068f7460d5ec5\">O Claustro de tem planta poligonal com ca. 50 m de lado, e um p\u00e9 direito de ca. 10 m.<\/p>\n\n\n\n<p class=\"justify-text has-body-text-color has-text-color has-link-color wp-elements-32320adde0a75e84c50e69fec2497191\">Principais materiais: alvenaria mista, cantaria de calc\u00e1rio (lioz).<\/p>\n<\/div>\n\n\n\n<div class=\"wp-block-column is-layout-flow wp-block-column-is-layout-flow\" style=\"padding-top:3rem;flex-basis:50%\">\n<h5 class=\"wp-block-heading has-text-align-left has-custom-color-1-color has-text-color has-link-color wp-elements-8a45a6902f43687e0844961954a22124\" id=\"0-measurement-points-and-source-location\">Pontos de medi\u00e7\u00e3o e localiza\u00e7\u00e3o da fonte ac\u00fastica<\/h5>\n\n\n\n<p class=\"justify-text has-body-text-color has-text-color has-link-color wp-elements-4fc7b8455064c83150f5cc9216c690a9\">A fonte sonora foi colocada junto \u00e0 parede do Claustro que delimita o deambulat\u00f3rio da igreja (S1). As aquisi\u00e7\u00f5es e registos ac\u00fasticos foram realizados em 5 locais, os primeiros 3 situados na \u00e1rea central do Claustro (Pos1, Pos2, Pos3), e os restantes 2 localizados respectivamente nas Capelas de N.\u00aa Sr.\u00aa da Piedade da Terra Solta e de Santo Estev\u00e3o (Pos4, Pos5), junto ao corredor nascente.<\/p>\n\n\n\n<figure class=\"wp-block-image alignwide size-full is-style-default\"><img loading=\"lazy\" decoding=\"async\" width=\"2462\" height=\"2560\" src=\"https:\/\/reverbdata.ipl.pt\/wp-content\/uploads\/2026\/03\/Lisbon_cathedral_cloister_meas_locations_2-scaled.jpg\" alt=\"\" class=\"wp-image-2543\" srcset=\"https:\/\/reverbdata.ipl.pt\/wp-content\/uploads\/2026\/03\/Lisbon_cathedral_cloister_meas_locations_2-scaled.jpg 2462w, https:\/\/reverbdata.ipl.pt\/wp-content\/uploads\/2026\/03\/Lisbon_cathedral_cloister_meas_locations_2-288x300.jpg 288w, https:\/\/reverbdata.ipl.pt\/wp-content\/uploads\/2026\/03\/Lisbon_cathedral_cloister_meas_locations_2-985x1024.jpg 985w, https:\/\/reverbdata.ipl.pt\/wp-content\/uploads\/2026\/03\/Lisbon_cathedral_cloister_meas_locations_2-768x799.jpg 768w, https:\/\/reverbdata.ipl.pt\/wp-content\/uploads\/2026\/03\/Lisbon_cathedral_cloister_meas_locations_2-1477x1536.jpg 1477w, https:\/\/reverbdata.ipl.pt\/wp-content\/uploads\/2026\/03\/Lisbon_cathedral_cloister_meas_locations_2-1969x2048.jpg 1969w, https:\/\/reverbdata.ipl.pt\/wp-content\/uploads\/2026\/03\/Lisbon_cathedral_cloister_meas_locations_2-12x12.jpg 12w, https:\/\/reverbdata.ipl.pt\/wp-content\/uploads\/2026\/03\/Lisbon_cathedral_cloister_meas_locations_2-200x208.jpg 200w\" sizes=\"auto, (max-width: 2462px) 100vw, 2462px\" \/><\/figure>\n<\/div>\n<\/div>\n<\/div>\n<\/div>\n\n\n\n<div class=\"wp-block-group has-global-padding is-layout-constrained wp-block-group-is-layout-constrained\">\n<div style=\"height:20px\" aria-hidden=\"true\" class=\"wp-block-spacer\"><\/div>\n\n\n\n<h3 class=\"wp-block-heading has-custom-color-1-color has-text-color has-link-color wp-elements-01bca5ce57de3daa64864e37b5fec474\">Ficheiros de \u00c1udio de Demonstra\u00e7\u00e3o<\/h3>\n\n\n\n<h6 class=\"wp-block-heading has-custom-color-1-color has-text-color has-link-color wp-elements-5d0b8381b06338b31183daec91eb03ed\">\"Discurso masculino e feminino\" -&gt; Original<\/h6>\n\n\n\n<figure class=\"wp-block-audio\"><audio controls src=\"https:\/\/reverbdata.ipl.pt\/wp-content\/uploads\/2025\/03\/Male_and_Female_speech_40s-1.wav\"><\/audio><\/figure>\n\n\n\n<h6 class=\"wp-block-heading has-custom-color-1-color has-text-color has-link-color wp-elements-05d1ab4ec7b116d35a88f5889981f89b\">\"Discurso masculino e feminino\" -&gt; Processado em Est\u00e9reo<\/h6>\n\n\n\n<figure class=\"wp-block-audio\"><audio controls src=\"https:\/\/reverbdata.ipl.pt\/wp-content\/uploads\/2026\/03\/Male_and_Female_speech_Stereo_40s-1.wav\"><\/audio><figcaption class=\"wp-element-caption\">Fonte Ac\u00fastica junto \u00e0 parede do Claustro que delimita o deambulat\u00f3rio da Igreja (S1) e Sistema de Aquisi\u00e7\u00e3o na Posi\u00e7\u00e3o 3; T<sub>30,wide<\/sub>&nbsp;= 2.43 s<\/figcaption><\/figure>\n\n\n\n<h6 class=\"wp-block-heading has-custom-color-1-color has-text-color has-link-color wp-elements-cefd33f3fd0d3ace7f548d7653c7219d\">\"Discurso masculino e feminino\" -&gt; Processado em Binaural (usar headphones)<\/h6>\n\n\n\n<figure class=\"wp-block-audio\"><audio controls src=\"https:\/\/reverbdata.ipl.pt\/wp-content\/uploads\/2026\/03\/Male_and_Female_speech_Binaural_40s-1.wav\"><\/audio><figcaption class=\"wp-element-caption\">Fonte Ac\u00fastica junto \u00e0 parede do Claustro que delimita o deambulat\u00f3rio da Igreja (S1) e Sistema de Aquisi\u00e7\u00e3o na Posi\u00e7\u00e3o 3; T<sub>30,wide<\/sub>&nbsp;= 2.43 s<\/figcaption><\/figure>\n\n\n\n<h6 class=\"wp-block-heading has-custom-color-1-color has-text-color has-link-color wp-elements-8b021da4f6891343264ec4075f892193\">\u201cGuitar_Capriccio_Arabe_Tarrega\u201d -&gt; Original<\/h6>\n\n\n\n<figure class=\"wp-block-audio\"><audio controls src=\"https:\/\/reverbdata.ipl.pt\/wp-content\/uploads\/2025\/03\/Guitar_Capriccio_Arabe_Tarrega_40s-1.wav\"><\/audio><\/figure>\n\n\n\n<h6 class=\"wp-block-heading has-custom-color-1-color has-text-color has-link-color wp-elements-da811de222d07d25a08b3306dca9165a\">\u201cGuitar_Capriccio_Arabe_Tarrega\u201d -&gt; Processado em Est\u00e9reo<\/h6>\n\n\n\n<figure class=\"wp-block-audio\"><audio controls src=\"https:\/\/reverbdata.ipl.pt\/wp-content\/uploads\/2026\/03\/Guitar_Capriccio_Arabe_Tarrega_Stereo_40s-1.wav\"><\/audio><figcaption class=\"wp-element-caption\">Fonte Ac\u00fastica junto \u00e0 parede do Claustro que delimita o deambulat\u00f3rio da Igreja (S1) e Sistema de Aquisi\u00e7\u00e3o na Posi\u00e7\u00e3o 3; T<sub>30,wide<\/sub>&nbsp;= 2.43 s<\/figcaption><\/figure>\n\n\n\n<h6 class=\"wp-block-heading has-custom-color-1-color has-text-color has-link-color wp-elements-3e4b1e9003c333e6a9be23ad9cfcf89e\">\u201cGuitar_Capriccio_Arabe_Tarrega\u201d -&gt; Processado em Binaural (usar headphones)<\/h6>\n\n\n\n<figure class=\"wp-block-audio\"><audio controls src=\"https:\/\/reverbdata.ipl.pt\/wp-content\/uploads\/2026\/03\/Guitar_Capriccio_Arabe_Tarrega_Binaural_40s-1.wav\"><\/audio><figcaption class=\"wp-element-caption\">Fonte Ac\u00fastica junto \u00e0 parede do Claustro que delimita o deambulat\u00f3rio da Igreja (S1) e Sistema de Aquisi\u00e7\u00e3o na Posi\u00e7\u00e3o 3; T<sub>30,wide<\/sub>&nbsp;= 2.43 s<\/figcaption><\/figure>\n\n\n\n<h6 class=\"wp-block-heading has-custom-color-1-color has-text-color has-link-color wp-elements-5e3ef03a3904366221432726cf86b293\">\u201cKyrie_Missa_Notre_Dame_Guillame_de_Machaut\u201d -&gt; Original<\/h6>\n\n\n\n<figure class=\"wp-block-audio\"><audio controls src=\"https:\/\/reverbdata.ipl.pt\/wp-content\/uploads\/2025\/03\/Kyrie_Missa_Notre_Dame_Guillaume_de_Machaut_40s-1.wav\"><\/audio><\/figure>\n\n\n\n<h6 class=\"wp-block-heading has-custom-color-1-color has-text-color has-link-color wp-elements-c8ec8eb0b94e1c4a27ce45cb43d2255f\">\u201cKyrie_Missa_Notre_Dame_Guillame_de_Machaut\u201d -&gt; Processado em Est\u00e9reo<\/h6>\n\n\n\n<figure class=\"wp-block-audio\"><audio controls src=\"https:\/\/reverbdata.ipl.pt\/wp-content\/uploads\/2026\/03\/Kyrie_Missa_Notre_Dame_Guillaume_de_Machaut_Stereo_40s-1.wav\"><\/audio><figcaption class=\"wp-element-caption\">Fonte Ac\u00fastica junto \u00e0 parede do Claustro que delimita o deambulat\u00f3rio da Igreja (S1) e Sistema de Aquisi\u00e7\u00e3o na Posi\u00e7\u00e3o 3; T<sub>30,wide<\/sub>&nbsp;= 2.43 s<\/figcaption><\/figure>\n\n\n\n<h6 class=\"wp-block-heading has-custom-color-1-color has-text-color has-link-color wp-elements-ee7412d73cf813a98ed7e6f4bd41f78f\">\u201cKyrie_Missa_Notre_Dame_Guillame_de_Machaut\u201d -&gt; Processado em Binaural (usar headphones)<\/h6>\n\n\n\n<figure class=\"wp-block-audio\"><audio controls src=\"https:\/\/reverbdata.ipl.pt\/wp-content\/uploads\/2026\/03\/Kyrie_Missa_Notre_Dame_Guillaume_de_Machaut_Binaural_40s-1.wav\"><\/audio><figcaption class=\"wp-element-caption\">Fonte Ac\u00fastica junto \u00e0 parede do Claustro que delimita o deambulat\u00f3rio da Igreja (S1) e Sistema de Aquisi\u00e7\u00e3o na Posi\u00e7\u00e3o 3; T<sub>30,wide<\/sub>&nbsp;= 2.43 s<\/figcaption><\/figure>\n\n\n\n<div style=\"height:20px\" aria-hidden=\"true\" class=\"wp-block-spacer\"><\/div>\n\n\n\n<div class=\"wp-block-group has-custom-color-1-background-color has-background has-global-padding is-layout-constrained wp-container-core-group-is-layout-e8732830 wp-block-group-is-layout-constrained\" style=\"min-height:0px;margin-top:0;margin-bottom:0;padding-right:5rem;padding-left:5rem\">\n<h3 class=\"wp-block-heading has-text-align-center has-base-color has-text-color has-link-color wp-elements-208eb43f39c0bbfef20ac2391bb35c4e\" id=\"1-room-impulse-response-files\" style=\"padding-top:0;padding-right:0;padding-bottom:0;padding-left:0\">Ficheiros de Resposta ao Impulso do Espa\u00e7o<\/h3>\n\n\n\n<div class=\"wp-block-buttons alignwide is-horizontal is-content-justification-center is-layout-flex wp-container-core-buttons-is-layout-967d4589 wp-block-buttons-is-layout-flex\" style=\"margin-top:var(--wp--preset--spacing--40);margin-bottom:0\">\n<div class=\"wp-block-button is-style-fill\"><a class=\"wp-block-button__link has-section-bg-color has-heading-background-color has-text-color has-background has-link-color has-text-align-center wp-element-button\" href=\"https:\/\/iplx-my.sharepoint.com\/:f:\/g\/personal\/reverbdata_esml_ipl_pt\/IgCsBdC33aDaQ5CyTrCutxeIARFLn_JGX8PYygSqH62okHI?e=XX8v1e\" style=\"border-style:none;border-width:0px\"><strong>Download<\/strong><\/a><\/div>\n<\/div>\n<\/div>\n\n\n\n<div class=\"wp-block-buttons is-content-justification-left is-layout-flex wp-container-core-buttons-is-layout-fc4fd283 wp-block-buttons-is-layout-flex\">\n<div class=\"wp-block-button is-style-outline is-style-outline--1\"><a class=\"wp-block-button__link has-custom-color-1-color has-white-background-color has-text-color has-background has-link-color wp-element-button\" href=\"https:\/\/reverbdata.ipl.pt\/pt\/#lisbon-cathedral\">Voltar \u00e0 S\u00e9 de Lisboa<\/a><\/div>\n<\/div>\n\n\n\n<div class=\"wp-block-buttons is-content-justification-right is-layout-flex wp-container-core-buttons-is-layout-d445cf74 wp-block-buttons-is-layout-flex\">\n<div class=\"wp-block-button is-style-fill\"><a class=\"wp-block-button__link has-heading-color has-white-background-color has-text-color has-background has-link-color wp-element-button\" href=\"https:\/\/reverbdata.ipl.pt\/pt\/\">Voltar \u00e0 Pagina Inicial<\/a><\/div>\n<\/div>\n<\/div>","protected":false},"excerpt":{"rendered":"<p>The Cloister has a polygonal floor plan with sides of approximately 50 m and a ceiling height of approximately 10 m. Main materials: mixed masonry, limestone stonework (lioz), glass. Measurement points and source location The sound source was placed next to the wall of the Cloister that delimits the deambulatory of the church (S1). The [&hellip;]<\/p>\n","protected":false},"author":4,"featured_media":611,"parent":514,"menu_order":0,"comment_status":"closed","ping_status":"closed","template":"","meta":{"footnotes":""},"class_list":["post-2541","page","type-page","status-publish","has-post-thumbnail","hentry"],"featured_image_src":"https:\/\/reverbdata.ipl.pt\/wp-content\/uploads\/2024\/08\/Church_comp.png","_links":{"self":[{"href":"https:\/\/reverbdata.ipl.pt\/pt\/wp-json\/wp\/v2\/pages\/2541","targetHints":{"allow":["GET"]}}],"collection":[{"href":"https:\/\/reverbdata.ipl.pt\/pt\/wp-json\/wp\/v2\/pages"}],"about":[{"href":"https:\/\/reverbdata.ipl.pt\/pt\/wp-json\/wp\/v2\/types\/page"}],"author":[{"embeddable":true,"href":"https:\/\/reverbdata.ipl.pt\/pt\/wp-json\/wp\/v2\/users\/4"}],"replies":[{"embeddable":true,"href":"https:\/\/reverbdata.ipl.pt\/pt\/wp-json\/wp\/v2\/comments?post=2541"}],"version-history":[{"count":3,"href":"https:\/\/reverbdata.ipl.pt\/pt\/wp-json\/wp\/v2\/pages\/2541\/revisions"}],"predecessor-version":[{"id":2572,"href":"https:\/\/reverbdata.ipl.pt\/pt\/wp-json\/wp\/v2\/pages\/2541\/revisions\/2572"}],"up":[{"embeddable":true,"href":"https:\/\/reverbdata.ipl.pt\/pt\/wp-json\/wp\/v2\/pages\/514"}],"wp:featuredmedia":[{"embeddable":true,"href":"https:\/\/reverbdata.ipl.pt\/pt\/wp-json\/wp\/v2\/media\/611"}],"wp:attachment":[{"href":"https:\/\/reverbdata.ipl.pt\/pt\/wp-json\/wp\/v2\/media?parent=2541"}],"curies":[{"name":"wp","href":"https:\/\/api.w.org\/{rel}","templated":true}]}}