{"id":2561,"date":"2026-03-24T20:07:41","date_gmt":"2026-03-24T20:07:41","guid":{"rendered":"https:\/\/reverbdata.ipl.pt\/?page_id=2561"},"modified":"2026-03-24T20:07:41","modified_gmt":"2026-03-24T20:07:41","slug":"lisbon-cathedral-sacristy","status":"publish","type":"page","link":"https:\/\/reverbdata.ipl.pt\/pt\/reverbdata\/lisbon-cathedral-sacristy\/","title":{"rendered":"Sacristia da S\u00e9 de Lisboa"},"content":{"rendered":"<div class=\"wp-block-group has-global-padding is-layout-constrained wp-block-group-is-layout-constrained\">\n<div class=\"wp-block-group has-global-padding is-layout-constrained wp-block-group-is-layout-constrained\">\n<div class=\"wp-block-columns is-layout-flex wp-container-core-columns-is-layout-0f3590de wp-block-columns-is-layout-flex\">\n<div class=\"wp-block-column is-layout-flow wp-block-column-is-layout-flow\" style=\"flex-basis:50%\"><h3 class=\"has-link-color wp-elements-d2e51c92208a6a2a5b724660ce272c42 wp-block-post-title has-text-color has-custom-color-1-color\">Sacristia da S\u00e9 de Lisboa<\/h3>\n\n\n<figure class=\"wp-block-image size-full\"><img loading=\"lazy\" decoding=\"async\" width=\"2560\" height=\"1707\" src=\"https:\/\/reverbdata.ipl.pt\/wp-content\/uploads\/2026\/03\/IMG_3844-scaled.jpg\" alt=\"\" class=\"wp-image-2563\" srcset=\"https:\/\/reverbdata.ipl.pt\/wp-content\/uploads\/2026\/03\/IMG_3844-scaled.jpg 2560w, https:\/\/reverbdata.ipl.pt\/wp-content\/uploads\/2026\/03\/IMG_3844-300x200.jpg 300w, https:\/\/reverbdata.ipl.pt\/wp-content\/uploads\/2026\/03\/IMG_3844-1024x683.jpg 1024w, https:\/\/reverbdata.ipl.pt\/wp-content\/uploads\/2026\/03\/IMG_3844-768x512.jpg 768w, https:\/\/reverbdata.ipl.pt\/wp-content\/uploads\/2026\/03\/IMG_3844-1536x1024.jpg 1536w, https:\/\/reverbdata.ipl.pt\/wp-content\/uploads\/2026\/03\/IMG_3844-2048x1365.jpg 2048w, https:\/\/reverbdata.ipl.pt\/wp-content\/uploads\/2026\/03\/IMG_3844-18x12.jpg 18w, https:\/\/reverbdata.ipl.pt\/wp-content\/uploads\/2026\/03\/IMG_3844-200x133.jpg 200w\" sizes=\"auto, (max-width: 2560px) 100vw, 2560px\" \/><\/figure>\n\n\n\n<p class=\"justify-text has-body-text-color has-text-color has-link-color wp-elements-900431a496fa12d7a5b57557882fdd00\">A Sacristia tem ca. 20 m de comprimento por 7 m de largura, sendo, portanto, a sua \u00e1rea \u00fatil de ca. 140 m2, e, com um p\u00e9 direito na ab\u00f3boda de ca. 10 m, o seu volume \u00e9 aproximadamente igual a 1400 m3.<\/p>\n\n\n\n<p class=\"justify-text has-body-text-color has-text-color has-link-color wp-elements-5fc523438c7db58df08130076834c747\">Principais materiais: alvenaria mista, reboco e estuque pintado, m\u00e1rmore, madeira, talha dourada.<\/p>\n<\/div>\n\n\n\n<div class=\"wp-block-column is-layout-flow wp-block-column-is-layout-flow\" style=\"padding-top:3rem;flex-basis:50%\">\n<h5 class=\"wp-block-heading has-text-align-left has-custom-color-1-color has-text-color has-link-color wp-elements-8a45a6902f43687e0844961954a22124\" id=\"0-measurement-points-and-source-location\">Pontos de medi\u00e7\u00e3o e localiza\u00e7\u00e3o da fonte ac\u00fastica<\/h5>\n\n\n\n<p class=\"justify-text has-body-text-color has-text-color has-link-color wp-elements-152f12ce9f6160bfd7df20f15b8377e0\">A fonte sonora foi colocada junto ao orat\u00f3rio com S. Vicente (S1), numa posi\u00e7\u00e3o centrada da Sacristia. As aquisi\u00e7\u00f5es e registos ac\u00fasticos foram realizados em 2 locais, centrados, ao longo do corpo da Sacristia (Pos1, Pos2).<\/p>\n\n\n\n<figure class=\"wp-block-image alignwide size-full is-style-default\"><img loading=\"lazy\" decoding=\"async\" width=\"1303\" height=\"2560\" src=\"https:\/\/reverbdata.ipl.pt\/wp-content\/uploads\/2026\/03\/Lisbon_cathedral_meas_locs_sacristy_2-scaled.jpg\" alt=\"\" class=\"wp-image-2562\" srcset=\"https:\/\/reverbdata.ipl.pt\/wp-content\/uploads\/2026\/03\/Lisbon_cathedral_meas_locs_sacristy_2-scaled.jpg 1303w, https:\/\/reverbdata.ipl.pt\/wp-content\/uploads\/2026\/03\/Lisbon_cathedral_meas_locs_sacristy_2-153x300.jpg 153w, https:\/\/reverbdata.ipl.pt\/wp-content\/uploads\/2026\/03\/Lisbon_cathedral_meas_locs_sacristy_2-521x1024.jpg 521w, https:\/\/reverbdata.ipl.pt\/wp-content\/uploads\/2026\/03\/Lisbon_cathedral_meas_locs_sacristy_2-768x1509.jpg 768w, https:\/\/reverbdata.ipl.pt\/wp-content\/uploads\/2026\/03\/Lisbon_cathedral_meas_locs_sacristy_2-782x1536.jpg 782w, https:\/\/reverbdata.ipl.pt\/wp-content\/uploads\/2026\/03\/Lisbon_cathedral_meas_locs_sacristy_2-1043x2048.jpg 1043w, https:\/\/reverbdata.ipl.pt\/wp-content\/uploads\/2026\/03\/Lisbon_cathedral_meas_locs_sacristy_2-6x12.jpg 6w, https:\/\/reverbdata.ipl.pt\/wp-content\/uploads\/2026\/03\/Lisbon_cathedral_meas_locs_sacristy_2-200x393.jpg 200w\" sizes=\"auto, (max-width: 1303px) 100vw, 1303px\" \/><\/figure>\n<\/div>\n<\/div>\n<\/div>\n<\/div>\n\n\n\n<div class=\"wp-block-group has-global-padding is-layout-constrained wp-block-group-is-layout-constrained\">\n<div style=\"height:20px\" aria-hidden=\"true\" class=\"wp-block-spacer\"><\/div>\n\n\n\n<h3 class=\"wp-block-heading has-custom-color-1-color has-text-color has-link-color wp-elements-01bca5ce57de3daa64864e37b5fec474\">Ficheiros de \u00c1udio de Demonstra\u00e7\u00e3o<\/h3>\n\n\n\n<h6 class=\"wp-block-heading has-custom-color-1-color has-text-color has-link-color wp-elements-5d0b8381b06338b31183daec91eb03ed\">\"Discurso masculino e feminino\" -&gt; Original<\/h6>\n\n\n\n<figure class=\"wp-block-audio\"><audio controls src=\"https:\/\/reverbdata.ipl.pt\/wp-content\/uploads\/2025\/03\/Male_and_Female_speech_40s-1.wav\"><\/audio><\/figure>\n\n\n\n<h6 class=\"wp-block-heading has-custom-color-1-color has-text-color has-link-color wp-elements-05d1ab4ec7b116d35a88f5889981f89b\">\"Discurso masculino e feminino\" -&gt; Processado em Est\u00e9reo<\/h6>\n\n\n\n<figure class=\"wp-block-audio\"><audio controls src=\"https:\/\/reverbdata.ipl.pt\/wp-content\/uploads\/2026\/03\/Male_and_Female_speech_Stereo_40s-3.wav\"><\/audio><figcaption class=\"wp-element-caption\">Fonte Ac\u00fastica junto ao orat\u00f3rio com S. Vicente (S1) numa posi\u00e7\u00e3o centrada e Sistema de Aquisi\u00e7\u00e3o na Posi\u00e7\u00e3o 2; T<sub>30,wide<\/sub>\u00a0= 2.33 s<\/figcaption><\/figure>\n\n\n\n<h6 class=\"wp-block-heading has-custom-color-1-color has-text-color has-link-color wp-elements-cefd33f3fd0d3ace7f548d7653c7219d\">\"Discurso masculino e feminino\" -&gt; Processado em Binaural (usar headphones)<\/h6>\n\n\n\n<figure class=\"wp-block-audio\"><audio controls src=\"https:\/\/reverbdata.ipl.pt\/wp-content\/uploads\/2026\/03\/Male_and_Female_speech_Binaural_40s-3.wav\"><\/audio><figcaption class=\"wp-element-caption\">Fonte Ac\u00fastica junto ao orat\u00f3rio com S. Vicente (S1) numa posi\u00e7\u00e3o centrada e Sistema de Aquisi\u00e7\u00e3o na Posi\u00e7\u00e3o 2; T<sub>30,wide<\/sub>\u00a0= 2.33 s<\/figcaption><\/figure>\n\n\n\n<h6 class=\"wp-block-heading has-custom-color-1-color has-text-color has-link-color wp-elements-8b021da4f6891343264ec4075f892193\">\u201cGuitar_Capriccio_Arabe_Tarrega\u201d -&gt; Original<\/h6>\n\n\n\n<figure class=\"wp-block-audio\"><audio controls src=\"https:\/\/reverbdata.ipl.pt\/wp-content\/uploads\/2025\/03\/Guitar_Capriccio_Arabe_Tarrega_40s-1.wav\"><\/audio><\/figure>\n\n\n\n<h6 class=\"wp-block-heading has-custom-color-1-color has-text-color has-link-color wp-elements-da811de222d07d25a08b3306dca9165a\">\u201cGuitar_Capriccio_Arabe_Tarrega\u201d -&gt; Processado em Est\u00e9reo<\/h6>\n\n\n\n<figure class=\"wp-block-audio\"><audio controls src=\"https:\/\/reverbdata.ipl.pt\/wp-content\/uploads\/2026\/03\/Guitar_Capriccio_Arabe_Tarrega_Stereo_40s-3.wav\"><\/audio><figcaption class=\"wp-element-caption\">Fonte Ac\u00fastica junto ao orat\u00f3rio com S. Vicente (S1) numa posi\u00e7\u00e3o centrada e Sistema de Aquisi\u00e7\u00e3o na Posi\u00e7\u00e3o 2; T<sub>30,wide<\/sub>\u00a0= 2.33 s<\/figcaption><\/figure>\n\n\n\n<h6 class=\"wp-block-heading has-custom-color-1-color has-text-color has-link-color wp-elements-3e4b1e9003c333e6a9be23ad9cfcf89e\">\u201cGuitar_Capriccio_Arabe_Tarrega\u201d -&gt; Processado em Binaural (usar headphones)<\/h6>\n\n\n\n<figure class=\"wp-block-audio\"><audio controls src=\"https:\/\/reverbdata.ipl.pt\/wp-content\/uploads\/2026\/03\/Guitar_Capriccio_Arabe_Tarrega_Binaural_40s-3.wav\"><\/audio><figcaption class=\"wp-element-caption\">Fonte Ac\u00fastica junto ao orat\u00f3rio com S. Vicente (S1) numa posi\u00e7\u00e3o centrada e Sistema de Aquisi\u00e7\u00e3o na Posi\u00e7\u00e3o 2; T<sub>30,wide<\/sub>\u00a0= 2.33 s<\/figcaption><\/figure>\n\n\n\n<h6 class=\"wp-block-heading has-custom-color-1-color has-text-color has-link-color wp-elements-5e3ef03a3904366221432726cf86b293\">\u201cKyrie_Missa_Notre_Dame_Guillame_de_Machaut\u201d -&gt; Original<\/h6>\n\n\n\n<figure class=\"wp-block-audio\"><audio controls src=\"https:\/\/reverbdata.ipl.pt\/wp-content\/uploads\/2025\/03\/Kyrie_Missa_Notre_Dame_Guillaume_de_Machaut_40s-1.wav\"><\/audio><\/figure>\n\n\n\n<h6 class=\"wp-block-heading has-custom-color-1-color has-text-color has-link-color wp-elements-c8ec8eb0b94e1c4a27ce45cb43d2255f\">\u201cKyrie_Missa_Notre_Dame_Guillame_de_Machaut\u201d -&gt; Processado em Est\u00e9reo<\/h6>\n\n\n\n<figure class=\"wp-block-audio\"><audio controls src=\"https:\/\/reverbdata.ipl.pt\/wp-content\/uploads\/2026\/03\/Kyrie_Missa_Notre_Dame_Guillaume_de_Machaut_Stereo_40s-3.wav\"><\/audio><figcaption class=\"wp-element-caption\">Fonte Ac\u00fastica junto ao orat\u00f3rio com S. Vicente (S1) numa posi\u00e7\u00e3o centrada e Sistema de Aquisi\u00e7\u00e3o na Posi\u00e7\u00e3o 2; T<sub>30,wide<\/sub>\u00a0= 2.33 s<\/figcaption><\/figure>\n\n\n\n<h6 class=\"wp-block-heading has-custom-color-1-color has-text-color has-link-color wp-elements-ee7412d73cf813a98ed7e6f4bd41f78f\">\u201cKyrie_Missa_Notre_Dame_Guillame_de_Machaut\u201d -&gt; Processado em Binaural (usar headphones)<\/h6>\n\n\n\n<figure class=\"wp-block-audio\"><audio controls src=\"https:\/\/reverbdata.ipl.pt\/wp-content\/uploads\/2026\/03\/Kyrie_Missa_Notre_Dame_Guillaume_de_Machaut_Binaural_40s-3.wav\"><\/audio><figcaption class=\"wp-element-caption\">Fonte Ac\u00fastica junto ao orat\u00f3rio com S. Vicente (S1) numa posi\u00e7\u00e3o centrada e Sistema de Aquisi\u00e7\u00e3o na Posi\u00e7\u00e3o 2; T<sub>30,wide<\/sub>\u00a0= 2.33 s<\/figcaption><\/figure>\n\n\n\n<div style=\"height:20px\" aria-hidden=\"true\" class=\"wp-block-spacer\"><\/div>\n\n\n\n<div class=\"wp-block-group has-custom-color-1-background-color has-background has-global-padding is-layout-constrained wp-container-core-group-is-layout-e8732830 wp-block-group-is-layout-constrained\" style=\"min-height:0px;margin-top:0;margin-bottom:0;padding-right:5rem;padding-left:5rem\">\n<h3 class=\"wp-block-heading has-text-align-center has-base-color has-text-color has-link-color wp-elements-208eb43f39c0bbfef20ac2391bb35c4e\" id=\"1-room-impulse-response-files\" style=\"padding-top:0;padding-right:0;padding-bottom:0;padding-left:0\">Ficheiros de Resposta ao Impulso do Espa\u00e7o<\/h3>\n\n\n\n<div class=\"wp-block-buttons alignwide is-horizontal is-content-justification-center is-layout-flex wp-container-core-buttons-is-layout-967d4589 wp-block-buttons-is-layout-flex\" style=\"margin-top:var(--wp--preset--spacing--40);margin-bottom:0\">\n<div class=\"wp-block-button is-style-fill\"><a class=\"wp-block-button__link has-section-bg-color has-heading-background-color has-text-color has-background has-link-color has-text-align-center wp-element-button\" href=\"https:\/\/iplx-my.sharepoint.com\/:f:\/g\/personal\/reverbdata_esml_ipl_pt\/IgDWME-mkPkOTJfOmRrhMc_eAUG-zo5lYoMYtyThP7uO0G0?e=bCeXVb\" style=\"border-style:none;border-width:0px\"><strong>Download<\/strong><\/a><\/div>\n<\/div>\n<\/div>\n\n\n\n<div class=\"wp-block-buttons is-content-justification-left is-layout-flex wp-container-core-buttons-is-layout-fc4fd283 wp-block-buttons-is-layout-flex\">\n<div class=\"wp-block-button is-style-outline is-style-outline--1\"><a class=\"wp-block-button__link has-custom-color-1-color has-white-background-color has-text-color has-background has-link-color wp-element-button\" href=\"https:\/\/reverbdata.ipl.pt\/pt\/#lisbon-cathedral\">Voltar \u00e0 S\u00e9 de Lisboa<\/a><\/div>\n<\/div>\n\n\n\n<div class=\"wp-block-buttons is-content-justification-right is-layout-flex wp-container-core-buttons-is-layout-d445cf74 wp-block-buttons-is-layout-flex\">\n<div class=\"wp-block-button is-style-fill\"><a class=\"wp-block-button__link has-heading-color has-white-background-color has-text-color has-background has-link-color wp-element-button\" href=\"https:\/\/reverbdata.ipl.pt\/pt\/\">Voltar \u00e0 Pagina Inicial<\/a><\/div>\n<\/div>\n<\/div>","protected":false},"excerpt":{"rendered":"<p>The Sacristy is approximately 20 m long by 7 m wide, therefore its usable area is approximately 140 m2, and, with a ceiling height in the vault of approximately 10 m, its volume is approximately equal to 1400 m3. Main materials: mixed masonry, plaster and painted stucco, marble, wood, and gilded woodwork. Measurement points and [&hellip;]<\/p>\n","protected":false},"author":4,"featured_media":611,"parent":514,"menu_order":0,"comment_status":"closed","ping_status":"closed","template":"","meta":{"footnotes":""},"class_list":["post-2561","page","type-page","status-publish","has-post-thumbnail","hentry"],"featured_image_src":"https:\/\/reverbdata.ipl.pt\/wp-content\/uploads\/2024\/08\/Church_comp.png","_links":{"self":[{"href":"https:\/\/reverbdata.ipl.pt\/pt\/wp-json\/wp\/v2\/pages\/2561","targetHints":{"allow":["GET"]}}],"collection":[{"href":"https:\/\/reverbdata.ipl.pt\/pt\/wp-json\/wp\/v2\/pages"}],"about":[{"href":"https:\/\/reverbdata.ipl.pt\/pt\/wp-json\/wp\/v2\/types\/page"}],"author":[{"embeddable":true,"href":"https:\/\/reverbdata.ipl.pt\/pt\/wp-json\/wp\/v2\/users\/4"}],"replies":[{"embeddable":true,"href":"https:\/\/reverbdata.ipl.pt\/pt\/wp-json\/wp\/v2\/comments?post=2561"}],"version-history":[{"count":1,"href":"https:\/\/reverbdata.ipl.pt\/pt\/wp-json\/wp\/v2\/pages\/2561\/revisions"}],"predecessor-version":[{"id":2570,"href":"https:\/\/reverbdata.ipl.pt\/pt\/wp-json\/wp\/v2\/pages\/2561\/revisions\/2570"}],"up":[{"embeddable":true,"href":"https:\/\/reverbdata.ipl.pt\/pt\/wp-json\/wp\/v2\/pages\/514"}],"wp:featuredmedia":[{"embeddable":true,"href":"https:\/\/reverbdata.ipl.pt\/pt\/wp-json\/wp\/v2\/media\/611"}],"wp:attachment":[{"href":"https:\/\/reverbdata.ipl.pt\/pt\/wp-json\/wp\/v2\/media?parent=2561"}],"curies":[{"name":"wp","href":"https:\/\/api.w.org\/{rel}","templated":true}]}}