{"id":260,"date":"2024-07-21T16:50:50","date_gmt":"2024-07-21T16:50:50","guid":{"rendered":"https:\/\/reverbdata.ipl.pt\/?page_id=260"},"modified":"2025-11-27T11:18:26","modified_gmt":"2025-11-27T11:18:26","slug":"small-hall-of-esml","status":"publish","type":"page","link":"https:\/\/reverbdata.ipl.pt\/pt\/reverbdata\/small-hall-of-esml\/","title":{"rendered":"Pequeno Audit\u00f3rio da ESML"},"content":{"rendered":"<div class=\"wp-block-group has-global-padding is-layout-constrained wp-block-group-is-layout-constrained\">\n<div class=\"wp-block-group has-global-padding is-layout-constrained wp-block-group-is-layout-constrained\">\n<div class=\"wp-block-columns is-layout-flex wp-container-core-columns-is-layout-0f3590de wp-block-columns-is-layout-flex\">\n<div class=\"wp-block-column is-layout-flow wp-block-column-is-layout-flow\" style=\"flex-basis:50%\"><h3 class=\"has-link-color wp-elements-d2e51c92208a6a2a5b724660ce272c42 wp-block-post-title has-text-color has-custom-color-1-color\">Pequeno Audit\u00f3rio da ESML<\/h3>\n\n\n<figure class=\"wp-block-image size-full\"><img loading=\"lazy\" decoding=\"async\" width=\"1200\" height=\"660\" src=\"https:\/\/reverbdata.ipl.pt\/wp-content\/uploads\/2024\/07\/Small-Hall-ESML.png\" alt=\"\" class=\"wp-image-27\" srcset=\"https:\/\/reverbdata.ipl.pt\/wp-content\/uploads\/2024\/07\/Small-Hall-ESML.png 1200w, https:\/\/reverbdata.ipl.pt\/wp-content\/uploads\/2024\/07\/Small-Hall-ESML-300x165.png 300w, https:\/\/reverbdata.ipl.pt\/wp-content\/uploads\/2024\/07\/Small-Hall-ESML-1024x563.png 1024w, https:\/\/reverbdata.ipl.pt\/wp-content\/uploads\/2024\/07\/Small-Hall-ESML-768x422.png 768w\" sizes=\"auto, (max-width: 1200px) 100vw, 1200px\" \/><\/figure>\n\n\n\n<p class=\"justify-text has-body-text-color has-text-color has-link-color wp-elements-176e506d400100729a881fbbd5681206\">O Pequeno Audit\u00f3rio tem um volume de cerca de 400 m3 e a \u00e1rea de plateia, com 39 m2 e 7 filas, est\u00e1 inclinada aproximadamente 20\u00ba em rela\u00e7\u00e3o ao palco, que \u00e9 horizontal.<\/p>\n<\/div>\n\n\n\n<div class=\"wp-block-column is-layout-flow wp-block-column-is-layout-flow\" style=\"padding-top:3rem;flex-basis:50%\">\n<h5 class=\"wp-block-heading has-text-align-left has-custom-color-1-color has-text-color has-link-color wp-elements-74cf0948a3128ab9f4ecf1f8834f4295\">Pontos de medi\u00e7\u00e3o e localiza\u00e7\u00e3o da fonte ac\u00fastica<\/h5>\n\n\n\n<p class=\"justify-text has-body-text-color has-text-color has-link-color wp-elements-df8e2b17fbe302a6504e33416a9b4a86\">A planta do Pequeno Audit\u00f3rio mostra a localiza\u00e7\u00e3o dos 5 pontos de medi\u00e7\u00e3o (aquisi\u00e7\u00e3o do microfone na plateia) e da fonte ac\u00fastica.<\/p>\n\n\n\n<figure class=\"wp-block-image size-full\"><img loading=\"lazy\" decoding=\"async\" width=\"5100\" height=\"7800\" src=\"https:\/\/reverbdata.ipl.pt\/wp-content\/uploads\/2024\/09\/ESML-Small-Hall_final2.png\" alt=\"\" class=\"wp-image-1063\" srcset=\"https:\/\/reverbdata.ipl.pt\/wp-content\/uploads\/2024\/09\/ESML-Small-Hall_final2.png 5100w, https:\/\/reverbdata.ipl.pt\/wp-content\/uploads\/2024\/09\/ESML-Small-Hall_final2-196x300.png 196w, https:\/\/reverbdata.ipl.pt\/wp-content\/uploads\/2024\/09\/ESML-Small-Hall_final2-670x1024.png 670w, https:\/\/reverbdata.ipl.pt\/wp-content\/uploads\/2024\/09\/ESML-Small-Hall_final2-768x1175.png 768w, https:\/\/reverbdata.ipl.pt\/wp-content\/uploads\/2024\/09\/ESML-Small-Hall_final2-1004x1536.png 1004w, https:\/\/reverbdata.ipl.pt\/wp-content\/uploads\/2024\/09\/ESML-Small-Hall_final2-1339x2048.png 1339w, https:\/\/reverbdata.ipl.pt\/wp-content\/uploads\/2024\/09\/ESML-Small-Hall_final2-8x12.png 8w, https:\/\/reverbdata.ipl.pt\/wp-content\/uploads\/2024\/09\/ESML-Small-Hall_final2-200x306.png 200w\" sizes=\"auto, (max-width: 5100px) 100vw, 5100px\" \/><\/figure>\n<\/div>\n<\/div>\n\n\n\n<div style=\"height:10px\" aria-hidden=\"true\" class=\"wp-block-spacer\"><\/div>\n<\/div>\n\n\n\n<h3 class=\"wp-block-heading has-custom-color-1-color has-text-color has-link-color wp-elements-01bca5ce57de3daa64864e37b5fec474\">Ficheiros de \u00c1udio de Demonstra\u00e7\u00e3o<\/h3>\n\n\n\n<h6 class=\"wp-block-heading has-custom-color-1-color has-text-color has-link-color wp-elements-3dcccc6407b28d21ef5ff8dfadb27658\">\"Discurso masculino e feminino\" -&gt; Original<\/h6>\n\n\n\n<figure class=\"wp-block-audio\"><audio controls src=\"https:\/\/reverbdata.ipl.pt\/wp-content\/uploads\/2025\/05\/Male_and_Female_speech_40s.wav\"><\/audio><\/figure>\n\n\n\n<h6 class=\"wp-block-heading has-custom-color-1-color has-text-color has-link-color wp-elements-526f9bc44a54ace3c0b686654b643940\">\"Discurso masculino e feminino\" -&gt; Processado em Est\u00e9reo<\/h6>\n\n\n\n<figure class=\"wp-block-audio\"><audio controls src=\"https:\/\/reverbdata.ipl.pt\/wp-content\/uploads\/2025\/05\/Male_and_Female_speech_Stereo_40s-2.wav\"><\/audio><figcaption class=\"wp-element-caption\">Sistema de Aquisi\u00e7\u00e3o em D_C; T<sub>30, wide<\/sub> = 0.93 s<\/figcaption><\/figure>\n\n\n\n<h6 class=\"wp-block-heading has-custom-color-1-color has-text-color has-link-color wp-elements-15d1e3bb90b012f2eafa8912ebde65d5\">\"Discurso masculino e feminino\" -&gt; Processado em Binaural (usar headphones)<\/h6>\n\n\n\n<figure class=\"wp-block-audio\"><audio controls src=\"https:\/\/reverbdata.ipl.pt\/wp-content\/uploads\/2025\/05\/Male_and_Female_speech_Binaural_40s-2.wav\"><\/audio><figcaption class=\"wp-element-caption\">Sistema de Aquisi\u00e7\u00e3o em D_C; T<sub>30, wide<\/sub> = 0.93 s<\/figcaption><\/figure>\n\n\n\n<h6 class=\"wp-block-heading has-custom-color-1-color has-text-color has-link-color wp-elements-8b021da4f6891343264ec4075f892193\">\u201cGuitar_Capriccio_Arabe_Tarrega\u201d -&gt; Original<\/h6>\n\n\n\n<figure class=\"wp-block-audio\"><audio controls src=\"https:\/\/reverbdata.ipl.pt\/wp-content\/uploads\/2025\/05\/Guitar_Capriccio_Arabe_Tarrega_40s.wav\"><\/audio><\/figure>\n\n\n\n<h6 class=\"wp-block-heading has-custom-color-1-color has-text-color has-link-color wp-elements-da811de222d07d25a08b3306dca9165a\">\u201cGuitar_Capriccio_Arabe_Tarrega\u201d -&gt; Processado em Est\u00e9reo<\/h6>\n\n\n\n<figure class=\"wp-block-audio\"><audio controls src=\"https:\/\/reverbdata.ipl.pt\/wp-content\/uploads\/2025\/05\/Guitar_Capriccio_Arabe_Tarrega_Stereo_40s-2.wav\"><\/audio><figcaption class=\"wp-element-caption\">Sistema de Aquisi\u00e7\u00e3o em D_C; T<sub>30, wide<\/sub> = 0.93 s<\/figcaption><\/figure>\n\n\n\n<h6 class=\"wp-block-heading has-custom-color-1-color has-text-color has-link-color wp-elements-3e4b1e9003c333e6a9be23ad9cfcf89e\">\u201cGuitar_Capriccio_Arabe_Tarrega\u201d -&gt; Processado em Binaural (usar headphones)<\/h6>\n\n\n\n<figure class=\"wp-block-audio\"><audio controls src=\"https:\/\/reverbdata.ipl.pt\/wp-content\/uploads\/2025\/05\/Guitar_Capriccio_Arabe_Tarrega_Binaural_40s-2.wav\"><\/audio><figcaption class=\"wp-element-caption\">Sistema de Aquisi\u00e7\u00e3o em D_C; T<sub>30, wide<\/sub> = 0.93 s<\/figcaption><\/figure>\n\n\n\n<h6 class=\"wp-block-heading has-custom-color-1-color has-text-color has-link-color wp-elements-7405a5e3bc309897af74397bc80cd2bd\">\u201cHell_of_a_Guy\u201d -&gt; Original<\/h6>\n\n\n\n<figure class=\"wp-block-audio\"><audio controls src=\"https:\/\/reverbdata.ipl.pt\/wp-content\/uploads\/2024\/09\/Hell_of_a_Guy_40s.wav\"><\/audio><\/figure>\n\n\n\n<h6 class=\"wp-block-heading has-custom-color-1-color has-text-color has-link-color wp-elements-62f050fd88eb14d13e2baa73bcd3fbb5\">\u201cHell_of_a_Guy\u201d -&gt; Processado em Est\u00e9reo<\/h6>\n\n\n\n<figure class=\"wp-block-audio\"><audio controls src=\"https:\/\/reverbdata.ipl.pt\/wp-content\/uploads\/2025\/05\/Hell_of_a_Guy_Stereo_40s-1.wav\"><\/audio><figcaption class=\"wp-element-caption\">Sistema de Aquisi\u00e7\u00e3o em D_C; T<sub>30, wide<\/sub> = 0.93 s<\/figcaption><\/figure>\n\n\n\n<h6 class=\"wp-block-heading has-custom-color-1-color has-text-color has-link-color wp-elements-65b34418b28da383cf39586a23e19532\">\u201cHell_of_a_Guy\u201d -&gt; Processado em Binaural (usar headphones)<\/h6>\n\n\n\n<figure class=\"wp-block-audio\"><audio controls src=\"https:\/\/reverbdata.ipl.pt\/wp-content\/uploads\/2025\/05\/Hell_of_a_Guy_Binaural_40s-1.wav\"><\/audio><figcaption class=\"wp-element-caption\">Sistema de Aquisi\u00e7\u00e3o em D_C; T<sub>30, wide<\/sub> = 0.93 s<\/figcaption><\/figure>\n<\/div>\n\n\n\n<div class=\"wp-block-group has-global-padding is-layout-constrained wp-block-group-is-layout-constrained\">\n<div style=\"height:40px\" aria-hidden=\"true\" class=\"wp-block-spacer\"><\/div>\n\n\n\n<div class=\"wp-block-group has-custom-color-1-background-color has-background has-global-padding is-layout-constrained wp-container-core-group-is-layout-e8732830 wp-block-group-is-layout-constrained\" style=\"min-height:0px;margin-top:0;margin-bottom:0;padding-right:5rem;padding-left:5rem\">\n<h3 class=\"wp-block-heading has-text-align-center has-base-color has-text-color has-link-color wp-elements-bdebf145cae9fa4460087a537381715d\" style=\"padding-top:0;padding-right:0;padding-bottom:0;padding-left:0\">Ficheiros de Resposta ao Impulso do Espa\u00e7o<\/h3>\n\n\n\n<div class=\"wp-block-buttons alignwide is-horizontal is-content-justification-center is-layout-flex wp-container-core-buttons-is-layout-967d4589 wp-block-buttons-is-layout-flex\" style=\"margin-top:var(--wp--preset--spacing--40);margin-bottom:0\">\n<div class=\"wp-block-button is-style-fill\"><a class=\"wp-block-button__link has-section-bg-color has-heading-background-color has-text-color has-background has-link-color has-text-align-center wp-element-button\" href=\"https:\/\/iplx-my.sharepoint.com\/:f:\/g\/personal\/reverbdata_esml_ipl_pt\/EqUYZhnJ29xOg41oCWNUfGYBcHtD--Ez9iUksddiKpaJbg?e=0eYbg6\" style=\"border-style:none;border-width:0px\"><strong>Download<\/strong><\/a><\/div>\n<\/div>\n<\/div>\n\n\n\n<div class=\"wp-block-buttons is-content-justification-left is-layout-flex wp-container-core-buttons-is-layout-fc4fd283 wp-block-buttons-is-layout-flex\">\n<div class=\"wp-block-button is-style-outline is-style-outline--1\"><a class=\"wp-block-button__link has-custom-color-1-color has-white-background-color has-text-color has-background has-link-color wp-element-button\" href=\"https:\/\/reverbdata.ipl.pt\/pt\/#lisbon-school-of-music\">Voltar \u00e0 Escola Superior de M\u00fasica de Lisboa<\/a><\/div>\n<\/div>\n\n\n\n<div class=\"wp-block-buttons is-content-justification-right is-layout-flex wp-container-core-buttons-is-layout-d445cf74 wp-block-buttons-is-layout-flex\">\n<div class=\"wp-block-button is-style-fill\"><a class=\"wp-block-button__link has-heading-color has-white-background-color has-text-color has-background has-link-color wp-element-button\" href=\"https:\/\/reverbdata.ipl.pt\/pt\/\">Voltar \u00e0 Pagina Inicial<\/a><\/div>\n<\/div>\n<\/div>","protected":false},"excerpt":{"rendered":"<p>The Small Hall possesses a volume around 400 m3 and, the audience area, with 39 m2 and 7 rows, is tilted approximately 20\u00ba in relation to the stage, which is horizontal. Measurement points and source location The Small Hall\u2019s plan shows the locations of the 5 measurement points (microphone acquisition on the audience) and the [&hellip;]<\/p>\n","protected":false},"author":4,"featured_media":27,"parent":514,"menu_order":0,"comment_status":"closed","ping_status":"closed","template":"","meta":{"footnotes":""},"class_list":["post-260","page","type-page","status-publish","has-post-thumbnail","hentry"],"featured_image_src":"https:\/\/reverbdata.ipl.pt\/wp-content\/uploads\/2024\/07\/Small-Hall-ESML.png","_links":{"self":[{"href":"https:\/\/reverbdata.ipl.pt\/pt\/wp-json\/wp\/v2\/pages\/260","targetHints":{"allow":["GET"]}}],"collection":[{"href":"https:\/\/reverbdata.ipl.pt\/pt\/wp-json\/wp\/v2\/pages"}],"about":[{"href":"https:\/\/reverbdata.ipl.pt\/pt\/wp-json\/wp\/v2\/types\/page"}],"author":[{"embeddable":true,"href":"https:\/\/reverbdata.ipl.pt\/pt\/wp-json\/wp\/v2\/users\/4"}],"replies":[{"embeddable":true,"href":"https:\/\/reverbdata.ipl.pt\/pt\/wp-json\/wp\/v2\/comments?post=260"}],"version-history":[{"count":20,"href":"https:\/\/reverbdata.ipl.pt\/pt\/wp-json\/wp\/v2\/pages\/260\/revisions"}],"predecessor-version":[{"id":2200,"href":"https:\/\/reverbdata.ipl.pt\/pt\/wp-json\/wp\/v2\/pages\/260\/revisions\/2200"}],"up":[{"embeddable":true,"href":"https:\/\/reverbdata.ipl.pt\/pt\/wp-json\/wp\/v2\/pages\/514"}],"wp:featuredmedia":[{"embeddable":true,"href":"https:\/\/reverbdata.ipl.pt\/pt\/wp-json\/wp\/v2\/media\/27"}],"wp:attachment":[{"href":"https:\/\/reverbdata.ipl.pt\/pt\/wp-json\/wp\/v2\/media?parent=260"}],"curies":[{"name":"wp","href":"https:\/\/api.w.org\/{rel}","templated":true}]}}