{"id":262,"date":"2024-07-21T16:51:09","date_gmt":"2024-07-21T16:51:09","guid":{"rendered":"https:\/\/reverbdata.ipl.pt\/?page_id=262"},"modified":"2025-05-29T09:39:44","modified_gmt":"2025-05-29T09:39:44","slug":"st-george","status":"publish","type":"page","link":"https:\/\/reverbdata.ipl.pt\/pt\/reverbdata\/st-george\/","title":{"rendered":"Cinema S. Jorge"},"content":{"rendered":"<div class=\"wp-block-group has-global-padding is-layout-constrained wp-block-group-is-layout-constrained\">\n<div class=\"wp-block-group has-global-padding is-layout-constrained wp-block-group-is-layout-constrained\">\n<div class=\"wp-block-columns is-layout-flex wp-container-core-columns-is-layout-0f3590de wp-block-columns-is-layout-flex\">\n<div class=\"wp-block-column is-layout-flow wp-block-column-is-layout-flow\" style=\"flex-basis:50%\"><h3 class=\"has-link-color wp-elements-d2e51c92208a6a2a5b724660ce272c42 wp-block-post-title has-text-color has-custom-color-1-color\">Cinema S. Jorge<\/h3>\n\n\n<figure class=\"wp-block-image size-full\"><img loading=\"lazy\" decoding=\"async\" width=\"2048\" height=\"1215\" src=\"https:\/\/reverbdata.ipl.pt\/wp-content\/uploads\/2024\/07\/St-George-Cinema.png\" alt=\"\" class=\"wp-image-28\" srcset=\"https:\/\/reverbdata.ipl.pt\/wp-content\/uploads\/2024\/07\/St-George-Cinema.png 2048w, https:\/\/reverbdata.ipl.pt\/wp-content\/uploads\/2024\/07\/St-George-Cinema-300x178.png 300w, https:\/\/reverbdata.ipl.pt\/wp-content\/uploads\/2024\/07\/St-George-Cinema-1024x608.png 1024w, https:\/\/reverbdata.ipl.pt\/wp-content\/uploads\/2024\/07\/St-George-Cinema-768x456.png 768w, https:\/\/reverbdata.ipl.pt\/wp-content\/uploads\/2024\/07\/St-George-Cinema-1536x911.png 1536w\" sizes=\"auto, (max-width: 2048px) 100vw, 2048px\" \/><\/figure>\n\n\n\n<p class=\"justify-text has-body-text-color has-text-color has-link-color wp-elements-a35a11f6f5826207cc29bc9410d954fe\">O cinema S. Jorge tem capacidade para 830 pessoas divididas por 3 bancadas com respetivamente: 160, 364 e 324 lugares.<\/p>\n<\/div>\n\n\n\n<div class=\"wp-block-column is-layout-flow wp-block-column-is-layout-flow\" style=\"padding-top:3rem;flex-basis:50%\">\n<h5 class=\"wp-block-heading has-text-align-left has-custom-color-1-color has-text-color has-link-color wp-elements-74cf0948a3128ab9f4ecf1f8834f4295\">Pontos de medi\u00e7\u00e3o e localiza\u00e7\u00e3o da fonte ac\u00fastica<\/h5>\n\n\n\n<p class=\"justify-text has-body-text-color has-text-color has-link-color wp-elements-f954c40609cbbb8c1a56ea61456ae931\">A planta do cinema S. Jorge mostra a localiza\u00e7\u00e3o dos 7 pontos de medi\u00e7\u00e3o espalhados pelos 3 n\u00edveis da plateia e a fonte ac\u00fastica colocada no centro do palco.<\/p>\n\n\n\n<figure class=\"wp-block-image size-full\"><img loading=\"lazy\" decoding=\"async\" width=\"5250\" height=\"5614\" src=\"https:\/\/reverbdata.ipl.pt\/wp-content\/uploads\/2024\/09\/Planta_final2.png\" alt=\"\" class=\"wp-image-1059\" srcset=\"https:\/\/reverbdata.ipl.pt\/wp-content\/uploads\/2024\/09\/Planta_final2.png 5250w, https:\/\/reverbdata.ipl.pt\/wp-content\/uploads\/2024\/09\/Planta_final2-281x300.png 281w, https:\/\/reverbdata.ipl.pt\/wp-content\/uploads\/2024\/09\/Planta_final2-958x1024.png 958w, https:\/\/reverbdata.ipl.pt\/wp-content\/uploads\/2024\/09\/Planta_final2-768x821.png 768w, https:\/\/reverbdata.ipl.pt\/wp-content\/uploads\/2024\/09\/Planta_final2-1436x1536.png 1436w, https:\/\/reverbdata.ipl.pt\/wp-content\/uploads\/2024\/09\/Planta_final2-1915x2048.png 1915w, https:\/\/reverbdata.ipl.pt\/wp-content\/uploads\/2024\/09\/Planta_final2-11x12.png 11w, https:\/\/reverbdata.ipl.pt\/wp-content\/uploads\/2024\/09\/Planta_final2-200x214.png 200w\" sizes=\"auto, (max-width: 5250px) 100vw, 5250px\" \/><\/figure>\n<\/div>\n<\/div>\n<\/div>\n\n\n\n<h3 class=\"wp-block-heading has-custom-color-1-color has-text-color has-link-color wp-elements-01bca5ce57de3daa64864e37b5fec474\">Ficheiros de \u00c1udio de Demonstra\u00e7\u00e3o<\/h3>\n\n\n\n<h6 class=\"wp-block-heading has-custom-color-1-color has-text-color has-link-color wp-elements-3dcccc6407b28d21ef5ff8dfadb27658\">\"Discurso masculino e feminino\" -&gt; Original<\/h6>\n\n\n\n<figure class=\"wp-block-audio\"><audio controls src=\"https:\/\/reverbdata.ipl.pt\/wp-content\/uploads\/2025\/05\/Male_and_Female_speech_40s.wav\"><\/audio><\/figure>\n\n\n\n<h6 class=\"wp-block-heading has-custom-color-1-color has-text-color has-link-color wp-elements-526f9bc44a54ace3c0b686654b643940\">\"Discurso masculino e feminino\" -&gt; Processado em Est\u00e9reo<\/h6>\n\n\n\n<figure class=\"wp-block-audio\"><audio controls src=\"https:\/\/reverbdata.ipl.pt\/wp-content\/uploads\/2025\/05\/Male_and_Female_speech_Stereo_40s-6.wav\"><\/audio><figcaption class=\"wp-element-caption\">Sistema de Aquisi\u00e7\u00e3o na posi\u00e7\u00e3o 2 - lugar D21 (configura\u00e7\u00e3o de cinema); T<sub>30, wide<\/sub> =1.09 s<\/figcaption><\/figure>\n\n\n\n<h6 class=\"wp-block-heading has-custom-color-1-color has-text-color has-link-color wp-elements-15d1e3bb90b012f2eafa8912ebde65d5\">\"Discurso masculino e feminino\" -&gt; Processado em Binaural (usar headphones)<\/h6>\n\n\n\n<figure class=\"wp-block-audio\"><audio controls src=\"https:\/\/reverbdata.ipl.pt\/wp-content\/uploads\/2025\/05\/Male_and_Female_speech_Binaural_40s-6.wav\"><\/audio><figcaption class=\"wp-element-caption\">Sistema de Aquisi\u00e7\u00e3o na posi\u00e7\u00e3o 2 - lugar D21 (configura\u00e7\u00e3o de cinema); T<sub>30, wide<\/sub> =1.09 s<\/figcaption><\/figure>\n\n\n\n<h6 class=\"wp-block-heading has-custom-color-1-color has-text-color has-link-color wp-elements-8b021da4f6891343264ec4075f892193\">\u201cGuitar_Capriccio_Arabe_Tarrega\u201d -&gt; Original<\/h6>\n\n\n\n<figure class=\"wp-block-audio\"><audio controls src=\"https:\/\/reverbdata.ipl.pt\/wp-content\/uploads\/2025\/05\/Guitar_Capriccio_Arabe_Tarrega_40s.wav\"><\/audio><\/figure>\n\n\n\n<h6 class=\"wp-block-heading has-custom-color-1-color has-text-color has-link-color wp-elements-da811de222d07d25a08b3306dca9165a\">\u201cGuitar_Capriccio_Arabe_Tarrega\u201d -&gt; Processado em Est\u00e9reo<\/h6>\n\n\n\n<figure class=\"wp-block-audio\"><audio controls src=\"https:\/\/reverbdata.ipl.pt\/wp-content\/uploads\/2025\/05\/Guitar_Capriccio_Arabe_Tarrega_Stereo_40s-6.wav\"><\/audio><figcaption class=\"wp-element-caption\">Sistema de Aquisi\u00e7\u00e3o na posi\u00e7\u00e3o 2 - lugar D21 (configura\u00e7\u00e3o de cinema); T<sub>30, wide<\/sub> =1.09 s<\/figcaption><\/figure>\n\n\n\n<h6 class=\"wp-block-heading has-custom-color-1-color has-text-color has-link-color wp-elements-3e4b1e9003c333e6a9be23ad9cfcf89e\">\u201cGuitar_Capriccio_Arabe_Tarrega\u201d -&gt; Processado em Binaural (usar headphones)<\/h6>\n\n\n\n<figure class=\"wp-block-audio\"><audio controls src=\"https:\/\/reverbdata.ipl.pt\/wp-content\/uploads\/2025\/05\/Guitar_Capriccio_Arabe_Tarrega_Binaural_40s-5.wav\"><\/audio><figcaption class=\"wp-element-caption\">Sistema de Aquisi\u00e7\u00e3o na posi\u00e7\u00e3o 2 - lugar D21 (configura\u00e7\u00e3o de cinema); T<sub>30, wide<\/sub> =1.09 s<\/figcaption><\/figure>\n\n\n\n<h6 class=\"wp-block-heading has-custom-color-1-color has-text-color has-link-color wp-elements-7405a5e3bc309897af74397bc80cd2bd\">\u201cHell_of_a_Guy\u201d -&gt; Original<\/h6>\n\n\n\n<figure class=\"wp-block-audio\"><audio controls src=\"https:\/\/reverbdata.ipl.pt\/wp-content\/uploads\/2024\/09\/Hell_of_a_Guy_40s.wav\"><\/audio><\/figure>\n\n\n\n<h6 class=\"wp-block-heading has-custom-color-1-color has-text-color has-link-color wp-elements-62f050fd88eb14d13e2baa73bcd3fbb5\">\u201cHell_of_a_Guy\u201d -&gt; Processado em Est\u00e9reo<\/h6>\n\n\n\n<figure class=\"wp-block-audio\"><audio controls src=\"https:\/\/reverbdata.ipl.pt\/wp-content\/uploads\/2025\/05\/Hell_of_a_Guy_Stereo_40s-5.wav\"><\/audio><figcaption class=\"wp-element-caption\">Sistema de Aquisi\u00e7\u00e3o na posi\u00e7\u00e3o 2 - lugar D21 (configura\u00e7\u00e3o de cinema); T<sub>30, wide<\/sub> =1.09 s<\/figcaption><\/figure>\n\n\n\n<h6 class=\"wp-block-heading has-custom-color-1-color has-text-color has-link-color wp-elements-65b34418b28da383cf39586a23e19532\">\u201cHell_of_a_Guy\u201d -&gt; Processado em Binaural (usar headphones)<\/h6>\n\n\n\n<figure class=\"wp-block-audio\"><audio controls src=\"https:\/\/reverbdata.ipl.pt\/wp-content\/uploads\/2025\/05\/Hell_of_a_Guy_Binaural_40s-4.wav\"><\/audio><figcaption class=\"wp-element-caption\">Sistema de Aquisi\u00e7\u00e3o na posi\u00e7\u00e3o 2 - lugar D21 (configura\u00e7\u00e3o de cinema); T<sub>30, wide<\/sub> =1.09 s<\/figcaption><\/figure>\n<\/div>\n\n\n\n<div class=\"wp-block-group has-global-padding is-layout-constrained wp-block-group-is-layout-constrained\">\n<div style=\"height:20px\" aria-hidden=\"true\" class=\"wp-block-spacer\"><\/div>\n\n\n\n<div class=\"wp-block-group has-custom-color-1-background-color has-background has-global-padding is-layout-constrained wp-container-core-group-is-layout-e8732830 wp-block-group-is-layout-constrained\" style=\"min-height:0px;margin-top:0;margin-bottom:0;padding-right:5rem;padding-left:5rem\">\n<h3 class=\"wp-block-heading has-text-align-center has-base-color has-text-color has-link-color wp-elements-bdebf145cae9fa4460087a537381715d\" style=\"padding-top:0;padding-right:0;padding-bottom:0;padding-left:0\">Ficheiros de Resposta ao Impulso do Espa\u00e7o<\/h3>\n\n\n\n<div class=\"wp-block-buttons alignwide is-horizontal is-content-justification-center is-layout-flex wp-container-core-buttons-is-layout-967d4589 wp-block-buttons-is-layout-flex\" style=\"margin-top:var(--wp--preset--spacing--40);margin-bottom:0\">\n<div class=\"wp-block-button is-style-fill\"><a class=\"wp-block-button__link has-section-bg-color has-heading-background-color has-text-color has-background has-link-color has-text-align-center wp-element-button\" href=\"https:\/\/iplx-my.sharepoint.com\/:f:\/g\/personal\/reverbdata_esml_ipl_pt\/EihVdY3NPqRNkwtoTHvVF_8Bq8etIqgHiiYi1In-DYSUeg?e=pwWzQT\" style=\"border-style:none;border-width:0px\"><strong>Download<\/strong><\/a><\/div>\n<\/div>\n<\/div>\n\n\n\n<div class=\"wp-block-buttons is-content-justification-right is-layout-flex wp-container-core-buttons-is-layout-d445cf74 wp-block-buttons-is-layout-flex\">\n<div class=\"wp-block-button is-style-fill\"><a class=\"wp-block-button__link has-heading-color has-white-background-color has-text-color has-background has-link-color wp-element-button\" href=\"https:\/\/reverbdata.ipl.pt\/pt\/\">Voltar \u00e0 Pagina Inicial<\/a><\/div>\n<\/div>\n<\/div>","protected":false},"excerpt":{"rendered":"<p>The St George Cinema Hall has with a seating capacity for 830 persons divided into 3 audience stalls with respectively: 160, 364 and 324 seats. Measurement points and source location The St. George Cinema Hall\u2019s plan shows the 7 measurement points\u2019 location scattered throughout the 3 levels of the audience stalls and the acoustic source [&hellip;]<\/p>\n","protected":false},"author":4,"featured_media":28,"parent":514,"menu_order":0,"comment_status":"closed","ping_status":"closed","template":"","meta":{"footnotes":""},"class_list":["post-262","page","type-page","status-publish","has-post-thumbnail","hentry"],"featured_image_src":"https:\/\/reverbdata.ipl.pt\/wp-content\/uploads\/2024\/07\/St-George-Cinema.png","_links":{"self":[{"href":"https:\/\/reverbdata.ipl.pt\/pt\/wp-json\/wp\/v2\/pages\/262","targetHints":{"allow":["GET"]}}],"collection":[{"href":"https:\/\/reverbdata.ipl.pt\/pt\/wp-json\/wp\/v2\/pages"}],"about":[{"href":"https:\/\/reverbdata.ipl.pt\/pt\/wp-json\/wp\/v2\/types\/page"}],"author":[{"embeddable":true,"href":"https:\/\/reverbdata.ipl.pt\/pt\/wp-json\/wp\/v2\/users\/4"}],"replies":[{"embeddable":true,"href":"https:\/\/reverbdata.ipl.pt\/pt\/wp-json\/wp\/v2\/comments?post=262"}],"version-history":[{"count":18,"href":"https:\/\/reverbdata.ipl.pt\/pt\/wp-json\/wp\/v2\/pages\/262\/revisions"}],"predecessor-version":[{"id":1694,"href":"https:\/\/reverbdata.ipl.pt\/pt\/wp-json\/wp\/v2\/pages\/262\/revisions\/1694"}],"up":[{"embeddable":true,"href":"https:\/\/reverbdata.ipl.pt\/pt\/wp-json\/wp\/v2\/pages\/514"}],"wp:featuredmedia":[{"embeddable":true,"href":"https:\/\/reverbdata.ipl.pt\/pt\/wp-json\/wp\/v2\/media\/28"}],"wp:attachment":[{"href":"https:\/\/reverbdata.ipl.pt\/pt\/wp-json\/wp\/v2\/media?parent=262"}],"curies":[{"name":"wp","href":"https:\/\/api.w.org\/{rel}","templated":true}]}}