{"id":577,"date":"2024-08-23T16:05:38","date_gmt":"2024-08-23T16:05:38","guid":{"rendered":"https:\/\/reverbdata.ipl.pt\/?page_id=577"},"modified":"2025-11-27T11:21:02","modified_gmt":"2025-11-27T11:21:02","slug":"organ-room-of-esml","status":"publish","type":"page","link":"https:\/\/reverbdata.ipl.pt\/pt\/reverbdata\/organ-room-of-esml\/","title":{"rendered":"Sala do Org\u00e3o da ESML"},"content":{"rendered":"<div class=\"wp-block-group has-global-padding is-layout-constrained wp-block-group-is-layout-constrained\">\n<div class=\"wp-block-group has-global-padding is-layout-constrained wp-block-group-is-layout-constrained\">\n<div class=\"wp-block-columns is-layout-flex wp-container-core-columns-is-layout-0f3590de wp-block-columns-is-layout-flex\">\n<div class=\"wp-block-column is-layout-flow wp-block-column-is-layout-flow\" style=\"flex-basis:50%\"><h3 class=\"has-link-color wp-elements-d2e51c92208a6a2a5b724660ce272c42 wp-block-post-title has-text-color has-custom-color-1-color\">Sala do Org\u00e3o da ESML<\/h3>\n\n\n<figure class=\"wp-block-image size-full\"><img loading=\"lazy\" decoding=\"async\" width=\"1920\" height=\"2560\" src=\"https:\/\/reverbdata.ipl.pt\/wp-content\/uploads\/2024\/08\/20221206_162014-scaled.jpg\" alt=\"\" class=\"wp-image-567\" srcset=\"https:\/\/reverbdata.ipl.pt\/wp-content\/uploads\/2024\/08\/20221206_162014-scaled.jpg 1920w, https:\/\/reverbdata.ipl.pt\/wp-content\/uploads\/2024\/08\/20221206_162014-225x300.jpg 225w, https:\/\/reverbdata.ipl.pt\/wp-content\/uploads\/2024\/08\/20221206_162014-768x1024.jpg 768w, https:\/\/reverbdata.ipl.pt\/wp-content\/uploads\/2024\/08\/20221206_162014-1152x1536.jpg 1152w, https:\/\/reverbdata.ipl.pt\/wp-content\/uploads\/2024\/08\/20221206_162014-1536x2048.jpg 1536w, https:\/\/reverbdata.ipl.pt\/wp-content\/uploads\/2024\/08\/20221206_162014-9x12.jpg 9w, https:\/\/reverbdata.ipl.pt\/wp-content\/uploads\/2024\/08\/20221206_162014-200x267.jpg 200w\" sizes=\"auto, (max-width: 1920px) 100vw, 1920px\" \/><\/figure>\n\n\n\n<p class=\"justify-text has-body-text-color has-text-color has-link-color wp-elements-9db19f82f27f28a2cb0a37f3227ba486\">A Sala do \u00d3rg\u00e3o da ESML possui um formato paralelepip\u00e9dico, mas com algumas das paredes e o tecto ligeiramente inclinados. A sala tem uma \u00e1rea em planta com ca. 15.3 m x 6.0 m e o p\u00e9-direito, generoso, tem ca. de 8.8 m. O seu volume \u00e9 aproximadamente de 807.8 m3. <\/p>\n\n\n\n<p class=\"justify-text has-body-text-color has-text-color has-link-color wp-elements-4340235d9ebe91375e593f60467b561e\">O espa\u00e7o tem um ch\u00e3o em madeira sobre vigotas, paredes e tecto de alvenaria rebocada a gesso, uma grande janela com vidro duplo e uma porta tamb\u00e9m com vidro duplo e um grande \u00f3rg\u00e3o com forra parcial a madeira.<\/p>\n<\/div>\n\n\n\n<div class=\"wp-block-column is-layout-flow wp-block-column-is-layout-flow\" style=\"padding-top:3rem;flex-basis:50%\">\n<h5 class=\"wp-block-heading has-text-align-left has-custom-color-1-color has-text-color has-link-color wp-elements-74cf0948a3128ab9f4ecf1f8834f4295\">Pontos de medi\u00e7\u00e3o e localiza\u00e7\u00e3o da fonte ac\u00fastica<\/h5>\n\n\n\n<p class=\"justify-text has-body-text-color has-text-color has-link-color wp-elements-238c2bed8d6d538792c24a5aca1c3fa3\">Foram escolhidos 10 locais mais ou menos dispersos pela sala para as aquisi\u00e7\u00f5es e registos ac\u00fasticos, como indicado na planta seguinte. A fonte omnidireccional encontrava-se junto do \u00f3rg\u00e3o, numa posi\u00e7\u00e3o central da sala.<\/p>\n\n\n\n<figure class=\"wp-block-image alignright size-full\"><img loading=\"lazy\" decoding=\"async\" width=\"4500\" height=\"5996\" src=\"https:\/\/reverbdata.ipl.pt\/wp-content\/uploads\/2024\/09\/Organ_plan_final2.png\" alt=\"\" class=\"wp-image-1065\" srcset=\"https:\/\/reverbdata.ipl.pt\/wp-content\/uploads\/2024\/09\/Organ_plan_final2.png 4500w, https:\/\/reverbdata.ipl.pt\/wp-content\/uploads\/2024\/09\/Organ_plan_final2-225x300.png 225w, https:\/\/reverbdata.ipl.pt\/wp-content\/uploads\/2024\/09\/Organ_plan_final2-769x1024.png 769w, https:\/\/reverbdata.ipl.pt\/wp-content\/uploads\/2024\/09\/Organ_plan_final2-768x1023.png 768w, https:\/\/reverbdata.ipl.pt\/wp-content\/uploads\/2024\/09\/Organ_plan_final2-1153x1536.png 1153w, https:\/\/reverbdata.ipl.pt\/wp-content\/uploads\/2024\/09\/Organ_plan_final2-1537x2048.png 1537w, https:\/\/reverbdata.ipl.pt\/wp-content\/uploads\/2024\/09\/Organ_plan_final2-9x12.png 9w, https:\/\/reverbdata.ipl.pt\/wp-content\/uploads\/2024\/09\/Organ_plan_final2-200x266.png 200w\" sizes=\"auto, (max-width: 4500px) 100vw, 4500px\" \/><\/figure>\n<\/div>\n<\/div>\n\n\n\n<div style=\"height:10px\" aria-hidden=\"true\" class=\"wp-block-spacer\"><\/div>\n<\/div>\n\n\n\n<h3 class=\"wp-block-heading has-custom-color-1-color has-text-color has-link-color wp-elements-01bca5ce57de3daa64864e37b5fec474\">Ficheiros de \u00c1udio de Demonstra\u00e7\u00e3o<\/h3>\n\n\n\n<h6 class=\"wp-block-heading has-custom-color-1-color has-text-color has-link-color wp-elements-5d0b8381b06338b31183daec91eb03ed\">\"Discurso masculino e feminino\" -&gt; Original<\/h6>\n\n\n\n<figure class=\"wp-block-audio\"><audio controls src=\"https:\/\/reverbdata.ipl.pt\/wp-content\/uploads\/2025\/05\/Male_and_Female_speech_40s.wav\"><\/audio><\/figure>\n\n\n\n<h6 class=\"wp-block-heading has-custom-color-1-color has-text-color has-link-color wp-elements-05d1ab4ec7b116d35a88f5889981f89b\">\"Discurso masculino e feminino\" -&gt; Processado em Est\u00e9reo<\/h6>\n\n\n\n<figure class=\"wp-block-audio\"><audio controls src=\"https:\/\/reverbdata.ipl.pt\/wp-content\/uploads\/2025\/04\/Male_and_Female_speech_Stereo_40s-6.wav\"><\/audio><figcaption class=\"wp-element-caption\">Sistema de Aquisi\u00e7\u00e3o na posi\u00e7\u00e3o 7; T<sub>30,wide<\/sub> = 1.36 s<\/figcaption><\/figure>\n\n\n\n<h6 class=\"wp-block-heading has-custom-color-1-color has-text-color has-link-color wp-elements-cefd33f3fd0d3ace7f548d7653c7219d\">\"Discurso masculino e feminino\" -&gt; Processado em Binaural (usar headphones)<\/h6>\n\n\n\n<figure class=\"wp-block-audio\"><audio controls src=\"https:\/\/reverbdata.ipl.pt\/wp-content\/uploads\/2025\/04\/Male_and_Female_speech_Binaural_40s-5.wav\"><\/audio><figcaption class=\"wp-element-caption\">Sistema de Aquisi\u00e7\u00e3o na posi\u00e7\u00e3o 7; T<sub>30,wide<\/sub> = 1.36 s<\/figcaption><\/figure>\n\n\n\n<h6 class=\"wp-block-heading has-custom-color-1-color has-text-color has-link-color wp-elements-8b021da4f6891343264ec4075f892193\">\u201cGuitar_Capriccio_Arabe_Tarrega\u201d -&gt; Original<\/h6>\n\n\n\n<figure class=\"wp-block-audio\"><audio controls src=\"https:\/\/reverbdata.ipl.pt\/wp-content\/uploads\/2025\/05\/Guitar_Capriccio_Arabe_Tarrega_40s.wav\"><\/audio><\/figure>\n\n\n\n<h6 class=\"wp-block-heading has-custom-color-1-color has-text-color has-link-color wp-elements-da811de222d07d25a08b3306dca9165a\">\u201cGuitar_Capriccio_Arabe_Tarrega\u201d -&gt; Processado em Est\u00e9reo<\/h6>\n\n\n\n<figure class=\"wp-block-audio\"><audio controls src=\"https:\/\/reverbdata.ipl.pt\/wp-content\/uploads\/2025\/04\/Guitar_Capriccio_Arabe_Tarrega_Stereo_40s-5.wav\"><\/audio><figcaption class=\"wp-element-caption\">Sistema de Aquisi\u00e7\u00e3o na posi\u00e7\u00e3o 7; T<sub>30,wide<\/sub> = 1.36 s<\/figcaption><\/figure>\n\n\n\n<h6 class=\"wp-block-heading has-custom-color-1-color has-text-color has-link-color wp-elements-3e4b1e9003c333e6a9be23ad9cfcf89e\">\u201cGuitar_Capriccio_Arabe_Tarrega\u201d -&gt; Processado em Binaural (usar headphones)<\/h6>\n\n\n\n<figure class=\"wp-block-audio\"><audio controls src=\"https:\/\/reverbdata.ipl.pt\/wp-content\/uploads\/2025\/04\/Guitar_Capriccio_Arabe_Tarrega_Binaural_40s-5.wav\"><\/audio><figcaption class=\"wp-element-caption\">Sistema de Aquisi\u00e7\u00e3o na posi\u00e7\u00e3o 7; T<sub>30,wide<\/sub> = 1.36 s<\/figcaption><\/figure>\n\n\n\n<h6 class=\"wp-block-heading has-custom-color-1-color has-text-color has-link-color wp-elements-5e3ef03a3904366221432726cf86b293\">\u201cKyrie_Missa_Notre_Dame_Guillame_de_Machaut\u201d -&gt; Original<\/h6>\n\n\n\n<figure class=\"wp-block-audio\"><audio controls src=\"https:\/\/reverbdata.ipl.pt\/wp-content\/uploads\/2025\/05\/Kyrie_Missa_Notre_Dame_Guillame_de_Machaut_40s.wav\"><\/audio><\/figure>\n\n\n\n<h6 class=\"wp-block-heading has-custom-color-1-color has-text-color has-link-color wp-elements-c8ec8eb0b94e1c4a27ce45cb43d2255f\">\u201cKyrie_Missa_Notre_Dame_Guillame_de_Machaut\u201d -&gt; Processado em Est\u00e9reo<\/h6>\n\n\n\n<figure class=\"wp-block-audio\"><audio controls src=\"https:\/\/reverbdata.ipl.pt\/wp-content\/uploads\/2025\/04\/Kyrie_Missa_Notre_Dame_Guillaume_de_Machaut_Stereo_40s-3.wav\"><\/audio><figcaption class=\"wp-element-caption\">Sistema de Aquisi\u00e7\u00e3o na posi\u00e7\u00e3o 7; T<sub>30,wide<\/sub> = 1.36 s<\/figcaption><\/figure>\n\n\n\n<h6 class=\"wp-block-heading has-custom-color-1-color has-text-color has-link-color wp-elements-ee7412d73cf813a98ed7e6f4bd41f78f\">\u201cKyrie_Missa_Notre_Dame_Guillame_de_Machaut\u201d -&gt; Processado em Binaural (usar headphones)<\/h6>\n\n\n\n<figure class=\"wp-block-audio\"><audio controls src=\"https:\/\/reverbdata.ipl.pt\/wp-content\/uploads\/2025\/04\/Kyrie_Missa_Notre_Dame_Guillaume_de_Machaut_Binaural_40s-3.wav\"><\/audio><figcaption class=\"wp-element-caption\">Sistema de Aquisi\u00e7\u00e3o na posi\u00e7\u00e3o 7; T<sub>30,wide<\/sub> = 1.36 s<\/figcaption><\/figure>\n<\/div>\n\n\n\n<div class=\"wp-block-group has-global-padding is-layout-constrained wp-block-group-is-layout-constrained\">\n<div style=\"height:40px\" aria-hidden=\"true\" class=\"wp-block-spacer\"><\/div>\n\n\n\n<div class=\"wp-block-group has-custom-color-1-background-color has-background has-global-padding is-layout-constrained wp-container-core-group-is-layout-e8732830 wp-block-group-is-layout-constrained\" style=\"min-height:0px;margin-top:0;margin-bottom:0;padding-right:5rem;padding-left:5rem\">\n<h3 class=\"wp-block-heading has-text-align-center has-base-color has-text-color has-link-color wp-elements-bdebf145cae9fa4460087a537381715d\" style=\"padding-top:0;padding-right:0;padding-bottom:0;padding-left:0\">Ficheiros de Resposta ao Impulso do Espa\u00e7o<\/h3>\n\n\n\n<div class=\"wp-block-buttons alignwide is-horizontal is-content-justification-center is-layout-flex wp-container-core-buttons-is-layout-967d4589 wp-block-buttons-is-layout-flex\" style=\"margin-top:var(--wp--preset--spacing--40);margin-bottom:0\">\n<div class=\"wp-block-button is-style-fill\"><a class=\"wp-block-button__link has-section-bg-color has-heading-background-color has-text-color has-background has-link-color has-text-align-center wp-element-button\" href=\"https:\/\/iplx-my.sharepoint.com\/:f:\/g\/personal\/reverbdata_esml_ipl_pt\/Ei98-yZ0eEtNuMVVDBvB_soBS30VN22gMWkeNhbVZLv4CA?e=GYBwSk\" style=\"border-style:none;border-width:0px\"><strong>Download<\/strong><\/a><\/div>\n<\/div>\n<\/div>\n\n\n\n<div class=\"wp-block-buttons is-content-justification-left is-layout-flex wp-container-core-buttons-is-layout-fc4fd283 wp-block-buttons-is-layout-flex\">\n<div class=\"wp-block-button is-style-outline is-style-outline--1\"><a class=\"wp-block-button__link has-custom-color-1-color has-white-background-color has-text-color has-background has-link-color wp-element-button\" href=\"https:\/\/reverbdata.ipl.pt\/pt\/#lisbon-school-of-music\">Voltar \u00e0 Escola Superior de M\u00fasica de Lisboa<\/a><\/div>\n<\/div>\n\n\n\n<div class=\"wp-block-buttons is-content-justification-right is-layout-flex wp-container-core-buttons-is-layout-d445cf74 wp-block-buttons-is-layout-flex\">\n<div class=\"wp-block-button is-style-fill\"><a class=\"wp-block-button__link has-heading-color has-white-background-color has-text-color has-background has-link-color wp-element-button\" href=\"https:\/\/reverbdata.ipl.pt\/pt\/\">Voltar \u00e0 Pagina Inicial<\/a><\/div>\n<\/div>\n<\/div>","protected":false},"excerpt":{"rendered":"<p>The Organ Room at ESML has a parallelepiped shape but with some walls and ceiling slightly slanted. Its floor measures ca. 15.3 m x 6.0 m and the height, being large, is ca. 8.8 m. The room has thus a volume of ca. 807.8 m3. The space has a wooden floor on joists, gypsum plastered [&hellip;]<\/p>\n","protected":false},"author":4,"featured_media":567,"parent":514,"menu_order":0,"comment_status":"closed","ping_status":"closed","template":"","meta":{"footnotes":""},"class_list":["post-577","page","type-page","status-publish","has-post-thumbnail","hentry"],"featured_image_src":"https:\/\/reverbdata.ipl.pt\/wp-content\/uploads\/2024\/08\/20221206_162014-scaled.jpg","_links":{"self":[{"href":"https:\/\/reverbdata.ipl.pt\/pt\/wp-json\/wp\/v2\/pages\/577","targetHints":{"allow":["GET"]}}],"collection":[{"href":"https:\/\/reverbdata.ipl.pt\/pt\/wp-json\/wp\/v2\/pages"}],"about":[{"href":"https:\/\/reverbdata.ipl.pt\/pt\/wp-json\/wp\/v2\/types\/page"}],"author":[{"embeddable":true,"href":"https:\/\/reverbdata.ipl.pt\/pt\/wp-json\/wp\/v2\/users\/4"}],"replies":[{"embeddable":true,"href":"https:\/\/reverbdata.ipl.pt\/pt\/wp-json\/wp\/v2\/comments?post=577"}],"version-history":[{"count":19,"href":"https:\/\/reverbdata.ipl.pt\/pt\/wp-json\/wp\/v2\/pages\/577\/revisions"}],"predecessor-version":[{"id":2202,"href":"https:\/\/reverbdata.ipl.pt\/pt\/wp-json\/wp\/v2\/pages\/577\/revisions\/2202"}],"up":[{"embeddable":true,"href":"https:\/\/reverbdata.ipl.pt\/pt\/wp-json\/wp\/v2\/pages\/514"}],"wp:featuredmedia":[{"embeddable":true,"href":"https:\/\/reverbdata.ipl.pt\/pt\/wp-json\/wp\/v2\/media\/567"}],"wp:attachment":[{"href":"https:\/\/reverbdata.ipl.pt\/pt\/wp-json\/wp\/v2\/media?parent=577"}],"curies":[{"name":"wp","href":"https:\/\/api.w.org\/{rel}","templated":true}]}}